{"id":383,"date":"2024-01-24T05:16:12","date_gmt":"2024-01-24T05:16:12","guid":{"rendered":"https:\/\/ygx.nah.mybluehost.me\/?page_id=383"},"modified":"2024-03-14T00:43:19","modified_gmt":"2024-03-14T00:43:19","slug":"all-of-casa-viva","status":"publish","type":"page","link":"https:\/\/casavivatroncones.com\/es\/rooms\/all-of-casa-viva\/","title":{"rendered":"Toda Casa Viva"},"content":{"rendered":"<div data-elementor-type=\"wp-post\" data-elementor-id=\"383\" class=\"elementor elementor-383\">\n\t\t\t\t<div class=\"elementor-element elementor-element-3c1eb08 e-con-full e-flex wpr-particle-no wpr-jarallax-no wpr-parallax-no wpr-sticky-section-no e-con e-parent\" data-id=\"3c1eb08\" data-element_type=\"container\">\n\t\t<div class=\"elementor-element elementor-element-efcb260 e-con-full e-flex wpr-particle-no wpr-jarallax-no wpr-parallax-no wpr-sticky-section-no e-con e-child\" data-id=\"efcb260\" data-element_type=\"container\">\n\t\t\t\t<div class=\"elementor-element elementor-element-2d3519f elementor-widget elementor-widget-premium-addon-banner\" data-id=\"2d3519f\" data-element_type=\"widget\" data-widget_type=\"premium-addon-banner.default\">\n\t\t\t\t<div class=\"elementor-widget-container\">\n\t\t\t\t\t<div class=\"premium-banner-ib premium-banner-min-height premium-banner-animation2 none premium-banner__effect-type1\">\r\n\t\t\t\t\t\t\t\t\t\t<img fetchpriority=\"high\" decoding=\"async\" width=\"1200\" height=\"351\" src=\"https:\/\/casavivatroncones.com\/wp-content\/uploads\/2024\/01\/Group-350-2.png\" class=\"attachment-full size-full wp-image-584\" alt=\"\" srcset=\"https:\/\/casavivatroncones.com\/wp-content\/uploads\/2024\/01\/Group-350-2.png 1200w, https:\/\/casavivatroncones.com\/wp-content\/uploads\/2024\/01\/Group-350-2-300x88.png 300w, https:\/\/casavivatroncones.com\/wp-content\/uploads\/2024\/01\/Group-350-2-1024x300.png 1024w, https:\/\/casavivatroncones.com\/wp-content\/uploads\/2024\/01\/Group-350-2-768x225.png 768w\" sizes=\"(max-width: 1200px) 100vw, 1200px\" \/>\t\t\t\t\t\t\t\t\t<div class=\"premium-banner-ib-desc\">\r\n\t\t\t\t\r\n\t\t\t\t\t\t\t\t\t<h3 class=\"premium-banner-ib-title premium_banner_title\">\r\n\t\t\t\t\t\tCasitas \/ Rooms\t\t\t\t\t<\/h3>\r\n\t\t\t\t\r\n\t\t\t\t\r\n\t\t\t\t\r\n\t\t\t\t\t\t\t<\/div>\r\n\t\t\t\t\t<\/div>\r\n\r\n\t\t\t\t<\/div>\n\t\t\t\t<\/div>\n\t\t\t\t<div class=\"elementor-element elementor-element-20cbcb4 elementor-widget elementor-widget-spacer\" data-id=\"20cbcb4\" data-element_type=\"widget\" data-widget_type=\"spacer.default\">\n\t\t\t\t<div class=\"elementor-widget-container\">\n\t\t\t\t\t<div class=\"elementor-spacer\">\n\t\t\t<div class=\"elementor-spacer-inner\"><\/div>\n\t\t<\/div>\n\t\t\t\t<\/div>\n\t\t\t\t<\/div>\n\t\t\t\t<\/div>\n\t\t\t\t<\/div>\n\t\t<div class=\"elementor-element elementor-element-308603a e-flex e-con-boxed wpr-particle-no wpr-jarallax-no wpr-parallax-no wpr-sticky-section-no e-con e-parent\" data-id=\"308603a\" data-element_type=\"container\">\n\t\t\t\t\t<div class=\"e-con-inner\">\n\t\t<div class=\"elementor-element elementor-element-cddee4e e-con-full e-flex wpr-particle-no wpr-jarallax-no wpr-parallax-no wpr-sticky-section-no e-con e-child\" data-id=\"cddee4e\" data-element_type=\"container\">\n\t\t\t\t<div class=\"elementor-element elementor-element-25ed02c elementor-widget elementor-widget-heading\" data-id=\"25ed02c\" data-element_type=\"widget\" data-widget_type=\"heading.default\">\n\t\t\t\t<div class=\"elementor-widget-container\">\n\t\t\t<h2 class=\"elementor-heading-title elementor-size-default\">Toda Casa Viva<\/h2>\t\t<\/div>\n\t\t\t\t<\/div>\n\t\t\t\t<div class=\"elementor-element elementor-element-59768fe elementor-widget elementor-widget-text-editor\" data-id=\"59768fe\" data-element_type=\"widget\" data-widget_type=\"text-editor.default\">\n\t\t\t\t<div class=\"elementor-widget-container\">\n\t\t\t\t\t\t\t<p style=\"text-align: JUSTIFY;\" class=\"translation-block\"><span style=\"color: #7C8038;font-weight: negrita\">Para lo \u00faltimo en privacidad<\/span>\n<br>\nRenta de Villa Privada en Troncones, M\u00e9xico: cuando viajas con toda la familia o un grupo de amigos, lo mejor es reservar Toda Casa Viva. Todo Casa Viva incluye dos Suites Deluxe (Casita Redonda y Casita Cuadrada), el Estudio (Casita Caracol) y el Porche para Dormir (Tapanco).\n<br><br>\nDurante la temporada navide\u00f1a\/a\u00f1o nuevo, Casa Viva debe reservarse en su totalidad. Fuera de temporada navide\u00f1a, puede reservar una o m\u00e1s Casitas en Casa Viva. Para ver qu\u00e9 habitaciones est\u00e1n disponibles, haz clic en el Calendario de disponibilidad y selecciona tus fechas. El calendario mostrar\u00e1 qu\u00e9 fechas est\u00e1n disponibles con una marca de verificaci\u00f3n verde. Las fechas reservadas est\u00e1n en rojo. Nuestro inventario est\u00e1 activo en el sistema de reservas; una vez que lo reserve, no estar\u00e1 disponible para nadie m\u00e1s. NO hacemos overbooking. Para obtener m\u00e1s informaci\u00f3n sobre las tarifas y lo que se incluye, consulte la p\u00e1gina de tarifas.\n<br><br>\nLa tarifa para reservar Todo Casa Viva est\u00e1 basada en reservarlo para 10 adultos. Si tienes m\u00e1s de 10 adultos, se aplican cargos adicionales. Ver tarifas\u00a0para m\u00e1s detalles.\n<br><br>\nLa mejor parte de reservar toda Casa Viva es la privacidad. El alquiler de villa privada de toda Casa Viva Troncones es la mejor manera de experimentar y explorar Troncones. Nuestro cocinero tambi\u00e9n est\u00e1 disponible para preparar el desayuno, el almuerzo y la cena. Mira\u00a0Men\u00fas Casa Viva\u00a0para obtener m\u00e1s detalles sobre las comidas.<\/div>\n\t\t\t\t<\/div>\n\t\t\t\t<\/div>\n\t\t<div class=\"elementor-element elementor-element-4400a99 e-con-full e-flex wpr-particle-no wpr-jarallax-no wpr-parallax-no wpr-sticky-section-no e-con e-child\" data-id=\"4400a99\" data-element_type=\"container\">\n\t\t\t\t<div class=\"elementor-element elementor-element-5bd9110 elementor-pagination-position-outside elementor-widget elementor-widget-image-carousel\" data-id=\"5bd9110\" data-element_type=\"widget\" data-settings=\"{&quot;slides_to_show&quot;:&quot;1&quot;,&quot;navigation&quot;:&quot;dots&quot;,&quot;effect&quot;:&quot;fade&quot;,&quot;autoplay&quot;:&quot;yes&quot;,&quot;pause_on_hover&quot;:&quot;yes&quot;,&quot;pause_on_interaction&quot;:&quot;yes&quot;,&quot;autoplay_speed&quot;:5000,&quot;infinite&quot;:&quot;yes&quot;,&quot;speed&quot;:500}\" data-widget_type=\"image-carousel.default\">\n\t\t\t\t<div class=\"elementor-widget-container\">\n\t\t\t\t\t<div class=\"elementor-image-carousel-wrapper swiper\" dir=\"ltr\">\n\t\t\t<div class=\"elementor-image-carousel swiper-wrapper\" aria-live=\"off\">\n\t\t\t\t\t\t\t\t<div class=\"swiper-slide\" role=\"group\" aria-roledescription=\"slide\" aria-label=\"1 de 12\"><figure class=\"swiper-slide-inner\"><img decoding=\"async\" class=\"swiper-slide-image\" src=\"https:\/\/casavivatroncones.com\/wp-content\/uploads\/2024\/01\/ar-1.png\" alt=\"ar-1\" \/><\/figure><\/div><div class=\"swiper-slide\" role=\"group\" aria-roledescription=\"slide\" aria-label=\"2 de 12\"><figure class=\"swiper-slide-inner\"><img decoding=\"async\" class=\"swiper-slide-image\" src=\"https:\/\/casavivatroncones.com\/wp-content\/uploads\/2024\/01\/ar-2.png\" alt=\"ar-2\" \/><\/figure><\/div><div class=\"swiper-slide\" role=\"group\" aria-roledescription=\"slide\" aria-label=\"3 de 12\"><figure class=\"swiper-slide-inner\"><img decoding=\"async\" class=\"swiper-slide-image\" src=\"https:\/\/casavivatroncones.com\/wp-content\/uploads\/2024\/01\/ar-3.png\" alt=\"ar-3\" \/><\/figure><\/div><div class=\"swiper-slide\" role=\"group\" aria-roledescription=\"slide\" aria-label=\"4 de 12\"><figure class=\"swiper-slide-inner\"><img decoding=\"async\" class=\"swiper-slide-image\" src=\"https:\/\/casavivatroncones.com\/wp-content\/uploads\/2024\/01\/ar-4.png\" alt=\"ar-4\" \/><\/figure><\/div><div class=\"swiper-slide\" role=\"group\" aria-roledescription=\"slide\" aria-label=\"5 de 12\"><figure class=\"swiper-slide-inner\"><img decoding=\"async\" class=\"swiper-slide-image\" src=\"https:\/\/casavivatroncones.com\/wp-content\/uploads\/2024\/01\/ar-5.png\" alt=\"ar-5\" \/><\/figure><\/div><div class=\"swiper-slide\" role=\"group\" aria-roledescription=\"slide\" aria-label=\"6 de 12\"><figure class=\"swiper-slide-inner\"><img decoding=\"async\" class=\"swiper-slide-image\" src=\"https:\/\/casavivatroncones.com\/wp-content\/uploads\/2024\/01\/ar-6.png\" alt=\"ar-6\" \/><\/figure><\/div><div class=\"swiper-slide\" role=\"group\" aria-roledescription=\"slide\" aria-label=\"7 de 12\"><figure class=\"swiper-slide-inner\"><img decoding=\"async\" class=\"swiper-slide-image\" src=\"https:\/\/casavivatroncones.com\/wp-content\/uploads\/2024\/01\/ar-7.png\" alt=\"ar-7\" \/><\/figure><\/div><div class=\"swiper-slide\" role=\"group\" aria-roledescription=\"slide\" aria-label=\"8 de 12\"><figure class=\"swiper-slide-inner\"><img decoding=\"async\" class=\"swiper-slide-image\" src=\"https:\/\/casavivatroncones.com\/wp-content\/uploads\/2024\/01\/ar-8.png\" alt=\"ar-8\" \/><\/figure><\/div><div class=\"swiper-slide\" role=\"group\" aria-roledescription=\"slide\" aria-label=\"9 de 12\"><figure class=\"swiper-slide-inner\"><img decoding=\"async\" class=\"swiper-slide-image\" src=\"https:\/\/casavivatroncones.com\/wp-content\/uploads\/2024\/01\/ar-9.png\" alt=\"ar-9\" \/><\/figure><\/div><div class=\"swiper-slide\" role=\"group\" aria-roledescription=\"slide\" aria-label=\"10 de 12\"><figure class=\"swiper-slide-inner\"><img decoding=\"async\" class=\"swiper-slide-image\" src=\"https:\/\/casavivatroncones.com\/wp-content\/uploads\/2024\/01\/ar-10.png\" alt=\"ar-10\" \/><\/figure><\/div><div class=\"swiper-slide\" role=\"group\" aria-roledescription=\"slide\" aria-label=\"11 de 12\"><figure class=\"swiper-slide-inner\"><img decoding=\"async\" class=\"swiper-slide-image\" src=\"https:\/\/casavivatroncones.com\/wp-content\/uploads\/2024\/01\/ar-11.png\" alt=\"ar-11\" \/><\/figure><\/div><div class=\"swiper-slide\" role=\"group\" aria-roledescription=\"slide\" aria-label=\"12 de 12\"><figure class=\"swiper-slide-inner\"><img decoding=\"async\" class=\"swiper-slide-image\" src=\"https:\/\/casavivatroncones.com\/wp-content\/uploads\/2024\/01\/ar-12.png\" alt=\"ar-12\" \/><\/figure><\/div>\t\t\t<\/div>\n\t\t\t\t\t\t\t\n\t\t\t\t\t\t\t\t\t<div class=\"swiper-pagination\"><\/div>\n\t\t\t\t\t\t\t\t\t<\/div>\n\t\t\t\t<\/div>\n\t\t\t\t<\/div>\n\t\t\t\t<div class=\"elementor-element elementor-element-0fd748c elementor-widget elementor-widget-text-editor\" data-id=\"0fd748c\" data-element_type=\"widget\" data-widget_type=\"text-editor.default\">\n\t\t\t\t<div class=\"elementor-widget-container\">\n\t\t\t\t\t\t\t<p style=\"text-align: JUSTIFY;\" class=\"translation-block\"><span style=\"color: #7C8038;font-weight: negrita\">Tarifas<\/span>\n<br>\nbasado en Ocupaci\u00f3n Doble en cada habitaci\u00f3n (cargos adicionales por m\u00e1s adultos o ni\u00f1os en cada habitaci\u00f3n)\n<br>\n<br>\n<span style=\"color: #7C8038;font-weight: negrita\">Temporada baja: $511 + impuestos\n<br>\n<br>\nTemporada Alta: $644 +impuestos\n<br>\n<br>\nVACACIONES:(Debe reservar todo Casa Viva) $1,204 +impuestos\n<\/span><\/div>\n\t\t\t\t<\/div>\n\t\t\t\t<div class=\"elementor-element elementor-element-5c8ed68 elementor-align-center elementor-widget elementor-widget-button\" data-id=\"5c8ed68\" data-element_type=\"widget\" data-widget_type=\"button.default\">\n\t\t\t\t<div class=\"elementor-widget-container\">\n\t\t\t\t\t\t\t<div class=\"elementor-button-wrapper\">\n\t\t\t\t\t<a class=\"elementor-button elementor-button-link elementor-size-xs\" href=\"https:\/\/secure.webrez.com\/Bookings105\/activity-edit.html?hotel_id=830&#038;table=hotels&#038;listing_id=830&#038;mode=command&#038;command=bookingrequestform_v2&#038;location_id=125&#038;_ga=2.5170224.266449448.1705970276-233216332.1705970276&#038;_gl=1*pdqei8*_ga*MjMzMjE2MzMyLjE3MDU5NzAyNzY.*_ga_959TL0BXYS*MTcwNjA3NjI3Ni41LjAuMTcwNjA3NjI3Ni42MC4wLjc1NjIyNTcy\" target=\"_blank\">\n\t\t\t\t\t\t<span class=\"elementor-button-content-wrapper\">\n\t\t\t\t\t\t\t\t\t<span class=\"elementor-button-text\">RESERVA<\/span>\n\t\t\t\t\t<\/span>\n\t\t\t\t\t<\/a>\n\t\t\t\t<\/div>\n\t\t\t\t\t\t<\/div>\n\t\t\t\t<\/div>\n\t\t\t\t<div class=\"elementor-element elementor-element-0457cd6 elementor-align-center elementor-widget elementor-widget-button\" data-id=\"0457cd6\" data-element_type=\"widget\" data-widget_type=\"button.default\">\n\t\t\t\t<div class=\"elementor-widget-container\">\n\t\t\t\t\t\t\t<div class=\"elementor-button-wrapper\">\n\t\t\t\t\t<a class=\"elementor-button elementor-button-link elementor-size-xs\" href=\"https:\/\/secure.webrez.com\/\/Bookings105\/activity-edit.html?table=hotels&#038;listing_id=830&#038;mode=command&#038;command=website_availabilitycalendar&#038;hotel_id=830&#038;location_id=125\" target=\"_blank\">\n\t\t\t\t\t\t<span class=\"elementor-button-content-wrapper\">\n\t\t\t\t\t\t\t\t\t<span class=\"elementor-button-text\">CONSULTAR DISPONIBILIDAD DE HABITACIONES<\/span>\n\t\t\t\t\t<\/span>\n\t\t\t\t\t<\/a>\n\t\t\t\t<\/div>\n\t\t\t\t\t\t<\/div>\n\t\t\t\t<\/div>\n\t\t\t\t<\/div>\n\t\t\t\t\t<\/div>\n\t\t\t\t<\/div>\n\t\t<div class=\"elementor-element elementor-element-ba6502c e-flex e-con-boxed wpr-particle-no wpr-jarallax-no wpr-parallax-no wpr-sticky-section-no e-con e-parent\" data-id=\"ba6502c\" data-element_type=\"container\">\n\t\t\t\t\t<div class=\"e-con-inner\">\n\t\t\t\t<div class=\"elementor-element elementor-element-4d830c8 elementor-widget elementor-widget-heading\" data-id=\"4d830c8\" data-element_type=\"widget\" data-widget_type=\"heading.default\">\n\t\t\t\t<div class=\"elementor-widget-container\">\n\t\t\t<h2 class=\"elementor-heading-title elementor-size-default\">Otras opciones a explorar<\/h2>\t\t<\/div>\n\t\t\t\t<\/div>\n\t\t\t\t\t<\/div>\n\t\t\t\t<\/div>\n\t\t<div class=\"elementor-element elementor-element-aed7bdd e-flex e-con-boxed wpr-particle-no wpr-jarallax-no wpr-parallax-no wpr-sticky-section-no e-con e-parent\" data-id=\"aed7bdd\" data-element_type=\"container\">\n\t\t\t\t\t<div class=\"e-con-inner\">\n\t\t<div class=\"elementor-element elementor-element-1048499 e-con-full e-flex wpr-particle-no wpr-jarallax-no wpr-parallax-no wpr-sticky-section-no e-con e-child\" data-id=\"1048499\" data-element_type=\"container\">\n\t\t\t\t<div class=\"elementor-element elementor-element-e328e0a elementor-widget elementor-widget-image\" data-id=\"e328e0a\" data-element_type=\"widget\" data-widget_type=\"image.default\">\n\t\t\t\t<div class=\"elementor-widget-container\">\n\t\t\t\t\t\t\t\t\t\t\t\t\t\t<a href=\"\/es\/rooms\/casita-redonda\/\">\n\t\t\t\t\t\t\t<img decoding=\"async\" width=\"244\" height=\"244\" src=\"https:\/\/casavivatroncones.com\/wp-content\/uploads\/2024\/01\/Photo-Dec-20-08-23-25-2.png\" class=\"attachment-large size-large wp-image-195\" alt=\"\" srcset=\"https:\/\/casavivatroncones.com\/wp-content\/uploads\/2024\/01\/Photo-Dec-20-08-23-25-2.png 244w, https:\/\/casavivatroncones.com\/wp-content\/uploads\/2024\/01\/Photo-Dec-20-08-23-25-2-150x150.png 150w\" sizes=\"(max-width: 244px) 100vw, 244px\" \/>\t\t\t\t\t\t\t\t<\/a>\n\t\t\t\t\t\t\t\t\t\t\t\t\t<\/div>\n\t\t\t\t<\/div>\n\t\t\t\t<div class=\"elementor-element elementor-element-aa5ffab elementor-widget elementor-widget-heading\" data-id=\"aa5ffab\" data-element_type=\"widget\" data-widget_type=\"heading.default\">\n\t\t\t\t<div class=\"elementor-widget-container\">\n\t\t\t<h2 class=\"elementor-heading-title elementor-size-default\"><a href=\"\/es\/rooms\/casita-redonda\/\">Casita Redonda<\/a><\/h2>\t\t<\/div>\n\t\t\t\t<\/div>\n\t\t\t\t<\/div>\n\t\t<div class=\"elementor-element elementor-element-160dd6b e-con-full e-flex wpr-particle-no wpr-jarallax-no wpr-parallax-no wpr-sticky-section-no e-con e-child\" data-id=\"160dd6b\" data-element_type=\"container\">\n\t\t\t\t<div class=\"elementor-element elementor-element-dc8842c elementor-widget elementor-widget-image\" data-id=\"dc8842c\" data-element_type=\"widget\" data-widget_type=\"image.default\">\n\t\t\t\t<div class=\"elementor-widget-container\">\n\t\t\t\t\t\t\t\t\t\t\t\t\t\t<a href=\"\/es\/rooms\/casita-cuadrada\/\">\n\t\t\t\t\t\t\t<img decoding=\"async\" width=\"244\" height=\"244\" src=\"https:\/\/casavivatroncones.com\/wp-content\/uploads\/2024\/01\/Photo-Dec-19-16-44-05-1.png\" class=\"attachment-large size-large wp-image-196\" alt=\"\" srcset=\"https:\/\/casavivatroncones.com\/wp-content\/uploads\/2024\/01\/Photo-Dec-19-16-44-05-1.png 244w, https:\/\/casavivatroncones.com\/wp-content\/uploads\/2024\/01\/Photo-Dec-19-16-44-05-1-150x150.png 150w\" sizes=\"(max-width: 244px) 100vw, 244px\" \/>\t\t\t\t\t\t\t\t<\/a>\n\t\t\t\t\t\t\t\t\t\t\t\t\t<\/div>\n\t\t\t\t<\/div>\n\t\t\t\t<div class=\"elementor-element elementor-element-5d75632 elementor-widget elementor-widget-heading\" data-id=\"5d75632\" data-element_type=\"widget\" data-widget_type=\"heading.default\">\n\t\t\t\t<div class=\"elementor-widget-container\">\n\t\t\t<h2 class=\"elementor-heading-title elementor-size-default\"><a href=\"\/es\/rooms\/casita-cuadrada\/\">Casita Cuadrada<\/a><\/h2>\t\t<\/div>\n\t\t\t\t<\/div>\n\t\t\t\t<\/div>\n\t\t<div class=\"elementor-element elementor-element-a5b32e4 e-con-full e-flex wpr-particle-no wpr-jarallax-no wpr-parallax-no wpr-sticky-section-no e-con e-child\" data-id=\"a5b32e4\" data-element_type=\"container\">\n\t\t\t\t<div class=\"elementor-element elementor-element-9ed8c2c elementor-widget elementor-widget-image\" data-id=\"9ed8c2c\" data-element_type=\"widget\" data-widget_type=\"image.default\">\n\t\t\t\t<div class=\"elementor-widget-container\">\n\t\t\t\t\t\t\t\t\t\t\t\t\t\t<a href=\"\/es\/rooms\/casita-caracol\/\">\n\t\t\t\t\t\t\t<img loading=\"lazy\" decoding=\"async\" width=\"244\" height=\"244\" src=\"https:\/\/casavivatroncones.com\/wp-content\/uploads\/2024\/01\/Photo-Dec-20-09-22-17-1.png\" class=\"attachment-large size-large wp-image-200\" alt=\"\" srcset=\"https:\/\/casavivatroncones.com\/wp-content\/uploads\/2024\/01\/Photo-Dec-20-09-22-17-1.png 244w, https:\/\/casavivatroncones.com\/wp-content\/uploads\/2024\/01\/Photo-Dec-20-09-22-17-1-150x150.png 150w\" sizes=\"(max-width: 244px) 100vw, 244px\" \/>\t\t\t\t\t\t\t\t<\/a>\n\t\t\t\t\t\t\t\t\t\t\t\t\t<\/div>\n\t\t\t\t<\/div>\n\t\t\t\t<div class=\"elementor-element elementor-element-162f905 elementor-widget elementor-widget-heading\" data-id=\"162f905\" data-element_type=\"widget\" data-widget_type=\"heading.default\">\n\t\t\t\t<div class=\"elementor-widget-container\">\n\t\t\t<h2 class=\"elementor-heading-title elementor-size-default\"><a href=\"\/es\/rooms\/casita-caracol\/\">Casita Caracol<\/a><\/h2>\t\t<\/div>\n\t\t\t\t<\/div>\n\t\t\t\t<\/div>\n\t\t<div class=\"elementor-element elementor-element-b91a4c6 e-con-full e-flex wpr-particle-no wpr-jarallax-no wpr-parallax-no wpr-sticky-section-no e-con e-child\" data-id=\"b91a4c6\" data-element_type=\"container\">\n\t\t\t\t<div class=\"elementor-element elementor-element-f640dab elementor-widget elementor-widget-image\" data-id=\"f640dab\" data-element_type=\"widget\" data-widget_type=\"image.default\">\n\t\t\t\t<div class=\"elementor-widget-container\">\n\t\t\t\t\t\t\t\t\t\t\t\t\t\t<a href=\"\/es\/rooms\/tapanco\/\">\n\t\t\t\t\t\t\t<img loading=\"lazy\" decoding=\"async\" width=\"244\" height=\"244\" src=\"https:\/\/casavivatroncones.com\/wp-content\/uploads\/2024\/03\/Photo-Dec-20-09-35-53-1.png\" class=\"attachment-large size-large wp-image-1331\" alt=\"\" srcset=\"https:\/\/casavivatroncones.com\/wp-content\/uploads\/2024\/03\/Photo-Dec-20-09-35-53-1.png 244w, https:\/\/casavivatroncones.com\/wp-content\/uploads\/2024\/03\/Photo-Dec-20-09-35-53-1-150x150.png 150w\" sizes=\"(max-width: 244px) 100vw, 244px\" \/>\t\t\t\t\t\t\t\t<\/a>\n\t\t\t\t\t\t\t\t\t\t\t\t\t<\/div>\n\t\t\t\t<\/div>\n\t\t\t\t<div class=\"elementor-element elementor-element-a1b231d elementor-widget elementor-widget-heading\" data-id=\"a1b231d\" data-element_type=\"widget\" data-widget_type=\"heading.default\">\n\t\t\t\t<div class=\"elementor-widget-container\">\n\t\t\t<h2 class=\"elementor-heading-title elementor-size-default\"><a href=\"\/es\/rooms\/tapanco\/\">Tapanco<\/a><\/h2>\t\t<\/div>\n\t\t\t\t<\/div>\n\t\t\t\t<\/div>\n\t\t\t\t\t<\/div>\n\t\t\t\t<\/div>\n\t\t\t\t<\/div>","protected":false},"excerpt":{"rendered":"<p>Casitas \/ Rooms All of Casa Viva For the Ultimate in Privacy Private Villa Rental in Troncones, Mexico: when traveling with the entire family or a group of friends, it is best to reserve All\u00a0of Casa Viva.\u2028All of Casa Viva includes two Deluxe Suites (the Casita Redonda and Casita Cuadrada), the Studio (Casita Caracol) and the Sleeping Porch (Tapanco). During the Christmas \/ New Year&#8217;s Holiday Season, Casa Viva must be booked in its entirety. During non-Holiday Season, you can reserve one or more Casitas at Casa Viva. To the see what rooms are available, click on the\u00a0Availability Calendar\u00a0and select your dates. The calendar will show you what dates are available with a green check mark. Booked dates are in red. Our inventory is live on the reservation system, once you book it, it will then not be available for anyone else. We do NOT overbook.\u00a0For more information about\u00a0rates\u00a0and what&#8217;s included, see\u00a0rates page. The rate for booking All of Casa Viva is based on reserving it for 10 adults. If you have\u00a0more than 10 adults additional charges apply.\u00a0See rates\u00a0for more details. The best part of booking all of Casa Viva is the privacy. Private Villa Rental of All of Casa Viva Troncones is the ultimate way to experience and explore Troncones.\u00a0Our cook is also available to make breakfast, lunch and dinner. Look at\u00a0Casa Viva Menus\u00a0for more details on meals. Rates based on Double Occupancy in each room (additional fees for more adults or children in each room) Low Season: $511 +tax High Season: $644 +tax HOLIDAY:(Must book all of Casa Viva) $1,204 +tax BOOK NOW CHECK ROOM AVAILABILITY Other Options to Explore Casita Redonda Casita Cuadrada Casita Caracol Tapanco<\/p>","protected":false},"author":1,"featured_media":0,"parent":9,"menu_order":0,"comment_status":"closed","ping_status":"closed","template":"elementor_header_footer","meta":{"footnotes":"","_joinchat":[]},"_links":{"self":[{"href":"https:\/\/casavivatroncones.com\/es\/wp-json\/wp\/v2\/pages\/383"}],"collection":[{"href":"https:\/\/casavivatroncones.com\/es\/wp-json\/wp\/v2\/pages"}],"about":[{"href":"https:\/\/casavivatroncones.com\/es\/wp-json\/wp\/v2\/types\/page"}],"author":[{"embeddable":true,"href":"https:\/\/casavivatroncones.com\/es\/wp-json\/wp\/v2\/users\/1"}],"replies":[{"embeddable":true,"href":"https:\/\/casavivatroncones.com\/es\/wp-json\/wp\/v2\/comments?post=383"}],"version-history":[{"count":40,"href":"https:\/\/casavivatroncones.com\/es\/wp-json\/wp\/v2\/pages\/383\/revisions"}],"predecessor-version":[{"id":1337,"href":"https:\/\/casavivatroncones.com\/es\/wp-json\/wp\/v2\/pages\/383\/revisions\/1337"}],"up":[{"embeddable":true,"href":"https:\/\/casavivatroncones.com\/es\/wp-json\/wp\/v2\/pages\/9"}],"wp:attachment":[{"href":"https:\/\/casavivatroncones.com\/es\/wp-json\/wp\/v2\/media?parent=383"}],"curies":[{"name":"wp","href":"https:\/\/api.w.org\/{rel}","templated":true}]}}