{"id":401,"date":"2024-01-24T05:42:53","date_gmt":"2024-01-24T05:42:53","guid":{"rendered":"https:\/\/ygx.nah.mybluehost.me\/?page_id=401"},"modified":"2024-03-14T00:43:57","modified_gmt":"2024-03-14T00:43:57","slug":"casita-redonda","status":"publish","type":"page","link":"https:\/\/casavivatroncones.com\/es\/rooms\/casita-redonda\/","title":{"rendered":"Casita Redonda"},"content":{"rendered":"<div data-elementor-type=\"wp-post\" data-elementor-id=\"401\" class=\"elementor elementor-401\">\n\t\t\t\t<div class=\"elementor-element elementor-element-3c1eb08 e-con-full e-flex wpr-particle-no wpr-jarallax-no wpr-parallax-no wpr-sticky-section-no e-con e-parent\" data-id=\"3c1eb08\" data-element_type=\"container\">\n\t\t<div class=\"elementor-element elementor-element-efcb260 e-con-full e-flex wpr-particle-no wpr-jarallax-no wpr-parallax-no wpr-sticky-section-no e-con e-child\" data-id=\"efcb260\" data-element_type=\"container\">\n\t\t\t\t<div class=\"elementor-element elementor-element-2d3519f elementor-widget elementor-widget-premium-addon-banner\" data-id=\"2d3519f\" data-element_type=\"widget\" data-widget_type=\"premium-addon-banner.default\">\n\t\t\t\t<div class=\"elementor-widget-container\">\n\t\t\t\t\t<div class=\"premium-banner-ib premium-banner-min-height premium-banner-animation2 none premium-banner__effect-type1\">\r\n\t\t\t\t\t\t\t\t\t\t<img fetchpriority=\"high\" decoding=\"async\" width=\"1200\" height=\"351\" src=\"https:\/\/casavivatroncones.com\/wp-content\/uploads\/2024\/01\/Group-350-3.png\" class=\"attachment-full size-full wp-image-588\" alt=\"\" srcset=\"https:\/\/casavivatroncones.com\/wp-content\/uploads\/2024\/01\/Group-350-3.png 1200w, https:\/\/casavivatroncones.com\/wp-content\/uploads\/2024\/01\/Group-350-3-300x88.png 300w, https:\/\/casavivatroncones.com\/wp-content\/uploads\/2024\/01\/Group-350-3-1024x300.png 1024w, https:\/\/casavivatroncones.com\/wp-content\/uploads\/2024\/01\/Group-350-3-768x225.png 768w\" sizes=\"(max-width: 1200px) 100vw, 1200px\" \/>\t\t\t\t\t\t\t\t\t<div class=\"premium-banner-ib-desc\">\r\n\t\t\t\t\r\n\t\t\t\t\t\t\t\t\t<h3 class=\"premium-banner-ib-title premium_banner_title\">\r\n\t\t\t\t\t\tCasitas \/ Rooms\t\t\t\t\t<\/h3>\r\n\t\t\t\t\r\n\t\t\t\t\r\n\t\t\t\t\r\n\t\t\t\t\t\t\t<\/div>\r\n\t\t\t\t\t<\/div>\r\n\r\n\t\t\t\t<\/div>\n\t\t\t\t<\/div>\n\t\t\t\t<div class=\"elementor-element elementor-element-e149944 elementor-widget elementor-widget-spacer\" data-id=\"e149944\" data-element_type=\"widget\" data-widget_type=\"spacer.default\">\n\t\t\t\t<div class=\"elementor-widget-container\">\n\t\t\t\t\t<div class=\"elementor-spacer\">\n\t\t\t<div class=\"elementor-spacer-inner\"><\/div>\n\t\t<\/div>\n\t\t\t\t<\/div>\n\t\t\t\t<\/div>\n\t\t\t\t<\/div>\n\t\t\t\t<\/div>\n\t\t<div class=\"elementor-element elementor-element-308603a e-flex e-con-boxed wpr-particle-no wpr-jarallax-no wpr-parallax-no wpr-sticky-section-no e-con e-parent\" data-id=\"308603a\" data-element_type=\"container\">\n\t\t\t\t\t<div class=\"e-con-inner\">\n\t\t<div class=\"elementor-element elementor-element-cddee4e e-con-full e-flex wpr-particle-no wpr-jarallax-no wpr-parallax-no wpr-sticky-section-no e-con e-child\" data-id=\"cddee4e\" data-element_type=\"container\">\n\t\t\t\t<div class=\"elementor-element elementor-element-25ed02c elementor-widget elementor-widget-heading\" data-id=\"25ed02c\" data-element_type=\"widget\" data-widget_type=\"heading.default\">\n\t\t\t\t<div class=\"elementor-widget-container\">\n\t\t\t<h2 class=\"elementor-heading-title elementor-size-default\">Casita Redonda<\/h2>\t\t<\/div>\n\t\t\t\t<\/div>\n\t\t\t\t<div class=\"elementor-element elementor-element-59768fe elementor-widget elementor-widget-text-editor\" data-id=\"59768fe\" data-element_type=\"widget\" data-widget_type=\"text-editor.default\">\n\t\t\t\t<div class=\"elementor-widget-container\">\n\t\t\t\t\t\t\t<p class=\"translation-block\">Cuando te despiertes en la cama con plataforma tama\u00f1o king, escuchar\u00e1s y ver\u00e1s el oc\u00e9ano. No hay ventanas, pero s\u00ed mucha privacidad: baje la pantalla, col\u00f3quese en el mosquitero, encienda el ventilador y disfrute de una noche de sue\u00f1o fresco y maravilloso. Esta casita contiene un espacioso porche con una \u201calfombra\u201d de ex\u00f3tica madera de Brasil recuperada, un acogedor sof\u00e1 y un sof\u00e1 de dos plazas. La arboleda en las afueras mantiene esta casita naturalmente fresca durante todo el d\u00eda.<br><br>Adem\u00e1s, contiene un moderno ba\u00f1o y ducha con vista a la playa y una habitaci\u00f3n lateral con dos camas adicionales y espacio de trabajo.<\/p>\t\t\t\t\t\t<\/div>\n\t\t\t\t<\/div>\n\t\t\t\t<\/div>\n\t\t<div class=\"elementor-element elementor-element-4400a99 e-con-full e-flex wpr-particle-no wpr-jarallax-no wpr-parallax-no wpr-sticky-section-no e-con e-child\" data-id=\"4400a99\" data-element_type=\"container\">\n\t\t\t\t<div class=\"elementor-element elementor-element-5bd9110 elementor-pagination-position-outside elementor-widget elementor-widget-image-carousel\" data-id=\"5bd9110\" data-element_type=\"widget\" data-settings=\"{&quot;slides_to_show&quot;:&quot;1&quot;,&quot;navigation&quot;:&quot;dots&quot;,&quot;effect&quot;:&quot;fade&quot;,&quot;autoplay&quot;:&quot;yes&quot;,&quot;pause_on_hover&quot;:&quot;yes&quot;,&quot;pause_on_interaction&quot;:&quot;yes&quot;,&quot;autoplay_speed&quot;:5000,&quot;infinite&quot;:&quot;yes&quot;,&quot;speed&quot;:500}\" data-widget_type=\"image-carousel.default\">\n\t\t\t\t<div class=\"elementor-widget-container\">\n\t\t\t\t\t<div class=\"elementor-image-carousel-wrapper swiper\" dir=\"ltr\">\n\t\t\t<div class=\"elementor-image-carousel swiper-wrapper\" aria-live=\"off\">\n\t\t\t\t\t\t\t\t<div class=\"swiper-slide\" role=\"group\" aria-roledescription=\"slide\" aria-label=\"1 de 8\"><figure class=\"swiper-slide-inner\"><img decoding=\"async\" class=\"swiper-slide-image\" src=\"https:\/\/casavivatroncones.com\/wp-content\/uploads\/2024\/01\/Photo-Dec-20-08-23-25-2-1.png\" alt=\"Photo Dec 20, 08 23 25 2\" \/><\/figure><\/div><div class=\"swiper-slide\" role=\"group\" aria-roledescription=\"slide\" aria-label=\"2 de 8\"><figure class=\"swiper-slide-inner\"><img decoding=\"async\" class=\"swiper-slide-image\" src=\"https:\/\/casavivatroncones.com\/wp-content\/uploads\/2024\/01\/cr-1.png\" alt=\"cr-1\" \/><\/figure><\/div><div class=\"swiper-slide\" role=\"group\" aria-roledescription=\"slide\" aria-label=\"3 de 8\"><figure class=\"swiper-slide-inner\"><img decoding=\"async\" class=\"swiper-slide-image\" src=\"https:\/\/casavivatroncones.com\/wp-content\/uploads\/2024\/01\/cr-7.png\" alt=\"cr-7\" \/><\/figure><\/div><div class=\"swiper-slide\" role=\"group\" aria-roledescription=\"slide\" aria-label=\"4 de 8\"><figure class=\"swiper-slide-inner\"><img decoding=\"async\" class=\"swiper-slide-image\" src=\"https:\/\/casavivatroncones.com\/wp-content\/uploads\/2024\/01\/cr-2.png\" alt=\"cr-2\" \/><\/figure><\/div><div class=\"swiper-slide\" role=\"group\" aria-roledescription=\"slide\" aria-label=\"5 de 8\"><figure class=\"swiper-slide-inner\"><img decoding=\"async\" class=\"swiper-slide-image\" src=\"https:\/\/casavivatroncones.com\/wp-content\/uploads\/2024\/01\/cr-3.png\" alt=\"cr-3\" \/><\/figure><\/div><div class=\"swiper-slide\" role=\"group\" aria-roledescription=\"slide\" aria-label=\"6 de 8\"><figure class=\"swiper-slide-inner\"><img decoding=\"async\" class=\"swiper-slide-image\" src=\"https:\/\/casavivatroncones.com\/wp-content\/uploads\/2024\/01\/cr-4.png\" alt=\"cr-4\" \/><\/figure><\/div><div class=\"swiper-slide\" role=\"group\" aria-roledescription=\"slide\" aria-label=\"7 de 8\"><figure class=\"swiper-slide-inner\"><img decoding=\"async\" class=\"swiper-slide-image\" src=\"https:\/\/casavivatroncones.com\/wp-content\/uploads\/2024\/01\/cr-6.png\" alt=\"cr-6\" \/><\/figure><\/div><div class=\"swiper-slide\" role=\"group\" aria-roledescription=\"slide\" aria-label=\"8 de 8\"><figure class=\"swiper-slide-inner\"><img decoding=\"async\" class=\"swiper-slide-image\" src=\"https:\/\/casavivatroncones.com\/wp-content\/uploads\/2024\/01\/cr-5.png\" alt=\"cr-5\" \/><\/figure><\/div>\t\t\t<\/div>\n\t\t\t\t\t\t\t\n\t\t\t\t\t\t\t\t\t<div class=\"swiper-pagination\"><\/div>\n\t\t\t\t\t\t\t\t\t<\/div>\n\t\t\t\t<\/div>\n\t\t\t\t<\/div>\n\t\t\t\t<div class=\"elementor-element elementor-element-0fd748c elementor-widget elementor-widget-text-editor\" data-id=\"0fd748c\" data-element_type=\"widget\" data-widget_type=\"text-editor.default\">\n\t\t\t\t<div class=\"elementor-widget-container\">\n\t\t\t\t\t\t\t<p style=\"text-align: JUSTIFY;\"><span style=\"color: #7C8038; font-weight: bold;\">Tarifas<\/span>\n<br>\nBasado en ocupaci\u00f3n doble en cada habitaci\u00f3n (tarifas adicionales para m\u00e1s adultos o ni\u00f1os en cada habitaci\u00f3n)\n<br>\n<br>\n<span style=\"color: #7C8038; font-weight: bold;\">Temporada baja: $171 USD + impuestos\n<br>\n<br>\nTemporada alta: $214 USD + impuestos\n<br>\n<br>\nFERIADOS: $435 + impuestos\n<\/span>\t\t\t\t\t\t<\/div>\n\t\t\t\t<\/div>\n\t\t\t\t<div class=\"elementor-element elementor-element-99a5ab9 elementor-align-center elementor-widget elementor-widget-button\" data-id=\"99a5ab9\" data-element_type=\"widget\" data-widget_type=\"button.default\">\n\t\t\t\t<div class=\"elementor-widget-container\">\n\t\t\t\t\t\t\t<div class=\"elementor-button-wrapper\">\n\t\t\t\t\t<a class=\"elementor-button elementor-button-link elementor-size-xs\" href=\"https:\/\/secure.webrez.com\/Bookings105\/activity-edit.html?hotel_id=830&#038;table=hotels&#038;listing_id=830&#038;mode=command&#038;command=bookingrequestform_v2&#038;location_id=125&#038;_ga=2.5170224.266449448.1705970276-233216332.1705970276&#038;_gl=1*pdqei8*_ga*MjMzMjE2MzMyLjE3MDU5NzAyNzY.*_ga_959TL0BXYS*MTcwNjA3NjI3Ni41LjAuMTcwNjA3NjI3Ni42MC4wLjc1NjIyNTcy\" target=\"_blank\">\n\t\t\t\t\t\t<span class=\"elementor-button-content-wrapper\">\n\t\t\t\t\t\t\t\t\t<span class=\"elementor-button-text\">RESERVA<\/span>\n\t\t\t\t\t<\/span>\n\t\t\t\t\t<\/a>\n\t\t\t\t<\/div>\n\t\t\t\t\t\t<\/div>\n\t\t\t\t<\/div>\n\t\t\t\t<div class=\"elementor-element elementor-element-0c36f54 elementor-align-center elementor-widget elementor-widget-button\" data-id=\"0c36f54\" data-element_type=\"widget\" data-widget_type=\"button.default\">\n\t\t\t\t<div class=\"elementor-widget-container\">\n\t\t\t\t\t\t\t<div class=\"elementor-button-wrapper\">\n\t\t\t\t\t<a class=\"elementor-button elementor-button-link elementor-size-xs\" href=\"https:\/\/secure.webrez.com\/\/Bookings105\/activity-edit.html?table=hotels&#038;listing_id=830&#038;mode=command&#038;command=website_availabilitycalendar&#038;hotel_id=830&#038;location_id=125\" target=\"_blank\">\n\t\t\t\t\t\t<span class=\"elementor-button-content-wrapper\">\n\t\t\t\t\t\t\t\t\t<span class=\"elementor-button-text\">CONSULTAR DISPONIBILIDAD DE HABITACIONES<\/span>\n\t\t\t\t\t<\/span>\n\t\t\t\t\t<\/a>\n\t\t\t\t<\/div>\n\t\t\t\t\t\t<\/div>\n\t\t\t\t<\/div>\n\t\t\t\t<\/div>\n\t\t\t\t\t<\/div>\n\t\t\t\t<\/div>\n\t\t<div class=\"elementor-element elementor-element-ba6502c e-flex e-con-boxed wpr-particle-no wpr-jarallax-no wpr-parallax-no wpr-sticky-section-no e-con e-parent\" data-id=\"ba6502c\" data-element_type=\"container\">\n\t\t\t\t\t<div class=\"e-con-inner\">\n\t\t\t\t<div class=\"elementor-element elementor-element-4d830c8 elementor-widget elementor-widget-heading\" data-id=\"4d830c8\" data-element_type=\"widget\" data-widget_type=\"heading.default\">\n\t\t\t\t<div class=\"elementor-widget-container\">\n\t\t\t<h2 class=\"elementor-heading-title elementor-size-default\">Otras opciones a explorar<\/h2>\t\t<\/div>\n\t\t\t\t<\/div>\n\t\t\t\t\t<\/div>\n\t\t\t\t<\/div>\n\t\t<div class=\"elementor-element elementor-element-50c43ed e-flex e-con-boxed wpr-particle-no wpr-jarallax-no wpr-parallax-no wpr-sticky-section-no e-con e-parent\" data-id=\"50c43ed\" data-element_type=\"container\">\n\t\t\t\t\t<div class=\"e-con-inner\">\n\t\t<div class=\"elementor-element elementor-element-3882049 e-con-full e-flex wpr-particle-no wpr-jarallax-no wpr-parallax-no wpr-sticky-section-no e-con e-child\" data-id=\"3882049\" data-element_type=\"container\">\n\t\t\t\t<div class=\"elementor-element elementor-element-385f74a elementor-widget elementor-widget-image\" data-id=\"385f74a\" data-element_type=\"widget\" data-widget_type=\"image.default\">\n\t\t\t\t<div class=\"elementor-widget-container\">\n\t\t\t\t\t\t\t\t\t\t\t\t\t\t<a href=\"\/es\/rooms\/all-of-casa-viva\/\">\n\t\t\t\t\t\t\t<img decoding=\"async\" width=\"244\" height=\"237\" src=\"https:\/\/casavivatroncones.com\/wp-content\/uploads\/2024\/01\/Casa-Viva-Common-Area-Kellie-1-1.png\" class=\"attachment-large size-large wp-image-604\" alt=\"\" \/>\t\t\t\t\t\t\t\t<\/a>\n\t\t\t\t\t\t\t\t\t\t\t\t\t<\/div>\n\t\t\t\t<\/div>\n\t\t\t\t<div class=\"elementor-element elementor-element-09f8521 elementor-widget elementor-widget-heading\" data-id=\"09f8521\" data-element_type=\"widget\" data-widget_type=\"heading.default\">\n\t\t\t\t<div class=\"elementor-widget-container\">\n\t\t\t<h2 class=\"elementor-heading-title elementor-size-default\"><a href=\"\/es\/rooms\/all-of-casa-viva\/\">Todo el resort<\/a><\/h2>\t\t<\/div>\n\t\t\t\t<\/div>\n\t\t\t\t<\/div>\n\t\t<div class=\"elementor-element elementor-element-04d636b e-con-full e-flex wpr-particle-no wpr-jarallax-no wpr-parallax-no wpr-sticky-section-no e-con e-child\" data-id=\"04d636b\" data-element_type=\"container\">\n\t\t\t\t<div class=\"elementor-element elementor-element-ccf3b05 elementor-widget elementor-widget-image\" data-id=\"ccf3b05\" data-element_type=\"widget\" data-widget_type=\"image.default\">\n\t\t\t\t<div class=\"elementor-widget-container\">\n\t\t\t\t\t\t\t\t\t\t\t\t\t\t<a href=\"\/es\/rooms\/casita-cuadrada\/\">\n\t\t\t\t\t\t\t<img decoding=\"async\" width=\"244\" height=\"244\" src=\"https:\/\/casavivatroncones.com\/wp-content\/uploads\/2024\/01\/Photo-Dec-19-16-44-05-1.png\" class=\"attachment-large size-large wp-image-196\" alt=\"\" srcset=\"https:\/\/casavivatroncones.com\/wp-content\/uploads\/2024\/01\/Photo-Dec-19-16-44-05-1.png 244w, https:\/\/casavivatroncones.com\/wp-content\/uploads\/2024\/01\/Photo-Dec-19-16-44-05-1-150x150.png 150w\" sizes=\"(max-width: 244px) 100vw, 244px\" \/>\t\t\t\t\t\t\t\t<\/a>\n\t\t\t\t\t\t\t\t\t\t\t\t\t<\/div>\n\t\t\t\t<\/div>\n\t\t\t\t<div class=\"elementor-element elementor-element-0f3c278 elementor-widget elementor-widget-heading\" data-id=\"0f3c278\" data-element_type=\"widget\" data-widget_type=\"heading.default\">\n\t\t\t\t<div class=\"elementor-widget-container\">\n\t\t\t<h2 class=\"elementor-heading-title elementor-size-default\"><a href=\"\/es\/rooms\/casita-cuadrada\/\">Casita Cuadrada<\/a><\/h2>\t\t<\/div>\n\t\t\t\t<\/div>\n\t\t\t\t<\/div>\n\t\t<div class=\"elementor-element elementor-element-40d09f0 e-con-full e-flex wpr-particle-no wpr-jarallax-no wpr-parallax-no wpr-sticky-section-no e-con e-child\" data-id=\"40d09f0\" data-element_type=\"container\">\n\t\t\t\t<div class=\"elementor-element elementor-element-fd67fb6 elementor-widget elementor-widget-image\" data-id=\"fd67fb6\" data-element_type=\"widget\" data-widget_type=\"image.default\">\n\t\t\t\t<div class=\"elementor-widget-container\">\n\t\t\t\t\t\t\t\t\t\t\t\t\t\t<a href=\"\/es\/rooms\/casita-caracol\/\">\n\t\t\t\t\t\t\t<img loading=\"lazy\" decoding=\"async\" width=\"244\" height=\"244\" src=\"https:\/\/casavivatroncones.com\/wp-content\/uploads\/2024\/01\/Photo-Dec-20-09-22-17-1.png\" class=\"attachment-large size-large wp-image-200\" alt=\"\" srcset=\"https:\/\/casavivatroncones.com\/wp-content\/uploads\/2024\/01\/Photo-Dec-20-09-22-17-1.png 244w, https:\/\/casavivatroncones.com\/wp-content\/uploads\/2024\/01\/Photo-Dec-20-09-22-17-1-150x150.png 150w\" sizes=\"(max-width: 244px) 100vw, 244px\" \/>\t\t\t\t\t\t\t\t<\/a>\n\t\t\t\t\t\t\t\t\t\t\t\t\t<\/div>\n\t\t\t\t<\/div>\n\t\t\t\t<div class=\"elementor-element elementor-element-2a5ba92 elementor-widget elementor-widget-heading\" data-id=\"2a5ba92\" data-element_type=\"widget\" data-widget_type=\"heading.default\">\n\t\t\t\t<div class=\"elementor-widget-container\">\n\t\t\t<h2 class=\"elementor-heading-title elementor-size-default\"><a href=\"\/es\/rooms\/casita-caracol\/\">Casita Caracol<\/a><\/h2>\t\t<\/div>\n\t\t\t\t<\/div>\n\t\t\t\t<\/div>\n\t\t<div class=\"elementor-element elementor-element-b3f4ccc e-con-full e-flex wpr-particle-no wpr-jarallax-no wpr-parallax-no wpr-sticky-section-no e-con e-child\" data-id=\"b3f4ccc\" data-element_type=\"container\">\n\t\t\t\t<div class=\"elementor-element elementor-element-2078517 elementor-widget elementor-widget-image\" data-id=\"2078517\" data-element_type=\"widget\" data-widget_type=\"image.default\">\n\t\t\t\t<div class=\"elementor-widget-container\">\n\t\t\t\t\t\t\t\t\t\t\t\t\t\t<a href=\"\/es\/rooms\/tapanco\/\">\n\t\t\t\t\t\t\t<img loading=\"lazy\" decoding=\"async\" width=\"244\" height=\"244\" src=\"https:\/\/casavivatroncones.com\/wp-content\/uploads\/2024\/03\/Photo-Dec-20-09-35-53-1.png\" class=\"attachment-large size-large wp-image-1331\" alt=\"\" srcset=\"https:\/\/casavivatroncones.com\/wp-content\/uploads\/2024\/03\/Photo-Dec-20-09-35-53-1.png 244w, https:\/\/casavivatroncones.com\/wp-content\/uploads\/2024\/03\/Photo-Dec-20-09-35-53-1-150x150.png 150w\" sizes=\"(max-width: 244px) 100vw, 244px\" \/>\t\t\t\t\t\t\t\t<\/a>\n\t\t\t\t\t\t\t\t\t\t\t\t\t<\/div>\n\t\t\t\t<\/div>\n\t\t\t\t<div class=\"elementor-element elementor-element-8b58ce3 elementor-widget elementor-widget-heading\" data-id=\"8b58ce3\" data-element_type=\"widget\" data-widget_type=\"heading.default\">\n\t\t\t\t<div class=\"elementor-widget-container\">\n\t\t\t<h2 class=\"elementor-heading-title elementor-size-default\"><a href=\"\/es\/rooms\/tapanco\/\">Tapanco<\/a><\/h2>\t\t<\/div>\n\t\t\t\t<\/div>\n\t\t\t\t<\/div>\n\t\t\t\t\t<\/div>\n\t\t\t\t<\/div>\n\t\t\t\t<\/div>","protected":false},"excerpt":{"rendered":"<p>Casitas \/ Rooms Casita Redonda When you wake up on the king-size platform bed, you will hear and see the ocean. There are no windows, but plenty of privacy \u2014 roll down the screen, slip into the mosquito netting, turn on the fan and enjoy a wonderful, cool night\u2019s sleep. This casita contains a spacious porch with a \u201ccarpet\u201d of reclaimed, exotic brazilwood, an inviting couch and love seat. The grove of trees just outside keeps this casita naturally cool all day. Also, it contains a modern bathroom and shower overlooking the beach and a side room with two extra beds and workspace. Rates based on Double Occupancy in each room (additional fees for more adults or children in each room) Low Season: $171 +tax High Season: $214 +tax HOLIDAY: $435 +tax BOOK NOW CHECK ROOM AVAILABILITY Other Options to Explore All Resort Casita Cuadrada Casita Caracol Tapanco<\/p>","protected":false},"author":1,"featured_media":0,"parent":9,"menu_order":0,"comment_status":"closed","ping_status":"closed","template":"elementor_header_footer","meta":{"footnotes":"","_joinchat":[]},"_links":{"self":[{"href":"https:\/\/casavivatroncones.com\/es\/wp-json\/wp\/v2\/pages\/401"}],"collection":[{"href":"https:\/\/casavivatroncones.com\/es\/wp-json\/wp\/v2\/pages"}],"about":[{"href":"https:\/\/casavivatroncones.com\/es\/wp-json\/wp\/v2\/types\/page"}],"author":[{"embeddable":true,"href":"https:\/\/casavivatroncones.com\/es\/wp-json\/wp\/v2\/users\/1"}],"replies":[{"embeddable":true,"href":"https:\/\/casavivatroncones.com\/es\/wp-json\/wp\/v2\/comments?post=401"}],"version-history":[{"count":46,"href":"https:\/\/casavivatroncones.com\/es\/wp-json\/wp\/v2\/pages\/401\/revisions"}],"predecessor-version":[{"id":1346,"href":"https:\/\/casavivatroncones.com\/es\/wp-json\/wp\/v2\/pages\/401\/revisions\/1346"}],"up":[{"embeddable":true,"href":"https:\/\/casavivatroncones.com\/es\/wp-json\/wp\/v2\/pages\/9"}],"wp:attachment":[{"href":"https:\/\/casavivatroncones.com\/es\/wp-json\/wp\/v2\/media?parent=401"}],"curies":[{"name":"wp","href":"https:\/\/api.w.org\/{rel}","templated":true}]}}