{"id":410,"date":"2024-01-24T05:46:51","date_gmt":"2024-01-24T05:46:51","guid":{"rendered":"https:\/\/ygx.nah.mybluehost.me\/?page_id=410"},"modified":"2024-03-14T00:43:41","modified_gmt":"2024-03-14T00:43:41","slug":"casita-cuadrada","status":"publish","type":"page","link":"https:\/\/casavivatroncones.com\/es\/rooms\/casita-cuadrada\/","title":{"rendered":"Casita Cuadrada"},"content":{"rendered":"<div data-elementor-type=\"wp-post\" data-elementor-id=\"410\" class=\"elementor elementor-410\">\n\t\t\t\t<div class=\"elementor-element elementor-element-3c1eb08 e-con-full e-flex wpr-particle-no wpr-jarallax-no wpr-parallax-no wpr-sticky-section-no e-con e-parent\" data-id=\"3c1eb08\" data-element_type=\"container\">\n\t\t<div class=\"elementor-element elementor-element-efcb260 e-con-full e-flex wpr-particle-no wpr-jarallax-no wpr-parallax-no wpr-sticky-section-no e-con e-child\" data-id=\"efcb260\" data-element_type=\"container\">\n\t\t\t\t<div class=\"elementor-element elementor-element-2d3519f elementor-widget elementor-widget-premium-addon-banner\" data-id=\"2d3519f\" data-element_type=\"widget\" data-widget_type=\"premium-addon-banner.default\">\n\t\t\t\t<div class=\"elementor-widget-container\">\n\t\t\t\t\t<div class=\"premium-banner-ib premium-banner-min-height premium-banner-animation2 none premium-banner__effect-type1\">\r\n\t\t\t\t\t\t\t\t\t\t<img fetchpriority=\"high\" decoding=\"async\" width=\"1200\" height=\"351\" src=\"https:\/\/casavivatroncones.com\/wp-content\/uploads\/2024\/01\/Group-350-4.png\" class=\"attachment-full size-full wp-image-592\" alt=\"\" srcset=\"https:\/\/casavivatroncones.com\/wp-content\/uploads\/2024\/01\/Group-350-4.png 1200w, https:\/\/casavivatroncones.com\/wp-content\/uploads\/2024\/01\/Group-350-4-300x88.png 300w, https:\/\/casavivatroncones.com\/wp-content\/uploads\/2024\/01\/Group-350-4-1024x300.png 1024w, https:\/\/casavivatroncones.com\/wp-content\/uploads\/2024\/01\/Group-350-4-768x225.png 768w\" sizes=\"(max-width: 1200px) 100vw, 1200px\" \/>\t\t\t\t\t\t\t\t\t<div class=\"premium-banner-ib-desc\">\r\n\t\t\t\t\r\n\t\t\t\t\t\t\t\t\t<h3 class=\"premium-banner-ib-title premium_banner_title\">\r\n\t\t\t\t\t\tCasitas \/ Rooms\t\t\t\t\t<\/h3>\r\n\t\t\t\t\r\n\t\t\t\t\r\n\t\t\t\t\r\n\t\t\t\t\t\t\t<\/div>\r\n\t\t\t\t\t<\/div>\r\n\r\n\t\t\t\t<\/div>\n\t\t\t\t<\/div>\n\t\t\t\t<div class=\"elementor-element elementor-element-a6178fa elementor-widget elementor-widget-spacer\" data-id=\"a6178fa\" data-element_type=\"widget\" data-widget_type=\"spacer.default\">\n\t\t\t\t<div class=\"elementor-widget-container\">\n\t\t\t\t\t<div class=\"elementor-spacer\">\n\t\t\t<div class=\"elementor-spacer-inner\"><\/div>\n\t\t<\/div>\n\t\t\t\t<\/div>\n\t\t\t\t<\/div>\n\t\t\t\t<\/div>\n\t\t\t\t<\/div>\n\t\t<div class=\"elementor-element elementor-element-308603a e-flex e-con-boxed wpr-particle-no wpr-jarallax-no wpr-parallax-no wpr-sticky-section-no e-con e-parent\" data-id=\"308603a\" data-element_type=\"container\">\n\t\t\t\t\t<div class=\"e-con-inner\">\n\t\t<div class=\"elementor-element elementor-element-cddee4e e-con-full e-flex wpr-particle-no wpr-jarallax-no wpr-parallax-no wpr-sticky-section-no e-con e-child\" data-id=\"cddee4e\" data-element_type=\"container\">\n\t\t\t\t<div class=\"elementor-element elementor-element-25ed02c elementor-widget elementor-widget-heading\" data-id=\"25ed02c\" data-element_type=\"widget\" data-widget_type=\"heading.default\">\n\t\t\t\t<div class=\"elementor-widget-container\">\n\t\t\t<h2 class=\"elementor-heading-title elementor-size-default\">Casita Cuadrada<\/h2>\t\t<\/div>\n\t\t\t\t<\/div>\n\t\t\t\t<div class=\"elementor-element elementor-element-59768fe elementor-widget elementor-widget-text-editor\" data-id=\"59768fe\" data-element_type=\"widget\" data-widget_type=\"text-editor.default\">\n\t\t\t\t<div class=\"elementor-widget-container\">\n\t\t\t\t\t\t\t<p class=\"translation-block\">Esta Casita es la m\u00e1s c\u00e9ntrica y algunos hu\u00e9spedes piensan que tiene la mejor vista de la playa. Tambi\u00e9n es lo suficientemente grande para una familia de 5 personas con una cama King y espacio para 3 camas individuales.<br><br>Esta habitaci\u00f3n tiene una vista despejada del oc\u00e9ano, pero cierra las contraventanas, col\u00f3cate en el mosquitero y enciende el ventilador y duerma c\u00f3modamente y fresco.<br><br>El moderno ba\u00f1o incluye su propia cabina de ducha, una casita dentro de una casita. Se puede utilizar un peque\u00f1o rinc\u00f3n para descansar, leer (trabajar si es necesario) o alojar a los ni\u00f1os. A algunas personas les gustan las esquinas cuadradas y esta casita tiene m\u00e1s de lo que le corresponde, incluido un gran porche para sentarse y leer o simplemente columpiarse.<\/p>\t\t\t\t\t\t<\/div>\n\t\t\t\t<\/div>\n\t\t\t\t<\/div>\n\t\t<div class=\"elementor-element elementor-element-4400a99 e-con-full e-flex wpr-particle-no wpr-jarallax-no wpr-parallax-no wpr-sticky-section-no e-con e-child\" data-id=\"4400a99\" data-element_type=\"container\">\n\t\t\t\t<div class=\"elementor-element elementor-element-5bd9110 elementor-pagination-position-outside elementor-widget elementor-widget-image-carousel\" data-id=\"5bd9110\" data-element_type=\"widget\" data-settings=\"{&quot;slides_to_show&quot;:&quot;1&quot;,&quot;navigation&quot;:&quot;dots&quot;,&quot;effect&quot;:&quot;fade&quot;,&quot;autoplay&quot;:&quot;yes&quot;,&quot;pause_on_hover&quot;:&quot;yes&quot;,&quot;pause_on_interaction&quot;:&quot;yes&quot;,&quot;autoplay_speed&quot;:5000,&quot;infinite&quot;:&quot;yes&quot;,&quot;speed&quot;:500}\" data-widget_type=\"image-carousel.default\">\n\t\t\t\t<div class=\"elementor-widget-container\">\n\t\t\t\t\t<div class=\"elementor-image-carousel-wrapper swiper\" dir=\"ltr\">\n\t\t\t<div class=\"elementor-image-carousel swiper-wrapper\" aria-live=\"off\">\n\t\t\t\t\t\t\t\t<div class=\"swiper-slide\" role=\"group\" aria-roledescription=\"slide\" aria-label=\"1 de 8\"><figure class=\"swiper-slide-inner\"><img decoding=\"async\" class=\"swiper-slide-image\" src=\"https:\/\/casavivatroncones.com\/wp-content\/uploads\/2024\/01\/cc-1.png\" alt=\"cc-1\" \/><\/figure><\/div><div class=\"swiper-slide\" role=\"group\" aria-roledescription=\"slide\" aria-label=\"2 de 8\"><figure class=\"swiper-slide-inner\"><img decoding=\"async\" class=\"swiper-slide-image\" src=\"https:\/\/casavivatroncones.com\/wp-content\/uploads\/2024\/01\/cc-2.png\" alt=\"cc-2\" \/><\/figure><\/div><div class=\"swiper-slide\" role=\"group\" aria-roledescription=\"slide\" aria-label=\"3 de 8\"><figure class=\"swiper-slide-inner\"><img decoding=\"async\" class=\"swiper-slide-image\" src=\"https:\/\/casavivatroncones.com\/wp-content\/uploads\/2024\/01\/cc-3.png\" alt=\"cc-3\" \/><\/figure><\/div><div class=\"swiper-slide\" role=\"group\" aria-roledescription=\"slide\" aria-label=\"4 de 8\"><figure class=\"swiper-slide-inner\"><img decoding=\"async\" class=\"swiper-slide-image\" src=\"https:\/\/casavivatroncones.com\/wp-content\/uploads\/2024\/01\/cc-4.png\" alt=\"cc-4\" \/><\/figure><\/div><div class=\"swiper-slide\" role=\"group\" aria-roledescription=\"slide\" aria-label=\"5 de 8\"><figure class=\"swiper-slide-inner\"><img decoding=\"async\" class=\"swiper-slide-image\" src=\"https:\/\/casavivatroncones.com\/wp-content\/uploads\/2024\/01\/cc-5.png\" alt=\"cc-5\" \/><\/figure><\/div><div class=\"swiper-slide\" role=\"group\" aria-roledescription=\"slide\" aria-label=\"6 de 8\"><figure class=\"swiper-slide-inner\"><img decoding=\"async\" class=\"swiper-slide-image\" src=\"https:\/\/casavivatroncones.com\/wp-content\/uploads\/2024\/01\/cc-6.png\" alt=\"cc-6\" \/><\/figure><\/div><div class=\"swiper-slide\" role=\"group\" aria-roledescription=\"slide\" aria-label=\"7 de 8\"><figure class=\"swiper-slide-inner\"><img decoding=\"async\" class=\"swiper-slide-image\" src=\"https:\/\/casavivatroncones.com\/wp-content\/uploads\/2024\/01\/cc-7.png\" alt=\"cc-7\" \/><\/figure><\/div><div class=\"swiper-slide\" role=\"group\" aria-roledescription=\"slide\" aria-label=\"8 de 8\"><figure class=\"swiper-slide-inner\"><img decoding=\"async\" class=\"swiper-slide-image\" src=\"https:\/\/casavivatroncones.com\/wp-content\/uploads\/2024\/01\/cc-8.png\" alt=\"cc-8\" \/><\/figure><\/div>\t\t\t<\/div>\n\t\t\t\t\t\t\t\n\t\t\t\t\t\t\t\t\t<div class=\"swiper-pagination\"><\/div>\n\t\t\t\t\t\t\t\t\t<\/div>\n\t\t\t\t<\/div>\n\t\t\t\t<\/div>\n\t\t\t\t<div class=\"elementor-element elementor-element-0fd748c elementor-widget elementor-widget-text-editor\" data-id=\"0fd748c\" data-element_type=\"widget\" data-widget_type=\"text-editor.default\">\n\t\t\t\t<div class=\"elementor-widget-container\">\n\t\t\t\t\t\t\t<p style=\"text-align: JUSTIFY;\"><span style=\"color: #7C8038; font-weight: bold;\">Tarifas<\/span>\n<br>\nBasado en ocupaci\u00f3n doble en cada habitaci\u00f3n (tarifas adicionales para m\u00e1s adultos o ni\u00f1os en cada habitaci\u00f3n)\n<br>\n<br>\n<span style=\"color: #7C8038; font-weight: bold;\">Temporada baja: $171 USD + impuestos\n<br>\n<br>\nTemporada alta: $214 USD + impuestos\n<br>\n<br>\nFERIADOS: $435 + impuestos\n<\/span>\t\t\t\t\t\t<\/div>\n\t\t\t\t<\/div>\n\t\t\t\t<div class=\"elementor-element elementor-element-8595a4c elementor-align-center elementor-widget elementor-widget-button\" data-id=\"8595a4c\" data-element_type=\"widget\" data-widget_type=\"button.default\">\n\t\t\t\t<div class=\"elementor-widget-container\">\n\t\t\t\t\t\t\t<div class=\"elementor-button-wrapper\">\n\t\t\t\t\t<a class=\"elementor-button elementor-button-link elementor-size-xs\" href=\"https:\/\/secure.webrez.com\/Bookings105\/activity-edit.html?hotel_id=830&#038;table=hotels&#038;listing_id=830&#038;mode=command&#038;command=bookingrequestform_v2&#038;location_id=125&#038;_ga=2.5170224.266449448.1705970276-233216332.1705970276&#038;_gl=1*pdqei8*_ga*MjMzMjE2MzMyLjE3MDU5NzAyNzY.*_ga_959TL0BXYS*MTcwNjA3NjI3Ni41LjAuMTcwNjA3NjI3Ni42MC4wLjc1NjIyNTcy\" target=\"_blank\">\n\t\t\t\t\t\t<span class=\"elementor-button-content-wrapper\">\n\t\t\t\t\t\t\t\t\t<span class=\"elementor-button-text\">RESERVA<\/span>\n\t\t\t\t\t<\/span>\n\t\t\t\t\t<\/a>\n\t\t\t\t<\/div>\n\t\t\t\t\t\t<\/div>\n\t\t\t\t<\/div>\n\t\t\t\t<div class=\"elementor-element elementor-element-a60a088 elementor-align-center elementor-widget elementor-widget-button\" data-id=\"a60a088\" data-element_type=\"widget\" data-widget_type=\"button.default\">\n\t\t\t\t<div class=\"elementor-widget-container\">\n\t\t\t\t\t\t\t<div class=\"elementor-button-wrapper\">\n\t\t\t\t\t<a class=\"elementor-button elementor-button-link elementor-size-xs\" href=\"https:\/\/secure.webrez.com\/\/Bookings105\/activity-edit.html?table=hotels&#038;listing_id=830&#038;mode=command&#038;command=website_availabilitycalendar&#038;hotel_id=830&#038;location_id=125\" target=\"_blank\">\n\t\t\t\t\t\t<span class=\"elementor-button-content-wrapper\">\n\t\t\t\t\t\t\t\t\t<span class=\"elementor-button-text\">CONSULTAR DISPONIBILIDAD DE HABITACIONES<\/span>\n\t\t\t\t\t<\/span>\n\t\t\t\t\t<\/a>\n\t\t\t\t<\/div>\n\t\t\t\t\t\t<\/div>\n\t\t\t\t<\/div>\n\t\t\t\t<\/div>\n\t\t\t\t\t<\/div>\n\t\t\t\t<\/div>\n\t\t<div class=\"elementor-element elementor-element-ba6502c e-flex e-con-boxed wpr-particle-no wpr-jarallax-no wpr-parallax-no wpr-sticky-section-no e-con e-parent\" data-id=\"ba6502c\" data-element_type=\"container\">\n\t\t\t\t\t<div class=\"e-con-inner\">\n\t\t\t\t<div class=\"elementor-element elementor-element-4d830c8 elementor-widget elementor-widget-heading\" data-id=\"4d830c8\" data-element_type=\"widget\" data-widget_type=\"heading.default\">\n\t\t\t\t<div class=\"elementor-widget-container\">\n\t\t\t<h2 class=\"elementor-heading-title elementor-size-default\">Otras opciones a explorar<\/h2>\t\t<\/div>\n\t\t\t\t<\/div>\n\t\t\t\t\t<\/div>\n\t\t\t\t<\/div>\n\t\t<div class=\"elementor-element elementor-element-f9baf35 e-flex e-con-boxed wpr-particle-no wpr-jarallax-no wpr-parallax-no wpr-sticky-section-no e-con e-parent\" data-id=\"f9baf35\" data-element_type=\"container\">\n\t\t\t\t\t<div class=\"e-con-inner\">\n\t\t<div class=\"elementor-element elementor-element-2944b80 e-con-full e-flex wpr-particle-no wpr-jarallax-no wpr-parallax-no wpr-sticky-section-no e-con e-child\" data-id=\"2944b80\" data-element_type=\"container\">\n\t\t\t\t<div class=\"elementor-element elementor-element-ae2016f elementor-widget elementor-widget-image\" data-id=\"ae2016f\" data-element_type=\"widget\" data-widget_type=\"image.default\">\n\t\t\t\t<div class=\"elementor-widget-container\">\n\t\t\t\t\t\t\t\t\t\t\t\t\t\t<a href=\"\/es\/rooms\/all-of-casa-viva\/\">\n\t\t\t\t\t\t\t<img decoding=\"async\" width=\"244\" height=\"237\" src=\"https:\/\/casavivatroncones.com\/wp-content\/uploads\/2024\/01\/Casa-Viva-Common-Area-Kellie-1-1.png\" class=\"attachment-large size-large wp-image-604\" alt=\"\" \/>\t\t\t\t\t\t\t\t<\/a>\n\t\t\t\t\t\t\t\t\t\t\t\t\t<\/div>\n\t\t\t\t<\/div>\n\t\t\t\t<div class=\"elementor-element elementor-element-fc0d50f elementor-widget elementor-widget-heading\" data-id=\"fc0d50f\" data-element_type=\"widget\" data-widget_type=\"heading.default\">\n\t\t\t\t<div class=\"elementor-widget-container\">\n\t\t\t<h2 class=\"elementor-heading-title elementor-size-default\"><a href=\"\/es\/rooms\/all-of-casa-viva\/\">Todo el resort<\/a><\/h2>\t\t<\/div>\n\t\t\t\t<\/div>\n\t\t\t\t<\/div>\n\t\t<div class=\"elementor-element elementor-element-b36fc5c e-con-full e-flex wpr-particle-no wpr-jarallax-no wpr-parallax-no wpr-sticky-section-no e-con e-child\" data-id=\"b36fc5c\" data-element_type=\"container\">\n\t\t\t\t<div class=\"elementor-element elementor-element-c05ff71 elementor-widget elementor-widget-image\" data-id=\"c05ff71\" data-element_type=\"widget\" data-widget_type=\"image.default\">\n\t\t\t\t<div class=\"elementor-widget-container\">\n\t\t\t\t\t\t\t\t\t\t\t\t\t\t<a href=\"\/es\/rooms\/casita-redonda\/\">\n\t\t\t\t\t\t\t<img decoding=\"async\" width=\"244\" height=\"244\" src=\"https:\/\/casavivatroncones.com\/wp-content\/uploads\/2024\/01\/Photo-Dec-20-08-23-25-2.png\" class=\"attachment-large size-large wp-image-195\" alt=\"\" srcset=\"https:\/\/casavivatroncones.com\/wp-content\/uploads\/2024\/01\/Photo-Dec-20-08-23-25-2.png 244w, https:\/\/casavivatroncones.com\/wp-content\/uploads\/2024\/01\/Photo-Dec-20-08-23-25-2-150x150.png 150w\" sizes=\"(max-width: 244px) 100vw, 244px\" \/>\t\t\t\t\t\t\t\t<\/a>\n\t\t\t\t\t\t\t\t\t\t\t\t\t<\/div>\n\t\t\t\t<\/div>\n\t\t\t\t<div class=\"elementor-element elementor-element-8eea07f elementor-widget elementor-widget-heading\" data-id=\"8eea07f\" data-element_type=\"widget\" data-widget_type=\"heading.default\">\n\t\t\t\t<div class=\"elementor-widget-container\">\n\t\t\t<h2 class=\"elementor-heading-title elementor-size-default\"><a href=\"\/es\/rooms\/casita-redonda\/\">Casita Redonda<\/a><\/h2>\t\t<\/div>\n\t\t\t\t<\/div>\n\t\t\t\t<\/div>\n\t\t<div class=\"elementor-element elementor-element-e8f2a11 e-con-full e-flex wpr-particle-no wpr-jarallax-no wpr-parallax-no wpr-sticky-section-no e-con e-child\" data-id=\"e8f2a11\" data-element_type=\"container\">\n\t\t\t\t<div class=\"elementor-element elementor-element-b7b15dd elementor-widget elementor-widget-image\" data-id=\"b7b15dd\" data-element_type=\"widget\" data-widget_type=\"image.default\">\n\t\t\t\t<div class=\"elementor-widget-container\">\n\t\t\t\t\t\t\t\t\t\t\t\t\t\t<a href=\"\/es\/rooms\/casita-caracol\/\">\n\t\t\t\t\t\t\t<img loading=\"lazy\" decoding=\"async\" width=\"244\" height=\"244\" src=\"https:\/\/casavivatroncones.com\/wp-content\/uploads\/2024\/01\/Photo-Dec-20-09-22-17-1.png\" class=\"attachment-large size-large wp-image-200\" alt=\"\" srcset=\"https:\/\/casavivatroncones.com\/wp-content\/uploads\/2024\/01\/Photo-Dec-20-09-22-17-1.png 244w, https:\/\/casavivatroncones.com\/wp-content\/uploads\/2024\/01\/Photo-Dec-20-09-22-17-1-150x150.png 150w\" sizes=\"(max-width: 244px) 100vw, 244px\" \/>\t\t\t\t\t\t\t\t<\/a>\n\t\t\t\t\t\t\t\t\t\t\t\t\t<\/div>\n\t\t\t\t<\/div>\n\t\t\t\t<div class=\"elementor-element elementor-element-3d3546c elementor-widget elementor-widget-heading\" data-id=\"3d3546c\" data-element_type=\"widget\" data-widget_type=\"heading.default\">\n\t\t\t\t<div class=\"elementor-widget-container\">\n\t\t\t<h2 class=\"elementor-heading-title elementor-size-default\"><a href=\"\/es\/rooms\/casita-caracol\/\">Casita Caracol<\/a><\/h2>\t\t<\/div>\n\t\t\t\t<\/div>\n\t\t\t\t<\/div>\n\t\t<div class=\"elementor-element elementor-element-3df7456 e-con-full e-flex wpr-particle-no wpr-jarallax-no wpr-parallax-no wpr-sticky-section-no e-con e-child\" data-id=\"3df7456\" data-element_type=\"container\">\n\t\t\t\t<div class=\"elementor-element elementor-element-657594c elementor-widget elementor-widget-image\" data-id=\"657594c\" data-element_type=\"widget\" data-widget_type=\"image.default\">\n\t\t\t\t<div class=\"elementor-widget-container\">\n\t\t\t\t\t\t\t\t\t\t\t\t\t\t<a href=\"\/es\/rooms\/tapanco\/\">\n\t\t\t\t\t\t\t<img loading=\"lazy\" decoding=\"async\" width=\"244\" height=\"244\" src=\"https:\/\/casavivatroncones.com\/wp-content\/uploads\/2024\/03\/Photo-Dec-20-09-35-53-1.png\" class=\"attachment-large size-large wp-image-1331\" alt=\"\" srcset=\"https:\/\/casavivatroncones.com\/wp-content\/uploads\/2024\/03\/Photo-Dec-20-09-35-53-1.png 244w, https:\/\/casavivatroncones.com\/wp-content\/uploads\/2024\/03\/Photo-Dec-20-09-35-53-1-150x150.png 150w\" sizes=\"(max-width: 244px) 100vw, 244px\" \/>\t\t\t\t\t\t\t\t<\/a>\n\t\t\t\t\t\t\t\t\t\t\t\t\t<\/div>\n\t\t\t\t<\/div>\n\t\t\t\t<div class=\"elementor-element elementor-element-40d0fc3 elementor-widget elementor-widget-heading\" data-id=\"40d0fc3\" data-element_type=\"widget\" data-widget_type=\"heading.default\">\n\t\t\t\t<div class=\"elementor-widget-container\">\n\t\t\t<h2 class=\"elementor-heading-title elementor-size-default\"><a href=\"\/es\/rooms\/tapanco\/\">Tapanco<\/a><\/h2>\t\t<\/div>\n\t\t\t\t<\/div>\n\t\t\t\t<\/div>\n\t\t\t\t\t<\/div>\n\t\t\t\t<\/div>\n\t\t\t\t<\/div>","protected":false},"excerpt":{"rendered":"<p>Casitas \/ Rooms Casita Cuadrada This Casita is the most centrally located and some guests think it has the best view of the beach. It also is big enough for a family of 5 with a King bed and room for 3 single beds. This room has an unobstructed view of the ocean, but close the shutters, slip into the mosquito net, turn on the fan and sleep in cool comfort. The modern bathroom includes its own shower-hut, a casita within a casita. A little alcove can be used for lounging, reading (working if you must) or accommodating the kids. Some people like square corners and this casita has more than its fair share, including a large porch to sit and read or just swing. Rates based on Double Occupancy in each room (additional fees for more adults or children in each room) Low Season: $171 +tax High Season: $214 +tax HOLIDAY: $435 +tax BOOK NOW CHECK ROOM AVAILABILITY Other Options to Explore All Resort Casita Redonda Casita Caracol Tapanco<\/p>","protected":false},"author":1,"featured_media":0,"parent":9,"menu_order":0,"comment_status":"closed","ping_status":"closed","template":"elementor_header_footer","meta":{"footnotes":"","_joinchat":[]},"_links":{"self":[{"href":"https:\/\/casavivatroncones.com\/es\/wp-json\/wp\/v2\/pages\/410"}],"collection":[{"href":"https:\/\/casavivatroncones.com\/es\/wp-json\/wp\/v2\/pages"}],"about":[{"href":"https:\/\/casavivatroncones.com\/es\/wp-json\/wp\/v2\/types\/page"}],"author":[{"embeddable":true,"href":"https:\/\/casavivatroncones.com\/es\/wp-json\/wp\/v2\/users\/1"}],"replies":[{"embeddable":true,"href":"https:\/\/casavivatroncones.com\/es\/wp-json\/wp\/v2\/comments?post=410"}],"version-history":[{"count":37,"href":"https:\/\/casavivatroncones.com\/es\/wp-json\/wp\/v2\/pages\/410\/revisions"}],"predecessor-version":[{"id":1343,"href":"https:\/\/casavivatroncones.com\/es\/wp-json\/wp\/v2\/pages\/410\/revisions\/1343"}],"up":[{"embeddable":true,"href":"https:\/\/casavivatroncones.com\/es\/wp-json\/wp\/v2\/pages\/9"}],"wp:attachment":[{"href":"https:\/\/casavivatroncones.com\/es\/wp-json\/wp\/v2\/media?parent=410"}],"curies":[{"name":"wp","href":"https:\/\/api.w.org\/{rel}","templated":true}]}}