{"id":419,"date":"2024-01-24T05:51:29","date_gmt":"2024-01-24T05:51:29","guid":{"rendered":"https:\/\/ygx.nah.mybluehost.me\/?page_id=419"},"modified":"2024-03-25T18:52:43","modified_gmt":"2024-03-25T18:52:43","slug":"casita-caracol","status":"publish","type":"page","link":"https:\/\/casavivatroncones.com\/es\/rooms\/casita-caracol\/","title":{"rendered":"Casita Caracol"},"content":{"rendered":"<div data-elementor-type=\"wp-post\" data-elementor-id=\"419\" class=\"elementor elementor-419\">\n\t\t\t\t<div class=\"elementor-element elementor-element-3c1eb08 e-con-full e-flex wpr-particle-no wpr-jarallax-no wpr-parallax-no wpr-sticky-section-no e-con e-parent\" data-id=\"3c1eb08\" data-element_type=\"container\">\n\t\t<div class=\"elementor-element elementor-element-efcb260 e-con-full e-flex wpr-particle-no wpr-jarallax-no wpr-parallax-no wpr-sticky-section-no e-con e-child\" data-id=\"efcb260\" data-element_type=\"container\">\n\t\t\t\t<div class=\"elementor-element elementor-element-2d3519f elementor-widget elementor-widget-premium-addon-banner\" data-id=\"2d3519f\" data-element_type=\"widget\" data-widget_type=\"premium-addon-banner.default\">\n\t\t\t\t<div class=\"elementor-widget-container\">\n\t\t\t\t\t<div class=\"premium-banner-ib premium-banner-min-height premium-banner-animation2 none premium-banner__effect-type1\">\r\n\t\t\t\t\t\t\t\t\t\t<img fetchpriority=\"high\" decoding=\"async\" width=\"1200\" height=\"351\" src=\"https:\/\/casavivatroncones.com\/wp-content\/uploads\/2024\/01\/Group-350-5.png\" class=\"attachment-full size-full wp-image-596\" alt=\"\" srcset=\"https:\/\/casavivatroncones.com\/wp-content\/uploads\/2024\/01\/Group-350-5.png 1200w, https:\/\/casavivatroncones.com\/wp-content\/uploads\/2024\/01\/Group-350-5-300x88.png 300w, https:\/\/casavivatroncones.com\/wp-content\/uploads\/2024\/01\/Group-350-5-1024x300.png 1024w, https:\/\/casavivatroncones.com\/wp-content\/uploads\/2024\/01\/Group-350-5-768x225.png 768w\" sizes=\"(max-width: 1200px) 100vw, 1200px\" \/>\t\t\t\t\t\t\t\t\t<div class=\"premium-banner-ib-desc\">\r\n\t\t\t\t\r\n\t\t\t\t\t\t\t\t\t<h3 class=\"premium-banner-ib-title premium_banner_title\">\r\n\t\t\t\t\t\tCasitas \/ Rooms\t\t\t\t\t<\/h3>\r\n\t\t\t\t\r\n\t\t\t\t\r\n\t\t\t\t\r\n\t\t\t\t\t\t\t<\/div>\r\n\t\t\t\t\t<\/div>\r\n\r\n\t\t\t\t<\/div>\n\t\t\t\t<\/div>\n\t\t\t\t<div class=\"elementor-element elementor-element-127952e elementor-widget elementor-widget-spacer\" data-id=\"127952e\" data-element_type=\"widget\" data-widget_type=\"spacer.default\">\n\t\t\t\t<div class=\"elementor-widget-container\">\n\t\t\t\t\t<div class=\"elementor-spacer\">\n\t\t\t<div class=\"elementor-spacer-inner\"><\/div>\n\t\t<\/div>\n\t\t\t\t<\/div>\n\t\t\t\t<\/div>\n\t\t\t\t<\/div>\n\t\t\t\t<\/div>\n\t\t<div class=\"elementor-element elementor-element-308603a e-flex e-con-boxed wpr-particle-no wpr-jarallax-no wpr-parallax-no wpr-sticky-section-no e-con e-parent\" data-id=\"308603a\" data-element_type=\"container\">\n\t\t\t\t\t<div class=\"e-con-inner\">\n\t\t<div class=\"elementor-element elementor-element-cddee4e e-con-full e-flex wpr-particle-no wpr-jarallax-no wpr-parallax-no wpr-sticky-section-no e-con e-child\" data-id=\"cddee4e\" data-element_type=\"container\">\n\t\t\t\t<div class=\"elementor-element elementor-element-25ed02c elementor-widget elementor-widget-heading\" data-id=\"25ed02c\" data-element_type=\"widget\" data-widget_type=\"heading.default\">\n\t\t\t\t<div class=\"elementor-widget-container\">\n\t\t\t<h2 class=\"elementor-heading-title elementor-size-default\">Casita Caracol<\/h2>\t\t<\/div>\n\t\t\t\t<\/div>\n\t\t\t\t<div class=\"elementor-element elementor-element-59768fe elementor-widget elementor-widget-text-editor\" data-id=\"59768fe\" data-element_type=\"widget\" data-widget_type=\"text-editor.default\">\n\t\t\t\t<div class=\"elementor-widget-container\">\n\t\t\t\t\t\t\t<p>Este \u201cbungalow\u201d de dos pisos fue dise\u00f1ado para ser utilizado por hu\u00e9spedes que se hospedan por un per\u00edodo prolongado y desean tener su propia cocina.<\/p><p>Esta Casita tiene una cama doble en lugar de una cama King como la Round and Square. El dormitorio est\u00e1 en el segundo piso y tiene vista al oc\u00e9ano desde el porche. El ba\u00f1o est\u00e1 abajo junto con una cocina completa. Puede utilizar esta cocina o la cocina del \u00e1rea com\u00fan (sin embargo, la mayor\u00eda de los hu\u00e9spedes prefieren que nuestro personal cocine y limpie para ellos). El porche del segundo piso ofrece espacio adicional para dormir para instalar algunas camas individuales con mosquiteros, como se ve en la foto a continuaci\u00f3n, o simplemente puede usarlo como su balc\u00f3n personal.<\/p>\t\t\t\t\t\t<\/div>\n\t\t\t\t<\/div>\n\t\t\t\t<\/div>\n\t\t<div class=\"elementor-element elementor-element-4400a99 e-con-full e-flex wpr-particle-no wpr-jarallax-no wpr-parallax-no wpr-sticky-section-no e-con e-child\" data-id=\"4400a99\" data-element_type=\"container\">\n\t\t\t\t<div class=\"elementor-element elementor-element-5bd9110 elementor-pagination-position-outside elementor-widget elementor-widget-image-carousel\" data-id=\"5bd9110\" data-element_type=\"widget\" data-settings=\"{&quot;slides_to_show&quot;:&quot;1&quot;,&quot;navigation&quot;:&quot;dots&quot;,&quot;effect&quot;:&quot;fade&quot;,&quot;autoplay&quot;:&quot;yes&quot;,&quot;pause_on_hover&quot;:&quot;yes&quot;,&quot;pause_on_interaction&quot;:&quot;yes&quot;,&quot;autoplay_speed&quot;:5000,&quot;infinite&quot;:&quot;yes&quot;,&quot;speed&quot;:500}\" data-widget_type=\"image-carousel.default\">\n\t\t\t\t<div class=\"elementor-widget-container\">\n\t\t\t\t\t<div class=\"elementor-image-carousel-wrapper swiper\" dir=\"ltr\">\n\t\t\t<div class=\"elementor-image-carousel swiper-wrapper\" aria-live=\"off\">\n\t\t\t\t\t\t\t\t<div class=\"swiper-slide\" role=\"group\" aria-roledescription=\"slide\" aria-label=\"1 de 7\"><figure class=\"swiper-slide-inner\"><img decoding=\"async\" class=\"swiper-slide-image\" src=\"https:\/\/casavivatroncones.com\/wp-content\/uploads\/2024\/01\/cca-1.png\" alt=\"cca-1\" \/><\/figure><\/div><div class=\"swiper-slide\" role=\"group\" aria-roledescription=\"slide\" aria-label=\"2 de 7\"><figure class=\"swiper-slide-inner\"><img decoding=\"async\" class=\"swiper-slide-image\" src=\"https:\/\/casavivatroncones.com\/wp-content\/uploads\/2024\/01\/cca-3.png\" alt=\"cca-3\" \/><\/figure><\/div><div class=\"swiper-slide\" role=\"group\" aria-roledescription=\"slide\" aria-label=\"3 de 7\"><figure class=\"swiper-slide-inner\"><img decoding=\"async\" class=\"swiper-slide-image\" src=\"https:\/\/casavivatroncones.com\/wp-content\/uploads\/2024\/01\/cca-2.png\" alt=\"cca-2\" \/><\/figure><\/div><div class=\"swiper-slide\" role=\"group\" aria-roledescription=\"slide\" aria-label=\"4 de 7\"><figure class=\"swiper-slide-inner\"><img decoding=\"async\" class=\"swiper-slide-image\" src=\"https:\/\/casavivatroncones.com\/wp-content\/uploads\/2024\/01\/cca-4.png\" alt=\"cca-4\" \/><\/figure><\/div><div class=\"swiper-slide\" role=\"group\" aria-roledescription=\"slide\" aria-label=\"5 de 7\"><figure class=\"swiper-slide-inner\"><img decoding=\"async\" class=\"swiper-slide-image\" src=\"https:\/\/casavivatroncones.com\/wp-content\/uploads\/2024\/01\/cca-5.png\" alt=\"cca-5\" \/><\/figure><\/div><div class=\"swiper-slide\" role=\"group\" aria-roledescription=\"slide\" aria-label=\"6 de 7\"><figure class=\"swiper-slide-inner\"><img decoding=\"async\" class=\"swiper-slide-image\" src=\"https:\/\/casavivatroncones.com\/wp-content\/uploads\/2024\/01\/cca-6.png\" alt=\"cca-6\" \/><\/figure><\/div><div class=\"swiper-slide\" role=\"group\" aria-roledescription=\"slide\" aria-label=\"7 de 7\"><figure class=\"swiper-slide-inner\"><img decoding=\"async\" class=\"swiper-slide-image\" src=\"https:\/\/casavivatroncones.com\/wp-content\/uploads\/2024\/01\/cca-7.png\" alt=\"cca-7\" \/><\/figure><\/div>\t\t\t<\/div>\n\t\t\t\t\t\t\t\n\t\t\t\t\t\t\t\t\t<div class=\"swiper-pagination\"><\/div>\n\t\t\t\t\t\t\t\t\t<\/div>\n\t\t\t\t<\/div>\n\t\t\t\t<\/div>\n\t\t\t\t<div class=\"elementor-element elementor-element-0fd748c elementor-widget elementor-widget-text-editor\" data-id=\"0fd748c\" data-element_type=\"widget\" data-widget_type=\"text-editor.default\">\n\t\t\t\t<div class=\"elementor-widget-container\">\n\t\t\t\t\t\t\t<p style=\"text-align: JUSTIFY;\" class=\"translation-block\"><span style=\"color: #7C8038;font-weight: negrita\">Tarifas<\/span>\n<br>\nBasado en Ocupaci\u00f3n Doble en cada habitaci\u00f3n (cargos adicionales por m\u00e1s adultos o ni\u00f1os en cada habitaci\u00f3n)\n<br>\n<br>\n<span style=\"color: #7C8038;font-weight: negrita\">Temporada Baja: $113 +impuestos\n<br>\n<br>\nTemporada Alta: $149 +impuestos\n<br>\n<br>\nVACACIONES: $231 +impuestos\n<\/span><\/div>\n\t\t\t\t<\/div>\n\t\t\t\t<div class=\"elementor-element elementor-element-ed93341 elementor-align-center elementor-widget elementor-widget-button\" data-id=\"ed93341\" data-element_type=\"widget\" data-widget_type=\"button.default\">\n\t\t\t\t<div class=\"elementor-widget-container\">\n\t\t\t\t\t\t\t<div class=\"elementor-button-wrapper\">\n\t\t\t\t\t<a class=\"elementor-button elementor-button-link elementor-size-xs\" href=\"https:\/\/secure.webrez.com\/Bookings105\/activity-edit.html?hotel_id=830&#038;table=hotels&#038;listing_id=830&#038;mode=command&#038;command=bookingrequestform_v2&#038;location_id=125&#038;_ga=2.5170224.266449448.1705970276-233216332.1705970276&#038;_gl=1*pdqei8*_ga*MjMzMjE2MzMyLjE3MDU5NzAyNzY.*_ga_959TL0BXYS*MTcwNjA3NjI3Ni41LjAuMTcwNjA3NjI3Ni42MC4wLjc1NjIyNTcy\" target=\"_blank\">\n\t\t\t\t\t\t<span class=\"elementor-button-content-wrapper\">\n\t\t\t\t\t\t\t\t\t<span class=\"elementor-button-text\">RESERVA<\/span>\n\t\t\t\t\t<\/span>\n\t\t\t\t\t<\/a>\n\t\t\t\t<\/div>\n\t\t\t\t\t\t<\/div>\n\t\t\t\t<\/div>\n\t\t\t\t<div class=\"elementor-element elementor-element-e62f818 elementor-align-center elementor-widget elementor-widget-button\" data-id=\"e62f818\" data-element_type=\"widget\" data-widget_type=\"button.default\">\n\t\t\t\t<div class=\"elementor-widget-container\">\n\t\t\t\t\t\t\t<div class=\"elementor-button-wrapper\">\n\t\t\t\t\t<a class=\"elementor-button elementor-button-link elementor-size-xs\" href=\"https:\/\/secure.webrez.com\/\/Bookings105\/activity-edit.html?table=hotels&#038;listing_id=830&#038;mode=command&#038;command=website_availabilitycalendar&#038;hotel_id=830&#038;location_id=125\" target=\"_blank\">\n\t\t\t\t\t\t<span class=\"elementor-button-content-wrapper\">\n\t\t\t\t\t\t\t\t\t<span class=\"elementor-button-text\">CONSULTAR DISPONIBILIDAD DE HABITACIONES<\/span>\n\t\t\t\t\t<\/span>\n\t\t\t\t\t<\/a>\n\t\t\t\t<\/div>\n\t\t\t\t\t\t<\/div>\n\t\t\t\t<\/div>\n\t\t\t\t<\/div>\n\t\t\t\t\t<\/div>\n\t\t\t\t<\/div>\n\t\t<div class=\"elementor-element elementor-element-ba6502c e-flex e-con-boxed wpr-particle-no wpr-jarallax-no wpr-parallax-no wpr-sticky-section-no e-con e-parent\" data-id=\"ba6502c\" data-element_type=\"container\">\n\t\t\t\t\t<div class=\"e-con-inner\">\n\t\t\t\t<div class=\"elementor-element elementor-element-4d830c8 elementor-widget elementor-widget-heading\" data-id=\"4d830c8\" data-element_type=\"widget\" data-widget_type=\"heading.default\">\n\t\t\t\t<div class=\"elementor-widget-container\">\n\t\t\t<h2 class=\"elementor-heading-title elementor-size-default\">Otras opciones a explorar<\/h2>\t\t<\/div>\n\t\t\t\t<\/div>\n\t\t\t\t\t<\/div>\n\t\t\t\t<\/div>\n\t\t<div class=\"elementor-element elementor-element-7d2b01c e-flex e-con-boxed wpr-particle-no wpr-jarallax-no wpr-parallax-no wpr-sticky-section-no e-con e-parent\" data-id=\"7d2b01c\" data-element_type=\"container\">\n\t\t\t\t\t<div class=\"e-con-inner\">\n\t\t<div class=\"elementor-element elementor-element-72e3598 e-con-full e-flex wpr-particle-no wpr-jarallax-no wpr-parallax-no wpr-sticky-section-no e-con e-child\" data-id=\"72e3598\" data-element_type=\"container\">\n\t\t\t\t<div class=\"elementor-element elementor-element-fccb71e elementor-widget elementor-widget-image\" data-id=\"fccb71e\" data-element_type=\"widget\" data-widget_type=\"image.default\">\n\t\t\t\t<div class=\"elementor-widget-container\">\n\t\t\t\t\t\t\t\t\t\t\t\t\t\t<a href=\"\/es\/rooms\/all-of-casa-viva\/\">\n\t\t\t\t\t\t\t<img decoding=\"async\" width=\"244\" height=\"237\" src=\"https:\/\/casavivatroncones.com\/wp-content\/uploads\/2024\/01\/Casa-Viva-Common-Area-Kellie-1-1.png\" class=\"attachment-large size-large wp-image-604\" alt=\"\" \/>\t\t\t\t\t\t\t\t<\/a>\n\t\t\t\t\t\t\t\t\t\t\t\t\t<\/div>\n\t\t\t\t<\/div>\n\t\t\t\t<div class=\"elementor-element elementor-element-4e628b8 elementor-widget elementor-widget-heading\" data-id=\"4e628b8\" data-element_type=\"widget\" data-widget_type=\"heading.default\">\n\t\t\t\t<div class=\"elementor-widget-container\">\n\t\t\t<h2 class=\"elementor-heading-title elementor-size-default\"><a href=\"\/es\/rooms\/all-of-casa-viva\/\">Todo el resort<\/a><\/h2>\t\t<\/div>\n\t\t\t\t<\/div>\n\t\t\t\t<\/div>\n\t\t<div class=\"elementor-element elementor-element-ee1eb0b e-con-full e-flex wpr-particle-no wpr-jarallax-no wpr-parallax-no wpr-sticky-section-no e-con e-child\" data-id=\"ee1eb0b\" data-element_type=\"container\">\n\t\t\t\t<div class=\"elementor-element elementor-element-10de456 elementor-widget elementor-widget-image\" data-id=\"10de456\" data-element_type=\"widget\" data-widget_type=\"image.default\">\n\t\t\t\t<div class=\"elementor-widget-container\">\n\t\t\t\t\t\t\t\t\t\t\t\t\t\t<a href=\"\/es\/rooms\/casita-redonda\/\">\n\t\t\t\t\t\t\t<img decoding=\"async\" width=\"244\" height=\"244\" src=\"https:\/\/casavivatroncones.com\/wp-content\/uploads\/2024\/01\/Photo-Dec-20-08-23-25-2.png\" class=\"attachment-large size-large wp-image-195\" alt=\"\" srcset=\"https:\/\/casavivatroncones.com\/wp-content\/uploads\/2024\/01\/Photo-Dec-20-08-23-25-2.png 244w, https:\/\/casavivatroncones.com\/wp-content\/uploads\/2024\/01\/Photo-Dec-20-08-23-25-2-150x150.png 150w\" sizes=\"(max-width: 244px) 100vw, 244px\" \/>\t\t\t\t\t\t\t\t<\/a>\n\t\t\t\t\t\t\t\t\t\t\t\t\t<\/div>\n\t\t\t\t<\/div>\n\t\t\t\t<div class=\"elementor-element elementor-element-9f3290c elementor-widget elementor-widget-heading\" data-id=\"9f3290c\" data-element_type=\"widget\" data-widget_type=\"heading.default\">\n\t\t\t\t<div class=\"elementor-widget-container\">\n\t\t\t<h2 class=\"elementor-heading-title elementor-size-default\"><a href=\"\/es\/rooms\/casita-redonda\/\">Casita Redonda<\/a><\/h2>\t\t<\/div>\n\t\t\t\t<\/div>\n\t\t\t\t<\/div>\n\t\t<div class=\"elementor-element elementor-element-cfa6288 e-con-full e-flex wpr-particle-no wpr-jarallax-no wpr-parallax-no wpr-sticky-section-no e-con e-child\" data-id=\"cfa6288\" data-element_type=\"container\">\n\t\t\t\t<div class=\"elementor-element elementor-element-d9e97b1 elementor-widget elementor-widget-image\" data-id=\"d9e97b1\" data-element_type=\"widget\" data-widget_type=\"image.default\">\n\t\t\t\t<div class=\"elementor-widget-container\">\n\t\t\t\t\t\t\t\t\t\t\t\t\t\t<a href=\"\/es\/rooms\/casita-cuadrada\/\">\n\t\t\t\t\t\t\t<img loading=\"lazy\" decoding=\"async\" width=\"244\" height=\"244\" src=\"https:\/\/casavivatroncones.com\/wp-content\/uploads\/2024\/01\/Photo-Dec-19-16-44-05-1.png\" class=\"attachment-large size-large wp-image-196\" alt=\"\" srcset=\"https:\/\/casavivatroncones.com\/wp-content\/uploads\/2024\/01\/Photo-Dec-19-16-44-05-1.png 244w, https:\/\/casavivatroncones.com\/wp-content\/uploads\/2024\/01\/Photo-Dec-19-16-44-05-1-150x150.png 150w\" sizes=\"(max-width: 244px) 100vw, 244px\" \/>\t\t\t\t\t\t\t\t<\/a>\n\t\t\t\t\t\t\t\t\t\t\t\t\t<\/div>\n\t\t\t\t<\/div>\n\t\t\t\t<div class=\"elementor-element elementor-element-7c66c6d elementor-widget elementor-widget-heading\" data-id=\"7c66c6d\" data-element_type=\"widget\" data-widget_type=\"heading.default\">\n\t\t\t\t<div class=\"elementor-widget-container\">\n\t\t\t<h2 class=\"elementor-heading-title elementor-size-default\"><a href=\"\/es\/rooms\/casita-cuadrada\/\">Casita Cuadrada<\/a><\/h2>\t\t<\/div>\n\t\t\t\t<\/div>\n\t\t\t\t<\/div>\n\t\t<div class=\"elementor-element elementor-element-29527f9 e-con-full e-flex wpr-particle-no wpr-jarallax-no wpr-parallax-no wpr-sticky-section-no e-con e-child\" data-id=\"29527f9\" data-element_type=\"container\">\n\t\t\t\t<div class=\"elementor-element elementor-element-97b9453 elementor-widget elementor-widget-image\" data-id=\"97b9453\" data-element_type=\"widget\" data-widget_type=\"image.default\">\n\t\t\t\t<div class=\"elementor-widget-container\">\n\t\t\t\t\t\t\t\t\t\t\t\t\t\t<a href=\"\/es\/rooms\/tapanco\/\">\n\t\t\t\t\t\t\t<img loading=\"lazy\" decoding=\"async\" width=\"244\" height=\"244\" src=\"https:\/\/casavivatroncones.com\/wp-content\/uploads\/2024\/03\/Photo-Dec-20-09-35-53-1.png\" class=\"attachment-large size-large wp-image-1331\" alt=\"\" srcset=\"https:\/\/casavivatroncones.com\/wp-content\/uploads\/2024\/03\/Photo-Dec-20-09-35-53-1.png 244w, https:\/\/casavivatroncones.com\/wp-content\/uploads\/2024\/03\/Photo-Dec-20-09-35-53-1-150x150.png 150w\" sizes=\"(max-width: 244px) 100vw, 244px\" \/>\t\t\t\t\t\t\t\t<\/a>\n\t\t\t\t\t\t\t\t\t\t\t\t\t<\/div>\n\t\t\t\t<\/div>\n\t\t\t\t<div class=\"elementor-element elementor-element-82aa067 elementor-widget elementor-widget-heading\" data-id=\"82aa067\" data-element_type=\"widget\" data-widget_type=\"heading.default\">\n\t\t\t\t<div class=\"elementor-widget-container\">\n\t\t\t<h2 class=\"elementor-heading-title elementor-size-default\"><a href=\"\/es\/rooms\/tapanco\/\">Tapanco<\/a><\/h2>\t\t<\/div>\n\t\t\t\t<\/div>\n\t\t\t\t<\/div>\n\t\t\t\t\t<\/div>\n\t\t\t\t<\/div>\n\t\t\t\t<\/div>","protected":false},"excerpt":{"rendered":"<p>Casitas \/ Rooms Casita Caracol This two-story \u201cbungalow\u201d was designed to be used by guest staying for an extended period of time who would want their own kitchen. This Casita has a Double Bed rather than a King size bed as the Round and Square. The bedroom is on the second story and has a view to the ocean from the porch. The bathroom is downstairs along with a complete kitchen. You can use either this kitchen or the Common Area kitchen (however most guest prefer to have our staff cook and clean for them). The second story porch provides additional sleeping space to set up a few single beds with mosquito nets as seen in the photo below or you can just use it as your personal balcony. Rates based on Double Occupancy in each room (additional fees for more adults or children in each room) Low Season: $113 +tax High Season: $149 +tax HOLIDAY: $231 +tax BOOK NOW CHECK ROOM AVAILABILITY Other Options to Explore All Resort Casita Redonda Casita Cuadrada Tapanco<\/p>","protected":false},"author":1,"featured_media":0,"parent":9,"menu_order":0,"comment_status":"closed","ping_status":"closed","template":"elementor_header_footer","meta":{"footnotes":"","_joinchat":[]},"_links":{"self":[{"href":"https:\/\/casavivatroncones.com\/es\/wp-json\/wp\/v2\/pages\/419"}],"collection":[{"href":"https:\/\/casavivatroncones.com\/es\/wp-json\/wp\/v2\/pages"}],"about":[{"href":"https:\/\/casavivatroncones.com\/es\/wp-json\/wp\/v2\/types\/page"}],"author":[{"embeddable":true,"href":"https:\/\/casavivatroncones.com\/es\/wp-json\/wp\/v2\/users\/1"}],"replies":[{"embeddable":true,"href":"https:\/\/casavivatroncones.com\/es\/wp-json\/wp\/v2\/comments?post=419"}],"version-history":[{"count":52,"href":"https:\/\/casavivatroncones.com\/es\/wp-json\/wp\/v2\/pages\/419\/revisions"}],"predecessor-version":[{"id":1357,"href":"https:\/\/casavivatroncones.com\/es\/wp-json\/wp\/v2\/pages\/419\/revisions\/1357"}],"up":[{"embeddable":true,"href":"https:\/\/casavivatroncones.com\/es\/wp-json\/wp\/v2\/pages\/9"}],"wp:attachment":[{"href":"https:\/\/casavivatroncones.com\/es\/wp-json\/wp\/v2\/media?parent=419"}],"curies":[{"name":"wp","href":"https:\/\/api.w.org\/{rel}","templated":true}]}}