{"id":421,"date":"2024-01-24T05:52:00","date_gmt":"2024-01-24T05:52:00","guid":{"rendered":"https:\/\/ygx.nah.mybluehost.me\/?page_id=421"},"modified":"2024-03-14T00:28:18","modified_gmt":"2024-03-14T00:28:18","slug":"tapanco","status":"publish","type":"page","link":"https:\/\/casavivatroncones.com\/es\/rooms\/tapanco\/","title":{"rendered":"Tapanco"},"content":{"rendered":"<div data-elementor-type=\"wp-post\" data-elementor-id=\"421\" class=\"elementor elementor-421\">\n\t\t\t\t<div class=\"elementor-element elementor-element-3c1eb08 e-con-full e-flex wpr-particle-no wpr-jarallax-no wpr-parallax-no wpr-sticky-section-no e-con e-parent\" data-id=\"3c1eb08\" data-element_type=\"container\">\n\t\t<div class=\"elementor-element elementor-element-efcb260 e-con-full e-flex wpr-particle-no wpr-jarallax-no wpr-parallax-no wpr-sticky-section-no e-con e-child\" data-id=\"efcb260\" data-element_type=\"container\">\n\t\t\t\t<div class=\"elementor-element elementor-element-2d3519f elementor-widget elementor-widget-premium-addon-banner\" data-id=\"2d3519f\" data-element_type=\"widget\" data-widget_type=\"premium-addon-banner.default\">\n\t\t\t\t<div class=\"elementor-widget-container\">\n\t\t\t\t\t<div class=\"premium-banner-ib premium-banner-min-height premium-banner-animation2 none premium-banner__effect-type1\">\r\n\t\t\t\t\t\t\t\t\t\t<img fetchpriority=\"high\" decoding=\"async\" width=\"1200\" height=\"352\" src=\"https:\/\/casavivatroncones.com\/wp-content\/uploads\/2024\/01\/Group-350-6.png\" class=\"attachment-full size-full wp-image-600\" alt=\"\" srcset=\"https:\/\/casavivatroncones.com\/wp-content\/uploads\/2024\/01\/Group-350-6.png 1200w, https:\/\/casavivatroncones.com\/wp-content\/uploads\/2024\/01\/Group-350-6-300x88.png 300w, https:\/\/casavivatroncones.com\/wp-content\/uploads\/2024\/01\/Group-350-6-1024x300.png 1024w, https:\/\/casavivatroncones.com\/wp-content\/uploads\/2024\/01\/Group-350-6-768x225.png 768w\" sizes=\"(max-width: 1200px) 100vw, 1200px\" \/>\t\t\t\t\t\t\t\t\t<div class=\"premium-banner-ib-desc\">\r\n\t\t\t\t\r\n\t\t\t\t\t\t\t\t\t<h3 class=\"premium-banner-ib-title premium_banner_title\">\r\n\t\t\t\t\t\tCasitas \/ Rooms\t\t\t\t\t<\/h3>\r\n\t\t\t\t\r\n\t\t\t\t\r\n\t\t\t\t\r\n\t\t\t\t\t\t\t<\/div>\r\n\t\t\t\t\t<\/div>\r\n\r\n\t\t\t\t<\/div>\n\t\t\t\t<\/div>\n\t\t\t\t<div class=\"elementor-element elementor-element-81822e5 elementor-widget elementor-widget-spacer\" data-id=\"81822e5\" data-element_type=\"widget\" data-widget_type=\"spacer.default\">\n\t\t\t\t<div class=\"elementor-widget-container\">\n\t\t\t\t\t<div class=\"elementor-spacer\">\n\t\t\t<div class=\"elementor-spacer-inner\"><\/div>\n\t\t<\/div>\n\t\t\t\t<\/div>\n\t\t\t\t<\/div>\n\t\t\t\t<\/div>\n\t\t\t\t<\/div>\n\t\t<div class=\"elementor-element elementor-element-9111280 e-flex e-con-boxed wpr-particle-no wpr-jarallax-no wpr-parallax-no wpr-sticky-section-no e-con e-parent\" data-id=\"9111280\" data-element_type=\"container\">\n\t\t\t\t\t<div class=\"e-con-inner\">\n\t\t<div class=\"elementor-element elementor-element-ac49298 e-con-full e-flex wpr-particle-no wpr-jarallax-no wpr-parallax-no wpr-sticky-section-no e-con e-child\" data-id=\"ac49298\" data-element_type=\"container\">\n\t\t\t\t<div class=\"elementor-element elementor-element-87ebcb7 elementor-widget elementor-widget-heading\" data-id=\"87ebcb7\" data-element_type=\"widget\" data-widget_type=\"heading.default\">\n\t\t\t\t<div class=\"elementor-widget-container\">\n\t\t\t<h2 class=\"elementor-heading-title elementor-size-default\">Tapanco<\/h2>\t\t<\/div>\n\t\t\t\t<\/div>\n\t\t\t\t<div class=\"elementor-element elementor-element-8ad8054 elementor-widget elementor-widget-text-editor\" data-id=\"8ad8054\" data-element_type=\"widget\" data-widget_type=\"text-editor.default\">\n\t\t\t\t<div class=\"elementor-widget-container\">\n\t\t\t\t\t\t\t<p>El Tapanco o Porche para Dormir est\u00e1 ubicado sobre el comedor en el \u00c1rea Com\u00fan. Disfruta de una vista despejada al mar, el ba\u00f1o ubicado en la planta baja es parte del \u00e1rea com\u00fan. Ideal para desbordamiento, al alquilar toda Casa Viva o como un excelente lugar para disfrutar de una brisa fresca en un d\u00eda caluroso. Se puede configurar con hasta 4 camas individuales o 2 camas King (que se forman uniendo 2 camas individuales).<\/p>\n<p>La tarifa NO incluye desayuno ni cerveza A MENOS que compre espec\u00edficamente una tarifa de paquete que incluya estos art\u00edculos.<\/p>\n<p class=\"translation-block\">\u00a1El lugar favorito de los propietarios para quedarse!<br>Se utilizan escaleras para acceder a esta unidad.<\/p><p>No se permiten mascotas en esta habitaci\u00f3n.<\/p>\t\t\t\t\t\t<\/div>\n\t\t\t\t<\/div>\n\t\t\t\t<\/div>\n\t\t<div class=\"elementor-element elementor-element-9e210d2 e-con-full e-flex wpr-particle-no wpr-jarallax-no wpr-parallax-no wpr-sticky-section-no e-con e-child\" data-id=\"9e210d2\" data-element_type=\"container\">\n\t\t\t\t<div class=\"elementor-element elementor-element-d6f71b8 elementor-pagination-position-outside elementor-widget elementor-widget-image-carousel\" data-id=\"d6f71b8\" data-element_type=\"widget\" data-settings=\"{&quot;slides_to_show&quot;:&quot;1&quot;,&quot;navigation&quot;:&quot;dots&quot;,&quot;effect&quot;:&quot;fade&quot;,&quot;autoplay&quot;:&quot;yes&quot;,&quot;pause_on_hover&quot;:&quot;yes&quot;,&quot;pause_on_interaction&quot;:&quot;yes&quot;,&quot;autoplay_speed&quot;:5000,&quot;infinite&quot;:&quot;yes&quot;,&quot;speed&quot;:500}\" data-widget_type=\"image-carousel.default\">\n\t\t\t\t<div class=\"elementor-widget-container\">\n\t\t\t\t\t<div class=\"elementor-image-carousel-wrapper swiper\" dir=\"ltr\">\n\t\t\t<div class=\"elementor-image-carousel swiper-wrapper\" aria-live=\"off\">\n\t\t\t\t\t\t\t\t<div class=\"swiper-slide\" role=\"group\" aria-roledescription=\"slide\" aria-label=\"1 de 5\"><figure class=\"swiper-slide-inner\"><img decoding=\"async\" class=\"swiper-slide-image\" src=\"https:\/\/casavivatroncones.com\/wp-content\/uploads\/2024\/01\/t-1.png\" alt=\"t-1\" \/><\/figure><\/div><div class=\"swiper-slide\" role=\"group\" aria-roledescription=\"slide\" aria-label=\"2 de 5\"><figure class=\"swiper-slide-inner\"><img decoding=\"async\" class=\"swiper-slide-image\" src=\"https:\/\/casavivatroncones.com\/wp-content\/uploads\/2024\/01\/t-2.png\" alt=\"t-2\" \/><\/figure><\/div><div class=\"swiper-slide\" role=\"group\" aria-roledescription=\"slide\" aria-label=\"3 de 5\"><figure class=\"swiper-slide-inner\"><img decoding=\"async\" class=\"swiper-slide-image\" src=\"https:\/\/casavivatroncones.com\/wp-content\/uploads\/2024\/01\/t-3.png\" alt=\"t-3\" \/><\/figure><\/div><div class=\"swiper-slide\" role=\"group\" aria-roledescription=\"slide\" aria-label=\"4 de 5\"><figure class=\"swiper-slide-inner\"><img decoding=\"async\" class=\"swiper-slide-image\" src=\"https:\/\/casavivatroncones.com\/wp-content\/uploads\/2024\/01\/t-4.png\" alt=\"t-4\" \/><\/figure><\/div><div class=\"swiper-slide\" role=\"group\" aria-roledescription=\"slide\" aria-label=\"5 de 5\"><figure class=\"swiper-slide-inner\"><img decoding=\"async\" class=\"swiper-slide-image\" src=\"https:\/\/casavivatroncones.com\/wp-content\/uploads\/2024\/01\/t-5.png\" alt=\"t-5\" \/><\/figure><\/div>\t\t\t<\/div>\n\t\t\t\t\t\t\t\n\t\t\t\t\t\t\t\t\t<div class=\"swiper-pagination\"><\/div>\n\t\t\t\t\t\t\t\t\t<\/div>\n\t\t\t\t<\/div>\n\t\t\t\t<\/div>\n\t\t\t\t<div class=\"elementor-element elementor-element-15e932b elementor-widget elementor-widget-text-editor\" data-id=\"15e932b\" data-element_type=\"widget\" data-widget_type=\"text-editor.default\">\n\t\t\t\t<div class=\"elementor-widget-container\">\n\t\t\t\t\t\t\t<p style=\"text-align: JUSTIFY;\" class=\"translation-block\"><span style=\"color: #7C8038;font-weight: negrita\">Tarifas<\/span>\n<br>\nBasado en Ocupaci\u00f3n Doble en cada habitaci\u00f3n (cargos adicionales por m\u00e1s adultos o ni\u00f1os en cada habitaci\u00f3n)\n<br>\n<br>\n<span style=\"color: #7C8038;font-weight: negrita\">Temporada Baja: $113 +impuestos\n<br>\n<br>\nTemporada Alta: $149 +impuestos\n<br>\n<br>\nVACACIONES: $231 +impuestos\n<\/span><\/div>\n\t\t\t\t<\/div>\n\t\t\t\t<div class=\"elementor-element elementor-element-cbb01a1 elementor-align-center elementor-widget elementor-widget-button\" data-id=\"cbb01a1\" data-element_type=\"widget\" data-widget_type=\"button.default\">\n\t\t\t\t<div class=\"elementor-widget-container\">\n\t\t\t\t\t\t\t<div class=\"elementor-button-wrapper\">\n\t\t\t\t\t<a class=\"elementor-button elementor-button-link elementor-size-xs\" href=\"https:\/\/secure.webrez.com\/Bookings105\/activity-edit.html?hotel_id=830&#038;table=hotels&#038;listing_id=830&#038;mode=command&#038;command=bookingrequestform_v2&#038;location_id=125&#038;_ga=2.5170224.266449448.1705970276-233216332.1705970276&#038;_gl=1*pdqei8*_ga*MjMzMjE2MzMyLjE3MDU5NzAyNzY.*_ga_959TL0BXYS*MTcwNjA3NjI3Ni41LjAuMTcwNjA3NjI3Ni42MC4wLjc1NjIyNTcy\" target=\"_blank\">\n\t\t\t\t\t\t<span class=\"elementor-button-content-wrapper\">\n\t\t\t\t\t\t\t\t\t<span class=\"elementor-button-text\">RESERVA<\/span>\n\t\t\t\t\t<\/span>\n\t\t\t\t\t<\/a>\n\t\t\t\t<\/div>\n\t\t\t\t\t\t<\/div>\n\t\t\t\t<\/div>\n\t\t\t\t<div class=\"elementor-element elementor-element-7994fb4 elementor-align-center elementor-widget elementor-widget-button\" data-id=\"7994fb4\" data-element_type=\"widget\" data-widget_type=\"button.default\">\n\t\t\t\t<div class=\"elementor-widget-container\">\n\t\t\t\t\t\t\t<div class=\"elementor-button-wrapper\">\n\t\t\t\t\t<a class=\"elementor-button elementor-button-link elementor-size-xs\" href=\"https:\/\/secure.webrez.com\/\/Bookings105\/activity-edit.html?table=hotels&#038;listing_id=830&#038;mode=command&#038;command=website_availabilitycalendar&#038;hotel_id=830&#038;location_id=125\" target=\"_blank\">\n\t\t\t\t\t\t<span class=\"elementor-button-content-wrapper\">\n\t\t\t\t\t\t\t\t\t<span class=\"elementor-button-text\">CONSULTAR DISPONIBILIDAD DE HABITACIONES<\/span>\n\t\t\t\t\t<\/span>\n\t\t\t\t\t<\/a>\n\t\t\t\t<\/div>\n\t\t\t\t\t\t<\/div>\n\t\t\t\t<\/div>\n\t\t\t\t<\/div>\n\t\t\t\t\t<\/div>\n\t\t\t\t<\/div>\n\t\t<div class=\"elementor-element elementor-element-ba6502c e-flex e-con-boxed wpr-particle-no wpr-jarallax-no wpr-parallax-no wpr-sticky-section-no e-con e-parent\" data-id=\"ba6502c\" data-element_type=\"container\">\n\t\t\t\t\t<div class=\"e-con-inner\">\n\t\t\t\t<div class=\"elementor-element elementor-element-4d830c8 elementor-widget elementor-widget-heading\" data-id=\"4d830c8\" data-element_type=\"widget\" data-widget_type=\"heading.default\">\n\t\t\t\t<div class=\"elementor-widget-container\">\n\t\t\t<h2 class=\"elementor-heading-title elementor-size-default\">Otras opciones a explorar<\/h2>\t\t<\/div>\n\t\t\t\t<\/div>\n\t\t\t\t\t<\/div>\n\t\t\t\t<\/div>\n\t\t<div class=\"elementor-element elementor-element-111ffb6 e-flex e-con-boxed wpr-particle-no wpr-jarallax-no wpr-parallax-no wpr-sticky-section-no e-con e-parent\" data-id=\"111ffb6\" data-element_type=\"container\">\n\t\t\t\t\t<div class=\"e-con-inner\">\n\t\t<div class=\"elementor-element elementor-element-b2468e0 e-con-full e-flex wpr-particle-no wpr-jarallax-no wpr-parallax-no wpr-sticky-section-no e-con e-child\" data-id=\"b2468e0\" data-element_type=\"container\">\n\t\t\t\t<div class=\"elementor-element elementor-element-aea2621 elementor-widget elementor-widget-image\" data-id=\"aea2621\" data-element_type=\"widget\" data-widget_type=\"image.default\">\n\t\t\t\t<div class=\"elementor-widget-container\">\n\t\t\t\t\t\t\t\t\t\t\t\t\t\t<a href=\"\/es\/rooms\/all-of-casa-viva\/\">\n\t\t\t\t\t\t\t<img decoding=\"async\" width=\"244\" height=\"237\" src=\"https:\/\/casavivatroncones.com\/wp-content\/uploads\/2024\/01\/Casa-Viva-Common-Area-Kellie-1-1.png\" class=\"attachment-large size-large wp-image-604\" alt=\"\" \/>\t\t\t\t\t\t\t\t<\/a>\n\t\t\t\t\t\t\t\t\t\t\t\t\t<\/div>\n\t\t\t\t<\/div>\n\t\t\t\t<div class=\"elementor-element elementor-element-2768d47 elementor-widget elementor-widget-heading\" data-id=\"2768d47\" data-element_type=\"widget\" data-widget_type=\"heading.default\">\n\t\t\t\t<div class=\"elementor-widget-container\">\n\t\t\t<h2 class=\"elementor-heading-title elementor-size-default\"><a href=\"\/es\/rooms\/all-of-casa-viva\/\">Todo el resort<\/a><\/h2>\t\t<\/div>\n\t\t\t\t<\/div>\n\t\t\t\t<\/div>\n\t\t<div class=\"elementor-element elementor-element-e0a3f8d e-con-full e-flex wpr-particle-no wpr-jarallax-no wpr-parallax-no wpr-sticky-section-no e-con e-child\" data-id=\"e0a3f8d\" data-element_type=\"container\">\n\t\t\t\t<div class=\"elementor-element elementor-element-ce17521 elementor-widget elementor-widget-image\" data-id=\"ce17521\" data-element_type=\"widget\" data-widget_type=\"image.default\">\n\t\t\t\t<div class=\"elementor-widget-container\">\n\t\t\t\t\t\t\t\t\t\t\t\t\t\t<a href=\"\/es\/rooms\/casita-redonda\/\">\n\t\t\t\t\t\t\t<img decoding=\"async\" width=\"244\" height=\"244\" src=\"https:\/\/casavivatroncones.com\/wp-content\/uploads\/2024\/01\/Photo-Dec-20-08-23-25-2.png\" class=\"attachment-large size-large wp-image-195\" alt=\"\" srcset=\"https:\/\/casavivatroncones.com\/wp-content\/uploads\/2024\/01\/Photo-Dec-20-08-23-25-2.png 244w, https:\/\/casavivatroncones.com\/wp-content\/uploads\/2024\/01\/Photo-Dec-20-08-23-25-2-150x150.png 150w\" sizes=\"(max-width: 244px) 100vw, 244px\" \/>\t\t\t\t\t\t\t\t<\/a>\n\t\t\t\t\t\t\t\t\t\t\t\t\t<\/div>\n\t\t\t\t<\/div>\n\t\t\t\t<div class=\"elementor-element elementor-element-51432af elementor-widget elementor-widget-heading\" data-id=\"51432af\" data-element_type=\"widget\" data-widget_type=\"heading.default\">\n\t\t\t\t<div class=\"elementor-widget-container\">\n\t\t\t<h2 class=\"elementor-heading-title elementor-size-default\"><a href=\"\/es\/rooms\/casita-redonda\/\">Casita Redonda<\/a><\/h2>\t\t<\/div>\n\t\t\t\t<\/div>\n\t\t\t\t<\/div>\n\t\t<div class=\"elementor-element elementor-element-c47b8cb e-con-full e-flex wpr-particle-no wpr-jarallax-no wpr-parallax-no wpr-sticky-section-no e-con e-child\" data-id=\"c47b8cb\" data-element_type=\"container\">\n\t\t\t\t<div class=\"elementor-element elementor-element-eea6c8f elementor-widget elementor-widget-image\" data-id=\"eea6c8f\" data-element_type=\"widget\" data-widget_type=\"image.default\">\n\t\t\t\t<div class=\"elementor-widget-container\">\n\t\t\t\t\t\t\t\t\t\t\t\t\t\t<a href=\"\/es\/rooms\/casita-cuadrada\/\">\n\t\t\t\t\t\t\t<img loading=\"lazy\" decoding=\"async\" width=\"244\" height=\"244\" src=\"https:\/\/casavivatroncones.com\/wp-content\/uploads\/2024\/01\/Photo-Dec-19-16-44-05-1.png\" class=\"attachment-large size-large wp-image-196\" alt=\"\" srcset=\"https:\/\/casavivatroncones.com\/wp-content\/uploads\/2024\/01\/Photo-Dec-19-16-44-05-1.png 244w, https:\/\/casavivatroncones.com\/wp-content\/uploads\/2024\/01\/Photo-Dec-19-16-44-05-1-150x150.png 150w\" sizes=\"(max-width: 244px) 100vw, 244px\" \/>\t\t\t\t\t\t\t\t<\/a>\n\t\t\t\t\t\t\t\t\t\t\t\t\t<\/div>\n\t\t\t\t<\/div>\n\t\t\t\t<div class=\"elementor-element elementor-element-580c92e elementor-widget elementor-widget-heading\" data-id=\"580c92e\" data-element_type=\"widget\" data-widget_type=\"heading.default\">\n\t\t\t\t<div class=\"elementor-widget-container\">\n\t\t\t<h2 class=\"elementor-heading-title elementor-size-default\"><a href=\"\/es\/rooms\/casita-cuadrada\/\">Casita Cuadrada<\/a><\/h2>\t\t<\/div>\n\t\t\t\t<\/div>\n\t\t\t\t<\/div>\n\t\t<div class=\"elementor-element elementor-element-f2a4e08 e-con-full e-flex wpr-particle-no wpr-jarallax-no wpr-parallax-no wpr-sticky-section-no e-con e-child\" data-id=\"f2a4e08\" data-element_type=\"container\">\n\t\t\t\t<div class=\"elementor-element elementor-element-9414587 elementor-widget elementor-widget-image\" data-id=\"9414587\" data-element_type=\"widget\" data-widget_type=\"image.default\">\n\t\t\t\t<div class=\"elementor-widget-container\">\n\t\t\t\t\t\t\t\t\t\t\t\t\t\t<a href=\"\/es\/rooms\/casita-caracol\/\">\n\t\t\t\t\t\t\t<img loading=\"lazy\" decoding=\"async\" width=\"244\" height=\"244\" src=\"https:\/\/casavivatroncones.com\/wp-content\/uploads\/2024\/01\/Photo-Dec-20-09-22-17-1.png\" class=\"attachment-large size-large wp-image-200\" alt=\"\" srcset=\"https:\/\/casavivatroncones.com\/wp-content\/uploads\/2024\/01\/Photo-Dec-20-09-22-17-1.png 244w, https:\/\/casavivatroncones.com\/wp-content\/uploads\/2024\/01\/Photo-Dec-20-09-22-17-1-150x150.png 150w\" sizes=\"(max-width: 244px) 100vw, 244px\" \/>\t\t\t\t\t\t\t\t<\/a>\n\t\t\t\t\t\t\t\t\t\t\t\t\t<\/div>\n\t\t\t\t<\/div>\n\t\t\t\t<div class=\"elementor-element elementor-element-7136fc2 elementor-widget elementor-widget-heading\" data-id=\"7136fc2\" data-element_type=\"widget\" data-widget_type=\"heading.default\">\n\t\t\t\t<div class=\"elementor-widget-container\">\n\t\t\t<h2 class=\"elementor-heading-title elementor-size-default\"><a href=\"\/es\/rooms\/casita-caracol\/\">Casita Caracol<\/a><\/h2>\t\t<\/div>\n\t\t\t\t<\/div>\n\t\t\t\t<\/div>\n\t\t\t\t\t<\/div>\n\t\t\t\t<\/div>\n\t\t\t\t<\/div>","protected":false},"excerpt":{"rendered":"<p>Casitas \/ Rooms Tapanco The Tapanco&nbsp;or Sleeping Porch is located over dinning room in Common Area. Enjoys unobstructed ocean view, bathroom located downstairs is part of Common Area. Great for overflow, when renting all of Casa Viva or for a great place for a cool breeze on a hot day. Can be set up with up to 4 single beds or 2 King Beds (made from joining 2 single beds together). Rate does NOT include breakfast and beer UNLESS you specifically purchase a package rate that includes these items. Owners favorite spot to stay!Stairs are used to access this unit. Pets are not allowed in this room. Rates based on Double Occupancy in each room (additional fees for more adults or children in each room) Low Season: $113 +tax High Season: $149 +tax HOLIDAY: $231 +tax BOOK NOW CHECK ROOM AVAILABILITY Other Options to Explore All Resort Casita Redonda Casita Cuadrada Casita Caracol<\/p>","protected":false},"author":1,"featured_media":0,"parent":9,"menu_order":0,"comment_status":"closed","ping_status":"closed","template":"elementor_header_footer","meta":{"footnotes":"","_joinchat":[]},"_links":{"self":[{"href":"https:\/\/casavivatroncones.com\/es\/wp-json\/wp\/v2\/pages\/421"}],"collection":[{"href":"https:\/\/casavivatroncones.com\/es\/wp-json\/wp\/v2\/pages"}],"about":[{"href":"https:\/\/casavivatroncones.com\/es\/wp-json\/wp\/v2\/types\/page"}],"author":[{"embeddable":true,"href":"https:\/\/casavivatroncones.com\/es\/wp-json\/wp\/v2\/users\/1"}],"replies":[{"embeddable":true,"href":"https:\/\/casavivatroncones.com\/es\/wp-json\/wp\/v2\/comments?post=421"}],"version-history":[{"count":43,"href":"https:\/\/casavivatroncones.com\/es\/wp-json\/wp\/v2\/pages\/421\/revisions"}],"predecessor-version":[{"id":1324,"href":"https:\/\/casavivatroncones.com\/es\/wp-json\/wp\/v2\/pages\/421\/revisions\/1324"}],"up":[{"embeddable":true,"href":"https:\/\/casavivatroncones.com\/es\/wp-json\/wp\/v2\/pages\/9"}],"wp:attachment":[{"href":"https:\/\/casavivatroncones.com\/es\/wp-json\/wp\/v2\/media?parent=421"}],"curies":[{"name":"wp","href":"https:\/\/api.w.org\/{rel}","templated":true}]}}