{"id":56,"date":"2024-01-22T17:25:26","date_gmt":"2024-01-22T17:25:26","guid":{"rendered":"https:\/\/ygx.nah.mybluehost.me\/?page_id=56"},"modified":"2024-02-08T20:09:34","modified_gmt":"2024-02-08T20:09:34","slug":"location","status":"publish","type":"page","link":"https:\/\/casavivatroncones.com\/es\/location\/","title":{"rendered":"Ubicaci\u00f3n"},"content":{"rendered":"<div data-elementor-type=\"wp-post\" data-elementor-id=\"56\" class=\"elementor elementor-56\">\n\t\t\t\t<div class=\"elementor-element elementor-element-c0b47a9 e-con-full e-flex wpr-particle-no wpr-jarallax-no wpr-parallax-no wpr-sticky-section-no e-con e-parent\" data-id=\"c0b47a9\" data-element_type=\"container\">\n\t\t<div class=\"elementor-element elementor-element-f8410a6 e-con-full e-flex wpr-particle-no wpr-jarallax-no wpr-parallax-no wpr-sticky-section-no e-con e-child\" data-id=\"f8410a6\" data-element_type=\"container\">\n\t\t\t\t<div class=\"elementor-element elementor-element-23598a3 elementor-widget elementor-widget-premium-addon-banner\" data-id=\"23598a3\" data-element_type=\"widget\" data-widget_type=\"premium-addon-banner.default\">\n\t\t\t\t<div class=\"elementor-widget-container\">\n\t\t\t\t\t<div class=\"premium-banner-ib premium-banner-min-height premium-banner-animation2 none active premium-banner__effect-type1\">\r\n\t\t\t\t\t\t\t\t\t\t<img fetchpriority=\"high\" decoding=\"async\" width=\"1200\" height=\"351\" src=\"https:\/\/casavivatroncones.com\/wp-content\/uploads\/2024\/01\/Group-345.png\" class=\"attachment-full size-full wp-image-133\" alt=\"\" srcset=\"https:\/\/casavivatroncones.com\/wp-content\/uploads\/2024\/01\/Group-345.png 1200w, https:\/\/casavivatroncones.com\/wp-content\/uploads\/2024\/01\/Group-345-300x88.png 300w, https:\/\/casavivatroncones.com\/wp-content\/uploads\/2024\/01\/Group-345-1024x300.png 1024w, https:\/\/casavivatroncones.com\/wp-content\/uploads\/2024\/01\/Group-345-768x225.png 768w\" sizes=\"(max-width: 1200px) 100vw, 1200px\" \/>\t\t\t\t\t\t\t\t\t<div class=\"premium-banner-ib-desc\">\r\n\t\t\t\t\r\n\t\t\t\t\t\t\t\t\t<h3 class=\"premium-banner-ib-title premium_banner_title\">\r\n\t\t\t\t\t\tUbicaci\u00f3n\t\t\t\t\t<\/h3>\r\n\t\t\t\t\r\n\t\t\t\t\r\n\t\t\t\t\r\n\t\t\t\t\t\t\t<\/div>\r\n\t\t\t\t\t<\/div>\r\n\r\n\t\t\t\t<\/div>\n\t\t\t\t<\/div>\n\t\t\t\t<div class=\"elementor-element elementor-element-f732069 elementor-widget elementor-widget-spacer\" data-id=\"f732069\" data-element_type=\"widget\" data-widget_type=\"spacer.default\">\n\t\t\t\t<div class=\"elementor-widget-container\">\n\t\t\t\t\t<div class=\"elementor-spacer\">\n\t\t\t<div class=\"elementor-spacer-inner\"><\/div>\n\t\t<\/div>\n\t\t\t\t<\/div>\n\t\t\t\t<\/div>\n\t\t\t\t<\/div>\n\t\t\t\t<\/div>\n\t\t<div class=\"elementor-element elementor-element-9d05456 e-flex e-con-boxed wpr-particle-no wpr-jarallax-no wpr-parallax-no wpr-sticky-section-no e-con e-parent\" data-id=\"9d05456\" data-element_type=\"container\">\n\t\t\t\t\t<div class=\"e-con-inner\">\n\t\t<div class=\"elementor-element elementor-element-f8193dd e-con-full e-flex wpr-particle-no wpr-jarallax-no wpr-parallax-no wpr-sticky-section-no e-con e-child\" data-id=\"f8193dd\" data-element_type=\"container\">\n\t\t\t\t<div class=\"elementor-element elementor-element-4738969 elementor-widget elementor-widget-heading\" data-id=\"4738969\" data-element_type=\"widget\" data-widget_type=\"heading.default\">\n\t\t\t\t<div class=\"elementor-widget-container\">\n\t\t\t<h2 class=\"elementor-heading-title elementor-size-default\">\u00a1Bienvenidos  Troncones!<\/h2>\t\t<\/div>\n\t\t\t\t<\/div>\n\t\t\t\t<div class=\"elementor-element elementor-element-f1b5b97 elementor-widget elementor-widget-text-editor\" data-id=\"f1b5b97\" data-element_type=\"widget\" data-widget_type=\"text-editor.default\">\n\t\t\t\t<div class=\"elementor-widget-container\">\n\t\t\t\t\t\t\t<p style=\"text-align: JUSTIFY;\">Troncones M\u00e9xico un pueblo costero con kil\u00f3metros de hermosas playas v\u00edrgenes. Casa Viva est\u00e1 a unos 15 minutos a pie del pueblo de Troncones y a 5 minutos en bicicleta.<\/p><p style=\"text-align: JUSTIFY;\"><span style=\"color: #7c8038; font-weight: bold;\">\u00bfBuscando nuevas aventuras?<\/span><\/p><ul><li style=\"text-align: JUSTIFY;\">Lecciones de surf de primer nivel impartidas por expertos como Michael Linn de <a style=\"color: #7c8038;\" href=\"https:\/\/www.tripadvisor.com.mx\/Attraction_Review-g445057-d25385365-Reviews-Tsunami_Surf-Troncones_Pacific_Coast.html\">Tsunami Sur .<\/a><\/li><li style=\"text-align: JUSTIFY;\" class=\"translation-block\"><a href=\"https:\/\/www.tripadvisor.com.mx\/Attraction_Review-g445057-d2358842-Reviews-Costa_Nativa_Ecotours-Troncones_Pacific_Coast.html\" target=\"_self\">El equipo de Costa Nativa Ecotours <\/a>te guiar\u00e1 a trav\u00e9s de la belleza de la naturaleza alrededor de Troncones.<\/li><li style=\"text-align: JUSTIFY;\">Consulta con uno de los miembros de nuestro personal, quien estar\u00e1 encantado de ayudarte a organizar tus actividades.<p><small>Av\u00edsanos con al menos un d\u00eda de antelaci\u00f3n.<\/small><\/p><\/li><\/ul>\t\t\t\t\t\t<\/div>\n\t\t\t\t<\/div>\n\t\t\t\t<\/div>\n\t\t<div class=\"elementor-element elementor-element-28eaff8 e-con-full e-flex wpr-particle-no wpr-jarallax-no wpr-parallax-no wpr-sticky-section-no e-con e-child\" data-id=\"28eaff8\" data-element_type=\"container\">\n\t\t\t\t<div class=\"elementor-element elementor-element-fe52f3c elementor-widget elementor-widget-image\" data-id=\"fe52f3c\" data-element_type=\"widget\" data-widget_type=\"image.default\">\n\t\t\t\t<div class=\"elementor-widget-container\">\n\t\t\t\t\t\t\t\t\t\t\t\t\t<img decoding=\"async\" width=\"800\" height=\"698\" src=\"https:\/\/casavivatroncones.com\/wp-content\/uploads\/2024\/02\/location-1024x893.png\" class=\"attachment-large size-large wp-image-1188\" alt=\"\" srcset=\"https:\/\/casavivatroncones.com\/wp-content\/uploads\/2024\/02\/location-1024x893.png 1024w, https:\/\/casavivatroncones.com\/wp-content\/uploads\/2024\/02\/location-300x262.png 300w, https:\/\/casavivatroncones.com\/wp-content\/uploads\/2024\/02\/location-768x670.png 768w, https:\/\/casavivatroncones.com\/wp-content\/uploads\/2024\/02\/location-1536x1340.png 1536w, https:\/\/casavivatroncones.com\/wp-content\/uploads\/2024\/02\/location.png 1717w\" sizes=\"(max-width: 800px) 100vw, 800px\" \/>\t\t\t\t\t\t\t\t\t\t\t\t\t<\/div>\n\t\t\t\t<\/div>\n\t\t\t\t<\/div>\n\t\t\t\t\t<\/div>\n\t\t\t\t<\/div>\n\t\t<div class=\"elementor-element elementor-element-a8c3029 e-flex e-con-boxed wpr-particle-no wpr-jarallax-no wpr-parallax-no wpr-sticky-section-no e-con e-parent\" data-id=\"a8c3029\" data-element_type=\"container\">\n\t\t\t\t\t<div class=\"e-con-inner\">\n\t\t<div class=\"elementor-element elementor-element-910f288 e-con-full e-flex wpr-particle-no wpr-jarallax-no wpr-parallax-no wpr-sticky-section-no e-con e-child\" data-id=\"910f288\" data-element_type=\"container\">\n\t\t\t\t<div class=\"elementor-element elementor-element-227cb83 elementor-widget elementor-widget-heading\" data-id=\"227cb83\" data-element_type=\"widget\" data-widget_type=\"heading.default\">\n\t\t\t\t<div class=\"elementor-widget-container\">\n\t\t\t<h2 class=\"elementor-heading-title elementor-size-default\">Llegando a Troncones<\/h2>\t\t<\/div>\n\t\t\t\t<\/div>\n\t\t\t\t<div class=\"elementor-element elementor-element-51ac252 elementor-widget elementor-widget-image\" data-id=\"51ac252\" data-element_type=\"widget\" data-widget_type=\"image.default\">\n\t\t\t\t<div class=\"elementor-widget-container\">\n\t\t\t\t\t\t\t\t\t\t\t\t\t<img decoding=\"async\" width=\"1200\" height=\"575\" src=\"https:\/\/casavivatroncones.com\/wp-content\/uploads\/2024\/01\/Captura-de-Pantalla-2024-01-09-a-las-4.21.47-p.m-1.png\" class=\"attachment-full size-full wp-image-239\" alt=\"\" srcset=\"https:\/\/casavivatroncones.com\/wp-content\/uploads\/2024\/01\/Captura-de-Pantalla-2024-01-09-a-las-4.21.47-p.m-1.png 1200w, https:\/\/casavivatroncones.com\/wp-content\/uploads\/2024\/01\/Captura-de-Pantalla-2024-01-09-a-las-4.21.47-p.m-1-300x144.png 300w, https:\/\/casavivatroncones.com\/wp-content\/uploads\/2024\/01\/Captura-de-Pantalla-2024-01-09-a-las-4.21.47-p.m-1-1024x491.png 1024w, https:\/\/casavivatroncones.com\/wp-content\/uploads\/2024\/01\/Captura-de-Pantalla-2024-01-09-a-las-4.21.47-p.m-1-768x368.png 768w\" sizes=\"(max-width: 1200px) 100vw, 1200px\" \/>\t\t\t\t\t\t\t\t\t\t\t\t\t<\/div>\n\t\t\t\t<\/div>\n\t\t\t\t<div class=\"elementor-element elementor-element-09571b7 elementor-widget elementor-widget-text-editor\" data-id=\"09571b7\" data-element_type=\"widget\" data-widget_type=\"text-editor.default\">\n\t\t\t\t<div class=\"elementor-widget-container\">\n\t\t\t\t\t\t\t<p style=\"text-align: JUSTIFY;\"><span style=\"color: #7c8038; font-weight: bold;\">Aeropuerto<\/span><\/p><p style=\"text-align: JUSTIFY;\">El aeropuerto m\u00e1s cercano es Ixtapa\/Zihuatanejo (ZIH). Vuelos directos generalmente desde LAX, Houston, Ciudad de M\u00e9xico, Denver, Minneapolis, Atlanta y otros lugares durante la temporada alta. El aeropuerto est\u00e1 ubicado a unos 50 minutos en auto de la playa de Troncones (m\u00e1s r\u00e1pido que nunca debido a las mejoras en la autopista y la pavimentaci\u00f3n de la carretera en Troncones). Consulta a continuaci\u00f3n las indicaciones para llegar en autom\u00f3vil a Troncones y Casa Viva.<\/p><p style=\"text-align: JUSTIFY;\"><span style=\"color: #7c8038; font-weight: bold;\">Taxi<\/span><br \/>El servicio de taxi del aeropuerto es un servicio de monopolio por lo que NO podemos venir a recogerle. Necesitar\u00e1s tomar un taxi o alquilar un coche. La \u00faltima vez que verificamos, el taxi cuesta alrededor de $70-80 (d\u00f3lares estadounidenses) por una tarifa de ida a Troncones, m\u00e1s por un taxi suburbano\/grande. El aeropuerto cuenta con UN solo servicio de taxi, el mostrador est\u00e1 a la derecha de la puerta de salida. Es posible que la gente del tiempo compartido lo moleste cuando salga de inmigraci\u00f3n. Son buenas personas pero NO con el servicio de taxi. Las tarifas de los taxis est\u00e1n publicadas y disponibles previa solicitud en la parada de taxis. No dudes en darle propina al conductor si hace un buen trabajo. El 10% del coste del taxi est\u00e1 bien.<\/p><p style=\"text-align: JUSTIFY;\"><span style=\"color: #7c8038; font-weight: bold;\">Rentando un auto<\/span><br \/>Puedes alquilar un coche por adelantado por 40-50 d\u00f3lares por d\u00eda (dependiendo del coche). Las tarifas son m\u00e1s bajas si reserva directamente con la oficina local que en l\u00ednea, ya que la oficina local deber\u00e1 cobrarle por los seguros despu\u00e9s de reservar en l\u00ednea. La mayor\u00eda de las principales agencias de alquiler de coches operan desde el aeropuerto ZIH, incluidas Thrifty, Hertz, Budget y Payless. Tenemos un contacto con Payless y podemos ayudar a negociar una mejor tarifa con ellos si est\u00e1s interesado. Por favor cont\u00e1ctanos por correo electr\u00f3nico para m\u00e1s informaci\u00f3n.<\/p>\t\t\t\t\t\t<\/div>\n\t\t\t\t<\/div>\n\t\t\t\t<div class=\"elementor-element elementor-element-9273484 elementor-align-center elementor-widget elementor-widget-button\" data-id=\"9273484\" data-element_type=\"widget\" data-widget_type=\"button.default\">\n\t\t\t\t<div class=\"elementor-widget-container\">\n\t\t\t\t\t\t\t<div class=\"elementor-button-wrapper\">\n\t\t\t\t\t<a class=\"elementor-button elementor-button-link elementor-size-xs\" href=\"http:\/\/ygx.nah.mybluehost.me\/wp-content\/uploads\/2024\/02\/Casa-VIva-Location-Ubicacion.pdf\" target=\"_blank\">\n\t\t\t\t\t\t<span class=\"elementor-button-content-wrapper\">\n\t\t\t\t\t\t\t\t\t<span class=\"elementor-button-text\">Descarga la gu\u00eda e instrucciones para llegar<\/span>\n\t\t\t\t\t<\/span>\n\t\t\t\t\t<\/a>\n\t\t\t\t<\/div>\n\t\t\t\t\t\t<\/div>\n\t\t\t\t<\/div>\n\t\t\t\t<\/div>\n\t\t\t\t\t<\/div>\n\t\t\t\t<\/div>\n\t\t<div class=\"elementor-element elementor-element-db2e2b6 e-flex e-con-boxed wpr-particle-no wpr-jarallax-no wpr-parallax-no wpr-sticky-section-no e-con e-parent\" data-id=\"db2e2b6\" data-element_type=\"container\">\n\t\t\t\t\t<div class=\"e-con-inner\">\n\t\t<div class=\"elementor-element elementor-element-d503b40 e-con-full e-flex wpr-particle-no wpr-jarallax-no wpr-parallax-no wpr-sticky-section-no e-con e-child\" data-id=\"d503b40\" data-element_type=\"container\">\n\t\t\t\t<div class=\"elementor-element elementor-element-1dcdcc2 elementor-widget elementor-widget-heading\" data-id=\"1dcdcc2\" data-element_type=\"widget\" data-widget_type=\"heading.default\">\n\t\t\t\t<div class=\"elementor-widget-container\">\n\t\t\t<h2 class=\"elementor-heading-title elementor-size-default\">Llegar manejando<\/h2>\t\t<\/div>\n\t\t\t\t<\/div>\n\t\t\t\t<div class=\"elementor-element elementor-element-d1fedc3 elementor-widget elementor-widget-text-editor\" data-id=\"d1fedc3\" data-element_type=\"widget\" data-widget_type=\"text-editor.default\">\n\t\t\t\t<div class=\"elementor-widget-container\">\n\t\t\t\t\t\t\t<p style=\"text-align: JUSTIFY;\"><span style=\"color: #7c8038; font-weight: bold;\">Desde el Aeropuerto<\/span><\/p>\n<p style=\"text-align: JUSTIFY;\">Toma la carretera a L\u00e1zaro C\u00e1rdenaz (desde Zihuatanejo \u2013 hacia Ixtapa, pasar\u00e1s por alto Ixtapa y tres peque\u00f1os pueblos, Sallitera, Pantla y Buenavista. La carretera ha estado en construcci\u00f3n y ahora pasar\u00e1s por alto la mayor\u00eda de esos pueblos. Despu\u00e9s de Buenavista, ver\u00e1s una se\u00f1al hacia Troncones, saldr\u00e1s a la derecha y luego seguir\u00e1s el camino a la izquierda para cruzar la carretera, volver\u00e1s a doblar la carretera antigua, pasar\u00e1s una estaci\u00f3n de Pemex y luego ver\u00e1s el camino hacia Troncones a la derecha.  Sigue ese camino por unos cuantos kil\u00f3metros y terminar\u00e1s en el Oc\u00e9ano Pac\u00edfico (carretera T-in). Gira a la derecha (hacia la Bah\u00eda de Manzanillo), conduce un poco m\u00e1s de unos 2 km y llegar\u00e1s. Ver\u00e1s la entrada a Casa Viva a tu izquierda, justo despu\u00e9s de Casa Riscal. Algunas de las casas que pasar\u00e1s a medida que te acerques son Regalo del Mar, Casa Las Piedras, Casa Riscal y luego Casa Viva, si llegas a Casa Blanca o al Inn at Manzanillo Bay o Hacienda Edn, te has pasado, date la vuelta y regresa.<\/p>\n\n<p style=\"text-align: JUSTIFY;\"><span style=\"color: #7c8038; font-weight: bold;\">From Lazaro Cardenas\/Hwy from Morelia:<\/span><\/p>\n\nToma la carretera costera 95 hacia el sur hacia Ixtapa. Despu\u00e9s de pasar La Uni\u00f3n, ver\u00e1s la salida a Troncones a su derecha. Toma la salida y luego gira a la derecha y sigue ese camino hasta el final en el Oc\u00e9ano Pac\u00edfico (carretera T-in). Gira a la derecha (hacia la Bah\u00eda de Manzanillo) y conduce aproximadamente 2 km. Sigue las instrucciones anteriores hasta Casa Viva.\t\t\t\t\t\t<\/div>\n\t\t\t\t<\/div>\n\t\t\t\t<div class=\"elementor-element elementor-element-12e977b elementor-align-center elementor-widget elementor-widget-button\" data-id=\"12e977b\" data-element_type=\"widget\" data-widget_type=\"button.default\">\n\t\t\t\t<div class=\"elementor-widget-container\">\n\t\t\t\t\t\t\t<div class=\"elementor-button-wrapper\">\n\t\t\t\t\t<a class=\"elementor-button elementor-button-link elementor-size-xs\" href=\"http:\/\/ygx.nah.mybluehost.me\/wp-content\/uploads\/2024\/02\/Casa-VIva-Location-Ubicacion.pdf\" target=\"_blank\">\n\t\t\t\t\t\t<span class=\"elementor-button-content-wrapper\">\n\t\t\t\t\t\t\t\t\t<span class=\"elementor-button-text\">Descarga la gu\u00eda e instrucciones para llegar<\/span>\n\t\t\t\t\t<\/span>\n\t\t\t\t\t<\/a>\n\t\t\t\t<\/div>\n\t\t\t\t\t\t<\/div>\n\t\t\t\t<\/div>\n\t\t\t\t<\/div>\n\t\t\t\t\t<\/div>\n\t\t\t\t<\/div>\n\t\t\t\t<\/div>","protected":false},"excerpt":{"rendered":"<p>Location Welcome to Troncones Troncones Mexico a seaside village with miles of unspoiled, beautiful sandy beaches.\u00a0Casa Viva is about a 15-minute walk from the village of Troncones and a 5-minute bike ride. Are you searching for new adventures? Top-notch surf lessons from experts like Michael Linn from Tsunami Sur . Costa Nativa Ecotours team guides you through the beauty of nature around Troncones. Inquire with one of our staff members, who will happily assist in arranging your activities. Please notice at least a day in advance. Arriving at Troncones Airport: The closest airport is Ixtapa\/Zihuatanejo (ZIH). Direct flights generally from LAX, Houston, Mexico City, Denver, Minneapolis, Atlanta and other locations during High Season. The airport is located about a 50-minute drive to Troncones Beach (faster than ever due to improvements to the highway and paving of the road in Troncones).\u00a0See below for driving directions to Troncones and Casa Viva. Taxi:The airport taxi service is a monopoly service so we are NOT allowed to come pick you up. You will need to get a cab or rent a car. Last time we checked, Taxi\u2019s cost about $70-80 (US Dollars) for one-way fare to Troncones, more for a Suburban\/Large Taxi.\u00a0The airport has only ONE taxi service, the desk is to the right of the exit door. You may get pestered by the timeshare folks on your way out of immigration. They are nice folks but NOT with the taxi service.\u00a0Taxi rates are published and available upon request from the taxi stand.\u00a0Feel free to tip your driver if they do a good job. 10% of cost of taxi is fine. Car Rental:You can rent a car, in advance for $40-50 per day (depending on car). Rates are lower if you book directly with the local office than online as the local office will need to charge you for insurances after you book online. Most major car rental agencies operate out of ZIH airport including Thrifty, Hertz, Budget and Payless. We have a contact with Payless and can help negotiate a better rate with them if you are interested. Please contact us by email for more information. DOWNLOAD AND SAVE DIRECTIONS Driving Directions From the airport: Take the road to Lazaro Cardenaz (from Zihuatanejo \u2013 towards Ixtapa, you will by-pass Ixtapa and three small pueblos, Salitera, Pantla and Buenavista. The road has been under construction and now you will bypass most of those towns. After Buenavista, you will see a road sign to Troncones, you will exit right and then follow road around to your left to cross the highway. You will double back on the old highway, pass a Pemex station and then see the road to the Troncones on your right. It should be well marked, have a bus stop and a nice &#8220;tope&#8221; (speed bump) as you enter. Follow that road for a few miles and it will end at the Pacific Ocean (T-in road). Make a right (towards Manzanillo Bay), drive a little over a mile and you get to Playa Viva. You will see entrance to Casa Viva on your left, just after Casa Riscal. Some of the houses you will pass as you get closer are Regalo del Mar, Casa Las Piedras, Casa Riscal and then Casa Viva. If you get to Casa Blanca or the Inn at Manzanillo Bay or Hacienda Edn, you&#8217;ve gone too far, turn around and go back. From Lazaro Cardenas\/Hwy from Morelia: Take coastal highway, 95, south towards Ixtapa. After you pass La Union, you will see the exit to Troncones on your right. Take the exit and then take the next right and follow that road to the end at the Pacific Ocean (T-in road). Make a right (towards Manzanillo Bay), drive about 1 mile. Follow directions above to Casa Viva.. DOWNLOAD AND SAVE DIRECTIONS<\/p>","protected":false},"author":1,"featured_media":0,"parent":0,"menu_order":0,"comment_status":"closed","ping_status":"closed","template":"elementor_header_footer","meta":{"footnotes":"","_joinchat":[]},"_links":{"self":[{"href":"https:\/\/casavivatroncones.com\/es\/wp-json\/wp\/v2\/pages\/56"}],"collection":[{"href":"https:\/\/casavivatroncones.com\/es\/wp-json\/wp\/v2\/pages"}],"about":[{"href":"https:\/\/casavivatroncones.com\/es\/wp-json\/wp\/v2\/types\/page"}],"author":[{"embeddable":true,"href":"https:\/\/casavivatroncones.com\/es\/wp-json\/wp\/v2\/users\/1"}],"replies":[{"embeddable":true,"href":"https:\/\/casavivatroncones.com\/es\/wp-json\/wp\/v2\/comments?post=56"}],"version-history":[{"count":79,"href":"https:\/\/casavivatroncones.com\/es\/wp-json\/wp\/v2\/pages\/56\/revisions"}],"predecessor-version":[{"id":1279,"href":"https:\/\/casavivatroncones.com\/es\/wp-json\/wp\/v2\/pages\/56\/revisions\/1279"}],"wp:attachment":[{"href":"https:\/\/casavivatroncones.com\/es\/wp-json\/wp\/v2\/media?parent=56"}],"curies":[{"name":"wp","href":"https:\/\/api.w.org\/{rel}","templated":true}]}}