{"id":7,"date":"2024-01-22T16:36:38","date_gmt":"2024-01-22T16:36:38","guid":{"rendered":"https:\/\/ygx.nah.mybluehost.me\/?page_id=7"},"modified":"2024-03-14T00:34:32","modified_gmt":"2024-03-14T00:34:32","slug":"restaurant","status":"publish","type":"page","link":"https:\/\/casavivatroncones.com\/es\/restaurant\/","title":{"rendered":"Restaurante"},"content":{"rendered":"<div data-elementor-type=\"wp-post\" data-elementor-id=\"7\" class=\"elementor elementor-7\">\n\t\t\t\t<div class=\"elementor-element elementor-element-22356f8 e-con-full e-flex wpr-particle-no wpr-jarallax-no wpr-parallax-no wpr-sticky-section-no e-con e-parent\" data-id=\"22356f8\" data-element_type=\"container\">\n\t\t<div class=\"elementor-element elementor-element-1007003 e-con-full e-flex wpr-particle-no wpr-jarallax-no wpr-parallax-no wpr-sticky-section-no e-con e-child\" data-id=\"1007003\" data-element_type=\"container\">\n\t\t\t\t<div class=\"elementor-element elementor-element-08784c7 elementor-widget elementor-widget-premium-addon-banner\" data-id=\"08784c7\" data-element_type=\"widget\" data-widget_type=\"premium-addon-banner.default\">\n\t\t\t\t<div class=\"elementor-widget-container\">\n\t\t\t\t\t<div class=\"premium-banner-ib premium-banner-min-height premium-banner-animation2 none premium-banner__effect-type1\">\r\n\t\t\t\t\t\t\t\t\t\t<img fetchpriority=\"high\" decoding=\"async\" width=\"1201\" height=\"351\" src=\"https:\/\/casavivatroncones.com\/wp-content\/uploads\/2024\/01\/Group-345-1.png\" class=\"attachment-full size-full wp-image-137\" alt=\"\" srcset=\"https:\/\/casavivatroncones.com\/wp-content\/uploads\/2024\/01\/Group-345-1.png 1201w, https:\/\/casavivatroncones.com\/wp-content\/uploads\/2024\/01\/Group-345-1-300x88.png 300w, https:\/\/casavivatroncones.com\/wp-content\/uploads\/2024\/01\/Group-345-1-1024x299.png 1024w, https:\/\/casavivatroncones.com\/wp-content\/uploads\/2024\/01\/Group-345-1-768x224.png 768w\" sizes=\"(max-width: 1201px) 100vw, 1201px\" \/>\t\t\t\t\t\t\t\t\t<div class=\"premium-banner-ib-desc\">\r\n\t\t\t\t\r\n\t\t\t\t\t\t\t\t\t<h3 class=\"premium-banner-ib-title premium_banner_title\">\r\n\t\t\t\t\t\tMen\u00fa\t\t\t\t\t<\/h3>\r\n\t\t\t\t\r\n\t\t\t\t\r\n\t\t\t\t\r\n\t\t\t\t\t\t\t<\/div>\r\n\t\t\t\t\t<\/div>\r\n\r\n\t\t\t\t<\/div>\n\t\t\t\t<\/div>\n\t\t\t\t<div class=\"elementor-element elementor-element-dc15d6b elementor-widget elementor-widget-spacer\" data-id=\"dc15d6b\" data-element_type=\"widget\" data-widget_type=\"spacer.default\">\n\t\t\t\t<div class=\"elementor-widget-container\">\n\t\t\t\t\t<div class=\"elementor-spacer\">\n\t\t\t<div class=\"elementor-spacer-inner\"><\/div>\n\t\t<\/div>\n\t\t\t\t<\/div>\n\t\t\t\t<\/div>\n\t\t\t\t<\/div>\n\t\t\t\t<\/div>\n\t\t<div class=\"elementor-element elementor-element-8246b01 e-flex e-con-boxed wpr-particle-no wpr-jarallax-no wpr-parallax-no wpr-sticky-section-no e-con e-parent\" data-id=\"8246b01\" data-element_type=\"container\">\n\t\t\t\t\t<div class=\"e-con-inner\">\n\t\t<div class=\"elementor-element elementor-element-9e10ea0 e-con-full e-flex wpr-particle-no wpr-jarallax-no wpr-parallax-no wpr-sticky-section-no e-con e-child\" data-id=\"9e10ea0\" data-element_type=\"container\">\n\t\t\t\t<div class=\"elementor-element elementor-element-8cd63d2 elementor-widget elementor-widget-heading\" data-id=\"8cd63d2\" data-element_type=\"widget\" data-widget_type=\"heading.default\">\n\t\t\t\t<div class=\"elementor-widget-container\">\n\t\t\t<h2 class=\"elementor-heading-title elementor-size-default\">Maribel &amp; Andres<\/h2>\t\t<\/div>\n\t\t\t\t<\/div>\n\t\t\t\t<div class=\"elementor-element elementor-element-d7db5d9 elementor-widget elementor-widget-text-editor\" data-id=\"d7db5d9\" data-element_type=\"widget\" data-widget_type=\"text-editor.default\">\n\t\t\t\t<div class=\"elementor-widget-container\">\n\t\t\t\t\t\t\t<p style=\"text-align: justify;\" class=\"translation-block\"><span style=\"color: #7c8038;font-weight: negrita\">\u00a1Bienvenido a Maribel's &amp; Andr\u00e9s Kitchen!<br><\/span>Estar\u00e1n encantados de ser tus anfitriones en Casa Viva, invit\u00e1ndote a entrar en su cocina y saborear sus deliciosas creaciones. Tenga en cuenta que no es un restaurante; est\u00e1s alojado en su cocina. Sin embargo, te aseguramos que quedar\u00e1s satisfecho con su cocina tradicional.<\/p>\t\t\t\t\t\t<\/div>\n\t\t\t\t<\/div>\n\t\t\t\t<\/div>\n\t\t<div class=\"elementor-element elementor-element-e00ff33 e-con-full e-flex wpr-particle-no wpr-jarallax-no wpr-parallax-no wpr-sticky-section-no e-con e-child\" data-id=\"e00ff33\" data-element_type=\"container\">\n\t\t\t\t<div class=\"elementor-element elementor-element-58c0ee9 elementor-widget elementor-widget-image\" data-id=\"58c0ee9\" data-element_type=\"widget\" data-widget_type=\"image.default\">\n\t\t\t\t<div class=\"elementor-widget-container\">\n\t\t\t\t\t\t\t\t\t\t\t\t\t<img decoding=\"async\" width=\"800\" height=\"563\" src=\"https:\/\/casavivatroncones.com\/wp-content\/uploads\/2024\/01\/Maribels-Andres-1.png\" class=\"attachment-large size-large wp-image-1039\" alt=\"\" srcset=\"https:\/\/casavivatroncones.com\/wp-content\/uploads\/2024\/01\/Maribels-Andres-1.png 897w, https:\/\/casavivatroncones.com\/wp-content\/uploads\/2024\/01\/Maribels-Andres-1-300x211.png 300w, https:\/\/casavivatroncones.com\/wp-content\/uploads\/2024\/01\/Maribels-Andres-1-768x540.png 768w\" sizes=\"(max-width: 800px) 100vw, 800px\" \/>\t\t\t\t\t\t\t\t\t\t\t\t\t<\/div>\n\t\t\t\t<\/div>\n\t\t\t\t<\/div>\n\t\t\t\t\t<\/div>\n\t\t\t\t<\/div>\n\t\t<div class=\"elementor-element elementor-element-3506bc7 e-flex e-con-boxed wpr-particle-no wpr-jarallax-no wpr-parallax-no wpr-sticky-section-no e-con e-parent\" data-id=\"3506bc7\" data-element_type=\"container\">\n\t\t\t\t\t<div class=\"e-con-inner\">\n\t\t\t\t<div class=\"elementor-element elementor-element-37a7c83 elementor-widget elementor-widget-spacer\" data-id=\"37a7c83\" data-element_type=\"widget\" data-widget_type=\"spacer.default\">\n\t\t\t\t<div class=\"elementor-widget-container\">\n\t\t\t\t\t<div class=\"elementor-spacer\">\n\t\t\t<div class=\"elementor-spacer-inner\"><\/div>\n\t\t<\/div>\n\t\t\t\t<\/div>\n\t\t\t\t<\/div>\n\t\t\t\t\t<\/div>\n\t\t\t\t<\/div>\n\t\t<div class=\"elementor-element elementor-element-a06fa8a e-flex e-con-boxed wpr-particle-no wpr-jarallax-no wpr-parallax-no wpr-sticky-section-no e-con e-parent\" data-id=\"a06fa8a\" data-element_type=\"container\">\n\t\t\t\t\t<div class=\"e-con-inner\">\n\t\t<div class=\"elementor-element elementor-element-6d2ac58 e-con-full e-flex wpr-particle-no wpr-jarallax-no wpr-parallax-no wpr-sticky-section-no e-con e-child\" data-id=\"6d2ac58\" data-element_type=\"container\">\n\t\t\t\t<div class=\"elementor-element elementor-element-7a33dce elementor-widget elementor-widget-heading\" data-id=\"7a33dce\" data-element_type=\"widget\" data-widget_type=\"heading.default\">\n\t\t\t\t<div class=\"elementor-widget-container\">\n\t\t\t<h2 class=\"elementor-heading-title elementor-size-default\">Espa\u00f1ol<\/h2>\t\t<\/div>\n\t\t\t\t<\/div>\n\t\t\t\t<div class=\"elementor-element elementor-element-f26739c elementor-widget elementor-widget-text-editor\" data-id=\"f26739c\" data-element_type=\"widget\" data-widget_type=\"text-editor.default\">\n\t\t\t\t<div class=\"elementor-widget-container\">\n\t\t\t\t\t\t\t<p style=\"text-align: JUSTIFY;\"><span style=\"color: #7c8038; font-weight: bold;\">Desayuno Ligero<br \/><\/span>Caf\u00e9\u00a0o te<br \/>Fruta<br \/>Una opci\u00f3n de avena, hot cakes o huevos sin carne.<br \/><span style=\"color: #7c8038; font-weight: bold;\">$125 pesos (ni\u00f1os $85)<\/span><\/p><p style=\"text-align: JUSTIFY;\"><span style=\"color: #7c8038; font-weight: bold;\">Desayuno completo<\/span><br \/>Caf\u00e9, leche, jugo de naranja fresco, fruta con yogurt, huevos al gusto, jam\u00f3n o tocino.<br \/><span style=\"color: #7c8038; font-weight: bold;\">$180 pesos (ni\u00f1os $130 )<\/span><\/p><p style=\"text-align: JUSTIFY;\"><span style=\"color: #7c8038; font-weight: bold;\">Comidas<\/span><\/p><p>Platillos ligeros y antojitos mexicanos (mole de pollo, fajitas de pollo o carne, chiles rellenos, enchiladas, ceviche, pescadillas, tacos, etc.)<br \/><span style=\"color: #7c8038; font-weight: bold;\">$230 pesos (ni\u00f1os $180)<\/span><\/p><p>Mariscos (pescado o camar\u00f3n)<br \/><span style=\"color: #7c8038; font-weight: bold;\">$280 pesos (ni\u00f1os $230)<\/span><\/p><p style=\"text-align: JUSTIFY;\"><span style=\"color: #7c8038; font-weight: bold;\">Aperitivo<\/span><br \/>Guacamole $100<br \/>Pico de gallo $70<br \/>3 salsas $50<\/p><p style=\"text-align: JUSTIFY;\"><span style=\"color: #7c8038; font-weight: bold;\">Bebidas<\/span><br \/>Cerveza (Corona, Corona Light and Victoria) $90 MX<br \/>Coco Fr\u00edo $50 MX<\/p><p style=\"text-align: JUSTIFY;\"><i><span style=\"color: #7c8038; font-weight: bold;\">No se ofrece cena<\/span><\/i> &#8211; tenemos una lista de restaurantes que recomendamos<\/p>\t\t\t\t\t\t<\/div>\n\t\t\t\t<\/div>\n\t\t\t\t<div class=\"elementor-element elementor-element-d0c5754 elementor-widget elementor-widget-text-editor\" data-id=\"d0c5754\" data-element_type=\"widget\" data-widget_type=\"text-editor.default\">\n\t\t\t\t<div class=\"elementor-widget-container\">\n\t\t\t\t\t\t\t<p style=\"text-align: left;\">*Los precios pueden variar sin previo aviso, debiendo consultar disponibilidad y precios directamente con Maribel y Andr\u00e9s con antelaci\u00f3n.<\/p><p>Ni\u00f1os =\u00a0 2-12 a\u00f1os<\/p>\t\t\t\t\t\t<\/div>\n\t\t\t\t<\/div>\n\t\t\t\t<\/div>\n\t\t<div class=\"elementor-element elementor-element-adeae36 e-con-full e-flex wpr-particle-no wpr-jarallax-no wpr-parallax-no wpr-sticky-section-no e-con e-child\" data-id=\"adeae36\" data-element_type=\"container\">\n\t\t\t\t<div class=\"elementor-element elementor-element-45d3eec elementor-widget elementor-widget-heading\" data-id=\"45d3eec\" data-element_type=\"widget\" data-widget_type=\"heading.default\">\n\t\t\t\t<div class=\"elementor-widget-container\">\n\t\t\t<h2 class=\"elementor-heading-title elementor-size-default\">English<\/h2>\t\t<\/div>\n\t\t\t\t<\/div>\n\t\t\t\t<div class=\"elementor-element elementor-element-77b4917 elementor-widget elementor-widget-text-editor\" data-id=\"77b4917\" data-element_type=\"widget\" data-widget_type=\"text-editor.default\">\n\t\t\t\t<div class=\"elementor-widget-container\">\n\t\t\t\t\t\t\t<p style=\"text-align: left;\">*Prices may vary without notice, and you should check availability and prices directly with Maribel and Andr\u00e9s in advance.<\/p><p style=\"text-align: left;\"><span style=\"text-align: right;\">Children =\u00a0 2-12 years<\/span><\/p>\t\t\t\t\t\t<\/div>\n\t\t\t\t<\/div>\n\t\t\t\t<div class=\"elementor-element elementor-element-e76e527 elementor-widget elementor-widget-text-editor\" data-id=\"e76e527\" data-element_type=\"widget\" data-widget_type=\"text-editor.default\">\n\t\t\t\t<div class=\"elementor-widget-container\">\n\t\t\t\t\t\t\t<p style=\"text-align: JUSTIFY;\"><span style=\"color: #7c8038; font-weight: bold;\">Light Breakfast<\/span><br>Coffee or tea<br>Fruit<br>Choice of oatmeal, hot cakes or eggs.<br><span style=\"color: #7c8038; font-weight: bold;\">$7 USD (children $5 USD)<\/span><\/p>\n<p style=\"text-align: JUSTIFY;\"><span style=\"color: #7c8038; font-weight: bold;\">Full breakfast<\/span><br>Coffee, milk, fresh orange juice, fruit and yogurt, eggs to taste, ham or bacon.<br><span style=\"color: #7c8038; font-weight: bold;\">$10 USD (children $7 USD)<\/span><\/p>\n<p style=\"text-align: JUSTIFY;\"><span style=\"color: #7c8038; font-weight: bold;\">Foods<\/span><br>Light dishes and Mexican appetizers (chicken mole, chicken or beef fajitas, stuffed chilies, enchiladas, ceviche, whiting, tacos, etc.)<br><span style=\"color: #7c8038; font-weight: bold;\">$12 USD (children $9 USD)<\/span><\/p>\n<p>Seafood (fish or shrimp)<br><span style=\"color: #7c8038; font-weight: bold;\">$15 USD (children $12 USD)<\/span><\/p>\n<p style=\"text-align: JUSTIFY;\"><span style=\"color: #7c8038; font-weight: bold;\">Appetizer<\/span><br>Guacamole $5 USD<br>Cockerel $4 USD<br>3 sauces $3 USD<\/p>\n<p style=\"text-align: JUSTIFY;\"><span style=\"color: #7c8038; font-weight: bold;\">Beverages<\/span><br>Beer (Corona, Corona Light and Victoria) $5 USD<br>Cold Coconut $3 USD<i><\/i><\/p>\n<p style=\"text-align: JUSTIFY;\"><span style=\"color: #7c8038; font-weight: bold;\">Dinner is not offered<\/span> &#8211; we have a list of restaurants we recommend<\/p>\t\t\t\t\t\t<\/div>\n\t\t\t\t<\/div>\n\t\t\t\t<\/div>\n\t\t\t\t\t<\/div>\n\t\t\t\t<\/div>\n\t\t\t\t<\/div>","protected":false},"excerpt":{"rendered":"<p>Men\u00fa Maribel &#038; Andres Welcome to Maribel\u2019s &amp; Andr\u00e9s Kitchen!They will be delighted to be your hosts at Casa Viva, inviting you to step into their kitchen and savor their delicious creations. Please note that it\u2019s not a restaurant; you\u2019re being hosted in their kitchen. However, we assure you that you will be pleased with their traditional cooking. Espa\u00f1ol Desayuno LigeroCaf\u00e9\u00a0o teFrutaUna opci\u00f3n de avena, hot cakes o huevos sin carne.$125 pesos (ni\u00f1os $85) Desayuno completoCaf\u00e9, leche, jugo de naranja fresco, fruta con yogurt, huevos al gusto, jam\u00f3n o tocino.$180 pesos (ni\u00f1os $130 ) Comidas Platillos ligeros y antojitos mexicanos (mole de pollo, fajitas de pollo o carne, chiles rellenos, enchiladas, ceviche, pescadillas, tacos, etc.)$230 pesos (ni\u00f1os $180) Mariscos (pescado o camar\u00f3n)$280 pesos (ni\u00f1os $230) AperitivoGuacamole $100Pico de gallo $703 salsas $50 BebidasCerveza (Corona, Corona Light and Victoria) $90 MXCoco Fr\u00edo $50 MX No se ofrece cena &#8211; tenemos una lista de restaurantes que recomendamos *Los precios pueden variar sin previo aviso, debiendo consultar disponibilidad y precios directamente con Maribel y Andr\u00e9s con antelaci\u00f3n. Ni\u00f1os =\u00a0 2-12 a\u00f1os English *Prices may vary without notice, and you should check availability and prices directly with Maribel and Andr\u00e9s in advance. Children =\u00a0 2-12 years Light BreakfastCoffee or teaFruitChoice of oatmeal, hot cakes or eggs.$7 USD (children $5 USD) Full breakfastCoffee, milk, fresh orange juice, fruit and yogurt, eggs to taste, ham or bacon.$10 USD (children $7 USD) FoodsLight dishes and Mexican appetizers (chicken mole, chicken or beef fajitas, stuffed chilies, enchiladas, ceviche, whiting, tacos, etc.)$12 USD (children $9 USD) Seafood (fish or shrimp)$15 USD (children $12 USD) AppetizerGuacamole $5 USDCockerel $4 USD3 sauces $3 USD BeveragesBeer (Corona, Corona Light and Victoria) $5 USDCold Coconut $3 USD Dinner is not offered &#8211; we have a list of restaurants we recommend<\/p>","protected":false},"author":1,"featured_media":0,"parent":0,"menu_order":0,"comment_status":"closed","ping_status":"closed","template":"elementor_header_footer","meta":{"footnotes":"","_joinchat":[]},"_links":{"self":[{"href":"https:\/\/casavivatroncones.com\/es\/wp-json\/wp\/v2\/pages\/7"}],"collection":[{"href":"https:\/\/casavivatroncones.com\/es\/wp-json\/wp\/v2\/pages"}],"about":[{"href":"https:\/\/casavivatroncones.com\/es\/wp-json\/wp\/v2\/types\/page"}],"author":[{"embeddable":true,"href":"https:\/\/casavivatroncones.com\/es\/wp-json\/wp\/v2\/users\/1"}],"replies":[{"embeddable":true,"href":"https:\/\/casavivatroncones.com\/es\/wp-json\/wp\/v2\/comments?post=7"}],"version-history":[{"count":74,"href":"https:\/\/casavivatroncones.com\/es\/wp-json\/wp\/v2\/pages\/7\/revisions"}],"predecessor-version":[{"id":1330,"href":"https:\/\/casavivatroncones.com\/es\/wp-json\/wp\/v2\/pages\/7\/revisions\/1330"}],"wp:attachment":[{"href":"https:\/\/casavivatroncones.com\/es\/wp-json\/wp\/v2\/media?parent=7"}],"curies":[{"name":"wp","href":"https:\/\/api.w.org\/{rel}","templated":true}]}}