{"id":79,"date":"2024-01-22T17:46:56","date_gmt":"2024-01-22T17:46:56","guid":{"rendered":"https:\/\/ygx.nah.mybluehost.me\/?page_id=79"},"modified":"2024-03-13T07:00:51","modified_gmt":"2024-03-13T07:00:51","slug":"rates","status":"publish","type":"page","link":"https:\/\/casavivatroncones.com\/es\/rates\/","title":{"rendered":"Tarifas"},"content":{"rendered":"<div data-elementor-type=\"wp-post\" data-elementor-id=\"79\" class=\"elementor elementor-79\">\n\t\t\t\t<div class=\"elementor-element elementor-element-7faa8d5 e-con-full e-flex wpr-particle-no wpr-jarallax-no wpr-parallax-no wpr-sticky-section-no e-con e-parent\" data-id=\"7faa8d5\" data-element_type=\"container\">\n\t\t<div class=\"elementor-element elementor-element-21b18eb e-con-full e-flex wpr-particle-no wpr-jarallax-no wpr-parallax-no wpr-sticky-section-no e-con e-child\" data-id=\"21b18eb\" data-element_type=\"container\">\n\t\t\t\t<div class=\"elementor-element elementor-element-0b5310a elementor-widget elementor-widget-spacer\" data-id=\"0b5310a\" data-element_type=\"widget\" data-widget_type=\"spacer.default\">\n\t\t\t\t<div class=\"elementor-widget-container\">\n\t\t\t\t\t<div class=\"elementor-spacer\">\n\t\t\t<div class=\"elementor-spacer-inner\"><\/div>\n\t\t<\/div>\n\t\t\t\t<\/div>\n\t\t\t\t<\/div>\n\t\t\t\t<\/div>\n\t\t\t\t<\/div>\n\t\t<div class=\"elementor-element elementor-element-a991630 e-flex e-con-boxed wpr-particle-no wpr-jarallax-no wpr-parallax-no wpr-sticky-section-no e-con e-parent\" data-id=\"a991630\" data-element_type=\"container\">\n\t\t\t\t\t<div class=\"e-con-inner\">\n\t\t\t\t<div class=\"elementor-element elementor-element-986ee22 elementor-widget elementor-widget-heading\" data-id=\"986ee22\" data-element_type=\"widget\" data-widget_type=\"heading.default\">\n\t\t\t\t<div class=\"elementor-widget-container\">\n\t\t\t<h2 class=\"elementor-heading-title elementor-size-default\">Troncones Alquileres<\/h2>\t\t<\/div>\n\t\t\t\t<\/div>\n\t\t\t\t\t<\/div>\n\t\t\t\t<\/div>\n\t\t<div class=\"elementor-element elementor-element-9033b5e e-flex e-con-boxed wpr-particle-no wpr-jarallax-no wpr-parallax-no wpr-sticky-section-no e-con e-parent\" data-id=\"9033b5e\" data-element_type=\"container\">\n\t\t\t\t\t<div class=\"e-con-inner\">\n\t\t<div class=\"elementor-element elementor-element-336366b e-con-full e-flex wpr-particle-no wpr-jarallax-no wpr-parallax-no wpr-sticky-section-no e-con e-child\" data-id=\"336366b\" data-element_type=\"container\">\n\t\t\t\t<div class=\"elementor-element elementor-element-0fa8275 elementor-widget elementor-widget-heading\" data-id=\"0fa8275\" data-element_type=\"widget\" data-widget_type=\"heading.default\">\n\t\t\t\t<div class=\"elementor-widget-container\">\n\t\t\t<h2 class=\"elementor-heading-title elementor-size-default\">Reserve toda la propiedad o solo una Casita<\/h2>\t\t<\/div>\n\t\t\t\t<\/div>\n\t\t\t\t<div class=\"elementor-element elementor-element-3593c41 elementor-widget elementor-widget-text-editor\" data-id=\"3593c41\" data-element_type=\"widget\" data-widget_type=\"text-editor.default\">\n\t\t\t\t<div class=\"elementor-widget-container\">\n\t\t\t\t\t\t\t<p style=\"text-align: justify;\">Suscr\u00edbete a nuestro bolet\u00edn y s\u00e9 el primero en conocer nuestras promociones de temporada y ofertas especiales.<\/p>\t\t\t\t\t\t<\/div>\n\t\t\t\t<\/div>\n\t\t\t\t<\/div>\n\t\t<div class=\"elementor-element elementor-element-084e261 e-con-full e-flex wpr-particle-no wpr-jarallax-no wpr-parallax-no wpr-sticky-section-no e-con e-child\" data-id=\"084e261\" data-element_type=\"container\">\n\t\t\t\t<div class=\"elementor-element elementor-element-133e6ee elementor-align-center elementor-widget elementor-widget-button\" data-id=\"133e6ee\" data-element_type=\"widget\" data-widget_type=\"button.default\">\n\t\t\t\t<div class=\"elementor-widget-container\">\n\t\t\t\t\t\t\t<div class=\"elementor-button-wrapper\">\n\t\t\t\t\t<a class=\"elementor-button elementor-button-link elementor-size-xs\" href=\"https:\/\/secure.webrez.com\/Bookings105\/activity-edit.html?hotel_id=830&#038;table=hotels&#038;listing_id=830&#038;mode=command&#038;command=bookingrequestform_v2&#038;location_id=125&#038;_ga=2.5170224.266449448.1705970276-233216332.1705970276&#038;_gl=1*pdqei8*_ga*MjMzMjE2MzMyLjE3MDU5NzAyNzY.*_ga_959TL0BXYS*MTcwNjA3NjI3Ni41LjAuMTcwNjA3NjI3Ni42MC4wLjc1NjIyNTcy\" target=\"_blank\">\n\t\t\t\t\t\t<span class=\"elementor-button-content-wrapper\">\n\t\t\t\t\t\t\t\t\t<span class=\"elementor-button-text\">RESERVA<\/span>\n\t\t\t\t\t<\/span>\n\t\t\t\t\t<\/a>\n\t\t\t\t<\/div>\n\t\t\t\t\t\t<\/div>\n\t\t\t\t<\/div>\n\t\t\t\t<\/div>\n\t\t\t\t\t<\/div>\n\t\t\t\t<\/div>\n\t\t<div class=\"elementor-element elementor-element-f414221 e-flex e-con-boxed wpr-particle-no wpr-jarallax-no wpr-parallax-no wpr-sticky-section-no e-con e-parent\" data-id=\"f414221\" data-element_type=\"container\">\n\t\t\t\t\t<div class=\"e-con-inner\">\n\t\t\t\t<div class=\"elementor-element elementor-element-41f4369 elementor-widget elementor-widget-text-editor\" data-id=\"41f4369\" data-element_type=\"widget\" data-widget_type=\"text-editor.default\">\n\t\t\t\t<div class=\"elementor-widget-container\">\n\t\t\t\t\t\t\t<p style=\"text-align: right;\"><em>**Tarifas basadas en ocupaci\u00f3n doble, se aplican cargos por hu\u00e9spedes adicionales<\/em><\/p>\t\t\t\t\t\t<\/div>\n\t\t\t\t<\/div>\n\t\t\t\t<div class=\"elementor-element elementor-element-d9b7eb9 elementor-widget elementor-widget-heading\" data-id=\"d9b7eb9\" data-element_type=\"widget\" data-widget_type=\"heading.default\">\n\t\t\t\t<div class=\"elementor-widget-container\">\n\t\t\t<h2 class=\"elementor-heading-title elementor-size-default\">Tarifa adicional por adulto y por ni\u00f1o en la habitaci\u00f3n.<\/h2>\t\t<\/div>\n\t\t\t\t<\/div>\n\t\t\t\t<div class=\"elementor-element elementor-element-35b45d0 elementor-widget elementor-widget-text-editor\" data-id=\"35b45d0\" data-element_type=\"widget\" data-widget_type=\"text-editor.default\">\n\t\t\t\t<div class=\"elementor-widget-container\">\n\t\t\t\t\t\t\tTemporada de vacaciones - <span style=\"color: #7c8038; font-weight: bold;\">$86 (adulto) y $43 (ni\u00f1o):\u00a0debe reservar todo Casa Viva<\/span>\nTemporada Alta <span style=\"color: #7c8038; font-weight: bold;\">$59 \/ $30\n<\/span>Temporada Baja<span style=\"color: #7c8038; font-weight: bold;\">$46 \/ $23\n<\/span>\n\nNi\u00f1os de 6 a 17 a\u00f1os, ni\u00f1os de 5 a\u00f1os o menos entran gratis.\nAl alquilar toda Casa Viva, se aplican tarifas adicionales por persona para m\u00e1s de 10 personas (adultos o ni\u00f1os) en total.\t\t\t\t\t\t<\/div>\n\t\t\t\t<\/div>\n\t\t\t\t\t<\/div>\n\t\t\t\t<\/div>\n\t\t<div class=\"elementor-element elementor-element-dc61987 e-flex e-con-boxed wpr-particle-no wpr-jarallax-no wpr-parallax-no wpr-sticky-section-no e-con e-parent\" data-id=\"dc61987\" data-element_type=\"container\">\n\t\t\t\t\t<div class=\"e-con-inner\">\n\t\t<div class=\"elementor-element elementor-element-711a8b1 e-con-full e-flex wpr-particle-no wpr-jarallax-no wpr-parallax-no wpr-sticky-section-no e-con e-child\" data-id=\"711a8b1\" data-element_type=\"container\">\n\t\t\t\t<div class=\"elementor-element elementor-element-aacfa8a elementor-widget elementor-widget-heading\" data-id=\"aacfa8a\" data-element_type=\"widget\" data-widget_type=\"heading.default\">\n\t\t\t\t<div class=\"elementor-widget-container\">\n\t\t\t<h2 class=\"elementor-heading-title elementor-size-default\">Temporadas<\/h2>\t\t<\/div>\n\t\t\t\t<\/div>\n\t\t\t\t<div class=\"elementor-element elementor-element-49b32f8 elementor-widget elementor-widget-text-editor\" data-id=\"49b32f8\" data-element_type=\"widget\" data-widget_type=\"text-editor.default\">\n\t\t\t\t<div class=\"elementor-widget-container\">\n\t\t\t\t\t\t\t<p style=\"text-align: justify;\"><span style=\"white-space-collapse: preserve;\">Ahora puede cancelar un pedido cuando est\u00e9 en estado empaquetado\/enviado. Cualquier monto pagado se acreditar\u00e1 en el mismo modo de pago mediante el cual se realiz\u00f3 el pago.<\/span><\/p>\t\t\t\t\t\t<\/div>\n\t\t\t\t<\/div>\n\t\t\t\t<div class=\"elementor-element elementor-element-3a6df65 elementor-widget elementor-widget-heading\" data-id=\"3a6df65\" data-element_type=\"widget\" data-widget_type=\"heading.default\">\n\t\t\t\t<div class=\"elementor-widget-container\">\n\t\t\t<h2 class=\"elementor-heading-title elementor-size-default\">Todos los precios est\u00e1n en USD\u00a0<\/h2>\t\t<\/div>\n\t\t\t\t<\/div>\n\t\t\t\t<div class=\"elementor-element elementor-element-6aa69ce elementor-widget elementor-widget-text-editor\" data-id=\"6aa69ce\" data-element_type=\"widget\" data-widget_type=\"text-editor.default\">\n\t\t\t\t<div class=\"elementor-widget-container\">\n\t\t\t\t\t\t\t<p style=\"text-align: justify;\">Para pagos en pesos mexicanos, haga clic en el enlace para ver la conversi\u00f3n al tipo de cambio actual.\nTodas las tarifas en base a ocupaci\u00f3n doble. Se agregan impuestos (16% IVA\/IVA Fed y 3% de ocupaci\u00f3n local) y 10% de propina a todas las reservaciones. Consulte los detalles sobre tarifas, impuestos y pol\u00edticas a continuaci\u00f3n.<\/p>\t\t\t\t\t\t<\/div>\n\t\t\t\t<\/div>\n\t\t\t\t<div class=\"elementor-element elementor-element-a57566b elementor-widget elementor-widget-heading\" data-id=\"a57566b\" data-element_type=\"widget\" data-widget_type=\"heading.default\">\n\t\t\t\t<div class=\"elementor-widget-container\">\n\t\t\t<h2 class=\"elementor-heading-title elementor-size-default\">Disponibilidad<\/h2>\t\t<\/div>\n\t\t\t\t<\/div>\n\t\t\t\t<div class=\"elementor-element elementor-element-5037f19 elementor-widget elementor-widget-text-editor\" data-id=\"5037f19\" data-element_type=\"widget\" data-widget_type=\"text-editor.default\">\n\t\t\t\t<div class=\"elementor-widget-container\">\n\t\t\t\t\t\t\t<p style=\"text-align: justify;\">El sistema de reservas mantiene todo el inventario de salas en vivo, por lo que si puedes reservarlo, estar\u00e1 disponible. Le recomendamos realizar su reserva utilizando nuestro sistema seguro de reservas online. Haga clic aqu\u00ed para acceder al calendario de disponibilidad para ver las habitaciones disponibles y reservar por fecha.<\/p>\t\t\t\t\t\t<\/div>\n\t\t\t\t<\/div>\n\t\t\t\t<div class=\"elementor-element elementor-element-1e188ef elementor-widget elementor-widget-heading\" data-id=\"1e188ef\" data-element_type=\"widget\" data-widget_type=\"heading.default\">\n\t\t\t\t<div class=\"elementor-widget-container\">\n\t\t\t<h2 class=\"elementor-heading-title elementor-size-default\">Dep\u00f3sito<\/h2>\t\t<\/div>\n\t\t\t\t<\/div>\n\t\t\t\t<div class=\"elementor-element elementor-element-4bb2c3f elementor-widget elementor-widget-text-editor\" data-id=\"4bb2c3f\" data-element_type=\"widget\" data-widget_type=\"text-editor.default\">\n\t\t\t\t<div class=\"elementor-widget-container\">\n\t\t\t\t\t\t\t<p style=\"text-align: justify;\">Cualquier reserva requerir\u00e1 un dep\u00f3sito de seguridad no reembolsable del 20%. El saldo se cargar\u00e1 a su tarjeta 30 d\u00edas antes de la llegada (60 d\u00edas para reservas de vacaciones).<\/p>\t\t\t\t\t\t<\/div>\n\t\t\t\t<\/div>\n\t\t\t\t<div class=\"elementor-element elementor-element-4176b3c elementor-widget elementor-widget-heading\" data-id=\"4176b3c\" data-element_type=\"widget\" data-widget_type=\"heading.default\">\n\t\t\t\t<div class=\"elementor-widget-container\">\n\t\t\t<h2 class=\"elementor-heading-title elementor-size-default\">Pago<\/h2>\t\t<\/div>\n\t\t\t\t<\/div>\n\t\t\t\t<div class=\"elementor-element elementor-element-089218c elementor-widget elementor-widget-text-editor\" data-id=\"089218c\" data-element_type=\"widget\" data-widget_type=\"text-editor.default\">\n\t\t\t\t<div class=\"elementor-widget-container\">\n\t\t\t\t\t\t\t<p style=\"text-align: justify;\">Se aceptan pagos con Visa, Mastercard y AMEX.<\/p><p style=\"text-align: justify;\">Tambi\u00e9n podemos aceptar cheques de cuentas en EE. UU. o Canad\u00e1. Podemos aceptar transferencias bancarias de bancos en M\u00e9xico a nuestra cuenta en M\u00e9xico. Por favor pregunte sobre la informaci\u00f3n de transferencia bancaria.<\/p>\t\t\t\t\t\t<\/div>\n\t\t\t\t<\/div>\n\t\t\t\t<\/div>\n\t\t<div class=\"elementor-element elementor-element-071b7f6 e-con-full e-flex wpr-particle-no wpr-jarallax-no wpr-parallax-no wpr-sticky-section-no e-con e-child\" data-id=\"071b7f6\" data-element_type=\"container\">\n\t\t\t\t<div class=\"elementor-element elementor-element-b4e0813 elementor-widget elementor-widget-heading\" data-id=\"b4e0813\" data-element_type=\"widget\" data-widget_type=\"heading.default\">\n\t\t\t\t<div class=\"elementor-widget-container\">\n\t\t\t<h2 class=\"elementor-heading-title elementor-size-default\">Impuestos<\/h2>\t\t<\/div>\n\t\t\t\t<\/div>\n\t\t\t\t<div class=\"elementor-element elementor-element-5350121 elementor-widget elementor-widget-text-editor\" data-id=\"5350121\" data-element_type=\"widget\" data-widget_type=\"text-editor.default\">\n\t\t\t\t<div class=\"elementor-widget-container\">\n\t\t\t\t\t\t\t<p style=\"text-align: JUSTIFY;\" class=\"translation-block\"><span style=\"color: #7c8038;font-weight: negrita\">Los impuestos NO est\u00e1n incluidos en la tarifa.<\/span> Estos son los impuestos que se cobran por habitaci\u00f3n. 16% IVA (Impuesto Federal al Valor Agregado) y 3% Impuesto de Ocupaci\u00f3n Local.<\/p><p style=\"text-align: JUSTIFY;\" class=\"translation-block\">La hora de <span style=\"color: #7c8038;font-weight: negrita\">check-in<\/span> normalmente es a las 3:00 p.m.<\/p><p style=\"text-align: JUSTIFY;\" class=\"translation-block\">La hora de <span style=\"color: #7c8038;font-weight: negrita\">salida<\/span>\u00a0normalmente es a las 12:00 p.m.<\/p><p style=\"text-align: JUSTIFY;\">Los horarios son flexibles seg\u00fan los horarios de los vuelos y la hora de salida de los hu\u00e9spedes anteriores.<\/p>\t\t\t\t\t\t<\/div>\n\t\t\t\t<\/div>\n\t\t\t\t<div class=\"elementor-element elementor-element-5e53f49 elementor-widget elementor-widget-heading\" data-id=\"5e53f49\" data-element_type=\"widget\" data-widget_type=\"heading.default\">\n\t\t\t\t<div class=\"elementor-widget-container\">\n\t\t\t<h2 class=\"elementor-heading-title elementor-size-default\">Transporte<\/h2>\t\t<\/div>\n\t\t\t\t<\/div>\n\t\t\t\t<div class=\"elementor-element elementor-element-614abda elementor-widget elementor-widget-text-editor\" data-id=\"614abda\" data-element_type=\"widget\" data-widget_type=\"text-editor.default\">\n\t\t\t\t<div class=\"elementor-widget-container\">\n\t\t\t\t\t\t\t<p style=\"text-align: justify;\">Para obtener m\u00e1s informaci\u00f3n sobre el transporte desde el aeropuerto ZIH a Troncones, haga clic en Indicaciones. NO podemos ofrecer un taxi o servicio de recogida ya que los taxis locales del aeropuerto pagan a la autoridad aeroportuaria por el derecho exclusivo que protegen vigorosamente.<\/p>\t\t\t\t\t\t<\/div>\n\t\t\t\t<\/div>\n\t\t\t\t<div class=\"elementor-element elementor-element-4f45542 elementor-widget elementor-widget-heading\" data-id=\"4f45542\" data-element_type=\"widget\" data-widget_type=\"heading.default\">\n\t\t\t\t<div class=\"elementor-widget-container\">\n\t\t\t<h2 class=\"elementor-heading-title elementor-size-default\">Preguntas<\/h2>\t\t<\/div>\n\t\t\t\t<\/div>\n\t\t\t\t<div class=\"elementor-element elementor-element-42b170c elementor-widget elementor-widget-text-editor\" data-id=\"42b170c\" data-element_type=\"widget\" data-widget_type=\"text-editor.default\">\n\t\t\t\t<div class=\"elementor-widget-container\">\n\t\t\t\t\t\t\t<p style=\"text-align: justify;\" class=\"translation-block\">Si tienes alguna pregunta puedes contactarnos en <a href=\"mailto:reservations@playaviva.com\" target=\"_self\"><span style=\"color: #7c8038;font-weight: negrita\">reservations@playaviva .com<\/span><\/a> o visita nuestra p\u00e1gina de preguntas frecuentes.<\/p><p style=\"text-align: justify;\">Prueba tambi\u00e9n nuestra propiedad hermana, Playa Viva, si no hay habitaciones disponibles en Casa Viva Troncones. Playa Viva se encuentra a 1,5 horas en coche de Casa Viva y a 35 minutos al sur del aeropuerto ZIH.<\/p>\t\t\t\t\t\t<\/div>\n\t\t\t\t<\/div>\n\t\t\t\t<div class=\"elementor-element elementor-element-1a1115e elementor-widget elementor-widget-heading\" data-id=\"1a1115e\" data-element_type=\"widget\" data-widget_type=\"heading.default\">\n\t\t\t\t<div class=\"elementor-widget-container\">\n\t\t\t<h2 class=\"elementor-heading-title elementor-size-default\">Cancelaciones<\/h2>\t\t<\/div>\n\t\t\t\t<\/div>\n\t\t\t\t<div class=\"elementor-element elementor-element-39e983b elementor-widget elementor-widget-text-editor\" data-id=\"39e983b\" data-element_type=\"widget\" data-widget_type=\"text-editor.default\">\n\t\t\t\t<div class=\"elementor-widget-container\">\n\t\t\t\t\t\t\t<p style=\"text-align: justify;\">Si cancelas, tu dep\u00f3sito o cualquier fondo recaudado se retendr\u00e1 durante un a\u00f1o a partir de la fecha de la reserva original para usarse en una reserva futura. Se cobrar\u00e1 una tarifa de $100 USD para extender por un a\u00f1o adicional. M\u00e1s sobre nuestras pol\u00edticas aqu\u00ed.<\/p>\t\t\t\t\t\t<\/div>\n\t\t\t\t<\/div>\n\t\t\t\t<\/div>\n\t\t\t\t\t<\/div>\n\t\t\t\t<\/div>\n\t\t\t\t<\/div>","protected":false},"excerpt":{"rendered":"<p>Troncones Rentals Reserve\u00a0the entire property or just one Casita Subscribe to our newsletter and be the first to learn about our seasonal promotions and special deals. BOOK NOW **Rates based on\u00a0double occupancy, fees apply for additional guests Additional fee per adult and per child in room Holiday Season &#8211; $86 (adult) and $43 (child) &#8212;\u00a0Must book all of Casa Viva High Season &#8211; $59 \/ $30 Low Season -$46 \/ $23 Children ages 6-17, Children ages 5 or less are free of charge. When renting All of Casa Viva additional per person fees apply for over 10 persons (adults or children) total. Seasons You can now cancel an order when it is in packed\/shipped status. Any amount paid will be credited into the same payment mode using which the payment was made. All prices in US Dollars\u00a0 For payment in Mexican Pesos, click link to see conversion at\u00a0current rate. All rates based on double occupancy.\u00a0Taxes (16% IVA\/VAT Fed and 3% Local Occupancy) and 10% Tip are added to all reservations. See details on fees, taxes and policies below. Availability Reservation system holds all live room inventory, so if you can book it, it is available. We recommend you book your reservation using our secure online reservation system.\u00a0Click here for the\u00a0Availability Calendar\u00a0to view available rooms and book by date. Deposit Any reservation will require a 20% non-refundable security deposit. Balance will be charged to your card 30-days prior to arrival (60-days for holiday bookings). Payment Visa, Mastercard and AMEX payments accepted. We can also accept checks from accounts in US or Canada. We can accept bank transfers from banks in Mexico to our Mexico account. Please inquire about bank transfer information. Taxes Taxes are NOT included in rate. These are the taxes charged on room. 16% IVA (Federal Value Added Tax) and 3% Local Occupancy Tax. Check-in time\u00a0is normally 3PM. Check-out\u00a0time is normally 12PM. Times are flexible based on flight schedules and departure time of previous guests. Transportation For more information on transportation from ZIH airport to Troncones, click on\u00a0Directions. We can NOT offer a taxi or pick up service as the local airport taxi&#8217;s pay the airport authority for the exclusive right which they protect vigorously. Questions If you have any questions you can contact us at reservations@playaviva.com or visit our FAQs page. Also try our sister property,\u00a0Playa Viva, if room is not available at Casa Viva Troncones. Playa Viva is located 1.5 hour drive from Casa Viva and is located 35-minutes south of the ZIH Airport. Cancellations If you cancel, your deposit or any funds collected will be held for one year from date of original reservation to be used towards a future reservation. A fee of $100 USD will be charged to extend for an additional\u00a0year.\u00a0More on our policies here.<\/p>","protected":false},"author":1,"featured_media":0,"parent":0,"menu_order":0,"comment_status":"closed","ping_status":"closed","template":"elementor_header_footer","meta":{"footnotes":"","_joinchat":[]},"_links":{"self":[{"href":"https:\/\/casavivatroncones.com\/es\/wp-json\/wp\/v2\/pages\/79"}],"collection":[{"href":"https:\/\/casavivatroncones.com\/es\/wp-json\/wp\/v2\/pages"}],"about":[{"href":"https:\/\/casavivatroncones.com\/es\/wp-json\/wp\/v2\/types\/page"}],"author":[{"embeddable":true,"href":"https:\/\/casavivatroncones.com\/es\/wp-json\/wp\/v2\/users\/1"}],"replies":[{"embeddable":true,"href":"https:\/\/casavivatroncones.com\/es\/wp-json\/wp\/v2\/comments?post=79"}],"version-history":[{"count":52,"href":"https:\/\/casavivatroncones.com\/es\/wp-json\/wp\/v2\/pages\/79\/revisions"}],"predecessor-version":[{"id":1318,"href":"https:\/\/casavivatroncones.com\/es\/wp-json\/wp\/v2\/pages\/79\/revisions\/1318"}],"wp:attachment":[{"href":"https:\/\/casavivatroncones.com\/es\/wp-json\/wp\/v2\/media?parent=79"}],"curies":[{"name":"wp","href":"https:\/\/api.w.org\/{rel}","templated":true}]}}